{"id":24359,"date":"2016-01-19T13:35:12","date_gmt":"2016-01-19T12:35:12","guid":{"rendered":"https:\/\/onesmartcontrol.com\/?page_id=24359"},"modified":"2019-08-26T13:54:31","modified_gmt":"2019-08-26T11:54:31","slug":"lichtsteuerung","status":"publish","type":"page","link":"https:\/\/onesmartcontrol.com\/de\/funktionen-hausautomation\/lichtsteuerung\/","title":{"rendered":"licht"},"content":{"rendered":"<p>[vc_row][vc_column][vc_row_inner][vc_column_inner][vc_single_image image=&#8220;4817&#8243; img_size=&#8220;full&#8220; alignment=&#8220;center&#8220;][\/vc_column_inner][\/vc_row_inner][vc_column_text]<\/p>\n<div class=\"title\">\n<h1 class=\"title\"><span class=\"\">Lassen sie ihr haus in licht baden<\/span><\/h1>\n<\/div>\n<p>[\/vc_column_text][\/vc_column][\/vc_row][vc_row][vc_column][vc_column_text]<\/p>\n<p style=\"text-align: center;\"><strong>Das richtige Licht im Haus ist f\u00fcr die Atmosph\u00e4re von entscheidender Bedeutung. ONE Smart Control ist intelligent genug, um Lichtpunkte zu kombinieren. Mit nur einem Tastendruck oder einer Bewegung auf Ihrem Smartphone k\u00f6nnen Sie sofort die gesamte Atmosph\u00e4re Ihres Wohnraums \u00e4ndern. Aber Atmosph\u00e4re ist nicht alles &#8230; Entdecken Sie die M\u00f6glichkeiten!<\/strong><\/p>\n<p>[\/vc_column_text][\/vc_column][\/vc_row][vc_row][vc_column width=&#8220;1\/2&#8243;][vc_column_text]<\/p>\n<h3><img decoding=\"async\" src=\"\/wp-content\/uploads\/2013\/01\/licht.png\" alt=\"\" \/>Dimmen sie die unterschiedlichsten beleuchtungsarten<\/h3>\n<p>Welche Lampen k\u00f6nnen Sie dimmen? Klassische Gl\u00fchbirnen, LED-Beleuchtung, Halogenlampen &#8230; Alles ist m\u00f6glich. ONE Smart Control kann nahezu jeden Lichtpunkt dimmen und in Ihrem Raum eine einzigartige Atmosph\u00e4re schaffen. Besonders toll beim Fernsehen oder wenn Sie ein entspannendes Bad genie\u00dfen m\u00f6chten.[\/vc_column_text][\/vc_column][vc_column width=&#8220;1\/2&#8243;][vc_column_text]<\/p>\n<h3><img decoding=\"async\" src=\"\/wp-content\/uploads\/2013\/01\/licht.png\" alt=\"\" \/>w\u00e4hlen sie ihre eigene atmosph\u00e4re<\/h3>\n<p>Leuchten dimmen, Lichtszenen einstellen und vieles mehr. Mit ONE Smart Control gibt es unendlich viele M\u00f6glichkeiten, um in Ihrem Haus eine perfekte Atmosph\u00e4re zu schaffen. Beim Abendessen m\u00f6chten Sie wahrscheinlich eine andere Beleuchtung als wenn Sie auf dem Sofa ein Buch lesen oder Besuch erwarten. Bedienen Sie s\u00e4mtliche Kombinationen mit nur einem Tastendruck.[\/vc_column_text][\/vc_column][\/vc_row][vc_row][vc_column width=&#8220;1\/2&#8243;][vc_single_image image=&#8220;27841&#8243; img_size=&#8220;full&#8220; alignment=&#8220;center&#8220;][\/vc_column][vc_column width=&#8220;1\/2&#8243;][vc_column_text]<\/p>\n<h3><img decoding=\"async\" src=\"\/wp-content\/uploads\/2013\/01\/licht.png\" alt=\"\" \/>Der letzte macht das licht aus<\/h3>\n<p>Derjenige, der zuletzt das Haus verl\u00e4sst, zieht die T\u00fcr hinter sich zu. Er dr\u00fcckt in der App auf \u201eAbwesend\u201c und alle unn\u00f6tigen Lampen werden ausgeschaltet. Dadurch ersparen Sie sich beim Verlassen der Wohnung eine Runde durch s\u00e4mtliche R\u00e4ume. Au\u00dferdem lassen sich so Energiekosten einsparen.[\/vc_column_text][vc_column_text]<\/p>\n<h3><img decoding=\"async\" src=\"\/wp-content\/uploads\/2013\/01\/licht.png\" alt=\"\" \/>Automatisch licht mit perfektem timing<\/h3>\n<p>Die Sonne geht unter und bevor es ganz dunkel ist, gehen Ihre Lampen allm\u00e4hlich an. Dies ist vor allem dann praktisch, wenn Sie es sich auf dem Sofa bereits bequem gemacht haben. Sie brauchen nicht aufzustehen. Sie stellen die Beleuchtung einfach \u00fcber die Timer der \u201eONE Smart Control\u201c-App ein. Sie k\u00f6nnen auch gleichzeitig automatisch Ihre Vorh\u00e4nge oder Rolll\u00e4den schlie\u00dfen lassen. Praktisch, oder?[\/vc_column_text][vc_column_text]<\/p>\n<h3><img decoding=\"async\" src=\"\/wp-content\/uploads\/2013\/01\/licht.png\" alt=\"\" \/>Licht in der finsternis<\/h3>\n<p>Bringen Sie in Ihrem WC einen Bewegungsmelder an. Das Licht geht von selbst an und geht beim Verlassen des Raums von selbst wieder aus. Praktisch auch im Abstellraum, aber ebenso an der Haust\u00fcr oder in der Garage. So sparen Sie erneut Energie, da die Lampen ausgeschaltet werden.[\/vc_column_text][vc_column_text]<\/p>\n<h3>\u00a0<img decoding=\"async\" src=\"\/wp-content\/uploads\/2013\/01\/licht.png\" alt=\"\" \/>Nutzen sie das sonnenlicht<\/h3>\n<p>In einem Raum mit gro\u00dfen Fenstern sorgt das Tageslicht oft f\u00fcr ausreichend Licht. Der \u201eONE Smart Control\u201c-Sensor misst dann, dass ausreichend Licht vorhanden ist, und dimmt das Kunstlicht. So sparen Sie Energie, ohne sich weiter darum k\u00fcmmern zu m\u00fcssen.[\/vc_column_text][\/vc_column][\/vc_row][vc_row][vc_column width=&#8220;1\/2&#8243;][vc_column_text]<\/p>\n<h3><img decoding=\"async\" src=\"\/wp-content\/uploads\/2013\/01\/licht.png\" alt=\"\" \/>Dimmen sie ihre lampen und sparen sie energie<\/h3>\n<p>Wussten Sie, dass Sie 10 % Energie einsparen k\u00f6nnen, indem Sie Ihre Lampen mit ONE Smart Control 10 % dimmen? Sie sparen Energie, ohne zu bemerken, dass die Lampen weniger stark leuchten. Au\u00dferdem gehen die Lampen dadurch nicht so oft kaputt.[\/vc_column_text][\/vc_column][vc_column width=&#8220;1\/2&#8243;][vc_column_text]<\/p>\n<h3><img decoding=\"async\" src=\"\/wp-content\/uploads\/2013\/01\/licht.png\" alt=\"\" \/>Licht \u00fcber app steuern<\/h3>\n<p>Bei der Entwicklung unserer App legen wir gro\u00dfen Wert auf Benutzerkomfort. Beleuchtungsszenarien und Timer k\u00f6nnen Sie als Benutzer, ohne die Hilfe eines Installateurs, mit der \u201eONE Smart Control\u201c-App schnell und einfach einstellen und speichern.[\/vc_column_text][\/vc_column][\/vc_row][vc_row][vc_column width=&#8220;1\/2&#8243;][vc_column_text]<\/p>\n<h3><img decoding=\"async\" src=\"\/wp-content\/uploads\/2013\/01\/licht.png\" alt=\"\" \/>Bringen sie farbe in ihre wohnung<\/h3>\n<p>Sie lieben Farbe? Blaues Licht f\u00fcr eine Party? Eine warmgelbe Glut f\u00fcr einen Winterabend? Schaffen Sie jederzeit die richtige Stimmung. Das ist beispielsweise mit den Hue-Lampen von Philips m\u00f6glich: Stellen Sie f\u00fcr jede Lampe eine Farbe ein oder arbeiten Sie mit Szenarien. Diese lassen sich ohne Fernbedienung, einfach \u00fcber die \u201eONE Smart Control\u201c-App auf Ihrem Smartphone bedienen.[\/vc_column_text][\/vc_column][vc_column width=&#8220;1\/2&#8243;][vc_column_text]<\/p>\n<h3><img decoding=\"async\" src=\"\/wp-content\/uploads\/2013\/01\/licht.png\" alt=\"\" \/>Licht \u00fcber schalter steuern<\/h3>\n<p>Die Bedienung \u00fcber Wandschalter ist ebenfalls weiterhin m\u00f6glich. Ist f\u00fcr Sie oder Ihre Besucher die Bedienung mit einem klassischen Schalter praktischer? Mit ONE Smart Control k\u00f6nnen Sie die gesamte Lichtsteuerung und die Aktivierung der Lichtszenen auch \u00fcber Wandschalter vornehmen. Vertraut und praktisch.[\/vc_column_text][\/vc_column][\/vc_row][vc_row][vc_column][vc_column_text]<\/p>\n<blockquote><p>Die Nutzung und Installation des Systems ist ein Kinderspiel<\/p><\/blockquote>\n<p>[\/vc_column_text][\/vc_column][\/vc_row][vc_row][vc_column width=&#8220;1\/2&#8243;][vc_column_text]<\/p>\n<h3><img decoding=\"async\" src=\"\/wp-content\/uploads\/2013\/01\/licht.png\" alt=\"\" \/>Auch ihre besucher k\u00f6nnen lampen bedienen<\/h3>\n<p>Sie wissen, wie Ihre Anlage funktioniert. Aber auch die anderen m\u00fcssen sie bedienen k\u00f6nnen. F\u00fcr den Babysitter, die Putzfrau und die Kinder bleibt alles beim Alten. Diese bedienen weiterhin die Schalter wie bei einer herk\u00f6mmlichen Installation.[\/vc_column_text][\/vc_column][vc_column width=&#8220;1\/2&#8243;][vc_column_text]<\/p>\n<h3><img decoding=\"async\" src=\"\/wp-content\/uploads\/2013\/01\/licht.png\" alt=\"\" \/>Das design ihrer lichtschalter<\/h3>\n<p>Der Vorteil von ONE Smart Control besteht darin, dass Sie in Sachen Design v\u00f6llig frei sind, da Sie unabh\u00e4ngig vom Hersteller alle handels\u00fcblichen Schalter verwenden k\u00f6nnen. Sie richten sich lediglich nach Ihrem pers\u00f6nlichen Geschmack und Budget.[\/vc_column_text][\/vc_column][\/vc_row][vc_row][vc_column width=&#8220;1\/2&#8243;][vc_column_text]<\/p>\n<h3><img decoding=\"async\" src=\"\/wp-content\/uploads\/2013\/01\/licht.png\" alt=\"\" \/>Lassen sie das licht nicht unn\u00f6tig brennen<\/h3>\n<p>Das Licht im Bad, in den Kinderzimmern und im Flur ist noch an? Dr\u00fccken Sie einmal den Schalter und schalten Sie alle Lampen aus. Sie k\u00f6nnen sich auch jederzeit den Energieverbrauch pro Raum anzeigen lassen und, falls erforderlich, entsprechend eingreifen.[\/vc_column_text][\/vc_column][vc_column width=&#8220;1\/2&#8243;][vc_column_text]<\/p>\n<h3><img decoding=\"async\" src=\"\/wp-content\/uploads\/2013\/01\/licht.png\" alt=\"\" \/>Keine panik!<\/h3>\n<p>Sie h\u00f6ren nachts verd\u00e4chtige Ger\u00e4usche im Garten? Dr\u00fccken Sie den Panikschalter und schalten Sie alle Lampen im Haus oder im Garten ein. Damit schlagen Sie unerw\u00fcnschte Besucher garantiert in die Flucht![\/vc_column_text][\/vc_column][\/vc_row][vc_row][vc_column width=&#8220;1\/2&#8243;][vc_column_text]<\/p>\n<h3><img decoding=\"async\" src=\"\/wp-content\/uploads\/2013\/01\/licht.png\" alt=\"\" \/>Dr\u00fccken sie 1-, 2-, 3-mal<\/h3>\n<p>Schaffen Sie beim Abendessen mit gedimmten Lampen eine gem\u00fctliche Atmosph\u00e4re. Ein weiteres Beleuchtungsszenario mit viel Licht \u00fcber Ihrer Kochinsel zum Kochen, ein Szenario mit der Leselampe auf volle Leistung zum Lesen. Sie k\u00f6nnen diese Szenarien mit Ihrem Smartphone, Tablet usw. aufrufen, oder aber einfach \u00fcber Ihre Schalter oder Drucktaster. Beispiel: 1x dr\u00fccken: Abendessen, 2 x dr\u00fccken: Kochen, 3 x dr\u00fccken: Lesen.[\/vc_column_text][\/vc_column][vc_column width=&#8220;1\/2&#8243;][vc_column_text]<\/p>\n<h3><img decoding=\"async\" src=\"\/wp-content\/uploads\/2013\/01\/licht.png\" alt=\"\" \/>\u00a0Beleuchten sie auch ihren garten!<\/h3>\n<p>Das funktioniert eigentlich genauso wie im Haus. Sie k\u00f6nnen die Fassaden- und Gartenbeleuchtung programmieren, um diese zu einem bestimmten Zeitpunkt ein- oder auszuschalten. Dar\u00fcber hinaus k\u00f6nnen Sie auch hier Beleuchtungsszenarien programmieren. Es gibt unendlich viele M\u00f6glichkeiten. Ein beleuchteter Garten und eine beleuchtete Fassade halten Diebe fern, selbst dann, wenn Sie im Urlaub sind. Praktisch. Auf diese Weise sieht es so aus, als ob jemand zuhause w\u00e4re.[\/vc_column_text][\/vc_column][\/vc_row]<\/p>\n","protected":false},"excerpt":{"rendered":"<p>[vc_row][vc_column][vc_row_inner][vc_column_inner][vc_single_image image=&#8220;4817&#8243; img_size=&#8220;full&#8220; alignment=&#8220;center&#8220;][\/vc_column_inner][\/vc_row_inner][vc_column_text] Lassen sie ihr haus in licht baden [\/vc_column_text][\/vc_column][\/vc_row][vc_row][vc_column][vc_column_text] Das richtige Licht im Haus ist f\u00fcr die Atmosph\u00e4re von entscheidender Bedeutung. ONE Smart Control ist intelligent genug, um Lichtpunkte zu kombinieren. Mit nur einem Tastendruck oder einer Bewegung auf Ihrem Smartphone k\u00f6nnen Sie sofort die gesamte Atmosph\u00e4re Ihres Wohnraums \u00e4ndern. Aber Atmosph\u00e4re&#8230;<\/p>\n","protected":false},"author":28,"featured_media":0,"parent":24346,"menu_order":1,"comment_status":"closed","ping_status":"closed","template":"","meta":{"_acf_changed":false,"_monsterinsights_skip_tracking":false,"_monsterinsights_sitenote_active":false,"_monsterinsights_sitenote_note":"","_monsterinsights_sitenote_category":0,"footnotes":""},"class_list":["post-24359","page","type-page","status-publish","hentry"],"acf":[],"yoast_head":"<!-- This site is optimized with the Yoast SEO plugin v27.3 - https:\/\/yoast.com\/product\/yoast-seo-wordpress\/ -->\n<title>Tauchen Sie Ihr Haus mittels Hausautomation in ein stimmungsvolles Licht.<\/title>\n<meta name=\"description\" content=\"Hausautomation gew\u00e4hrleistet, dass Sie mit nur einer Bewegung alle Lampen einschalten oder dimmen k\u00f6nnen. Dank One Hausautomation spielen Sie buchst\u00e4blich mit dem Licht im Haus!\" \/>\n<meta name=\"robots\" content=\"index, follow, max-snippet:-1, max-image-preview:large, max-video-preview:-1\" \/>\n<link rel=\"canonical\" href=\"https:\/\/onesmartcontrol.com\/de\/funktionen-hausautomation\/lichtsteuerung\/\" \/>\n<meta property=\"og:locale\" content=\"de_DE\" \/>\n<meta property=\"og:type\" content=\"article\" \/>\n<meta property=\"og:title\" content=\"Tauchen Sie Ihr Haus mittels Hausautomation in ein stimmungsvolles Licht.\" \/>\n<meta property=\"og:description\" content=\"Hausautomation gew\u00e4hrleistet, dass Sie mit nur einer Bewegung alle Lampen einschalten oder dimmen k\u00f6nnen. Dank One Hausautomation spielen Sie buchst\u00e4blich mit dem Licht im Haus!\" \/>\n<meta property=\"og:url\" content=\"https:\/\/onesmartcontrol.com\/de\/funktionen-hausautomation\/lichtsteuerung\/\" \/>\n<meta property=\"og:site_name\" content=\"- ONE smart control\" \/>\n<meta property=\"article:modified_time\" content=\"2019-08-26T11:54:31+00:00\" \/>\n<meta name=\"twitter:label1\" content=\"Gesch\u00e4tzte Lesezeit\" \/>\n\t<meta name=\"twitter:data1\" content=\"6\u00a0Minuten\" \/>\n<script type=\"application\/ld+json\" class=\"yoast-schema-graph\">{\"@context\":\"https:\\\/\\\/schema.org\",\"@graph\":[{\"@type\":\"WebPage\",\"@id\":\"https:\\\/\\\/onesmartcontrol.com\\\/de\\\/funktionen-hausautomation\\\/lichtsteuerung\\\/\",\"url\":\"https:\\\/\\\/onesmartcontrol.com\\\/de\\\/funktionen-hausautomation\\\/lichtsteuerung\\\/\",\"name\":\"Tauchen Sie Ihr Haus mittels Hausautomation in ein stimmungsvolles Licht.\",\"isPartOf\":{\"@id\":\"https:\\\/\\\/onesmartcontrol.com\\\/#website\"},\"datePublished\":\"2016-01-19T12:35:12+00:00\",\"dateModified\":\"2019-08-26T11:54:31+00:00\",\"description\":\"Hausautomation gew\u00e4hrleistet, dass Sie mit nur einer Bewegung alle Lampen einschalten oder dimmen k\u00f6nnen. Dank One Hausautomation spielen Sie buchst\u00e4blich mit dem Licht im Haus!\",\"breadcrumb\":{\"@id\":\"https:\\\/\\\/onesmartcontrol.com\\\/de\\\/funktionen-hausautomation\\\/lichtsteuerung\\\/#breadcrumb\"},\"inLanguage\":\"de\",\"potentialAction\":[{\"@type\":\"ReadAction\",\"target\":[\"https:\\\/\\\/onesmartcontrol.com\\\/de\\\/funktionen-hausautomation\\\/lichtsteuerung\\\/\"]}]},{\"@type\":\"BreadcrumbList\",\"@id\":\"https:\\\/\\\/onesmartcontrol.com\\\/de\\\/funktionen-hausautomation\\\/lichtsteuerung\\\/#breadcrumb\",\"itemListElement\":[{\"@type\":\"ListItem\",\"position\":1,\"name\":\"Home\",\"item\":\"https:\\\/\\\/onesmartcontrol.com\\\/de\\\/\"},{\"@type\":\"ListItem\",\"position\":2,\"name\":\"funktionen\",\"item\":\"https:\\\/\\\/onesmartcontrol.com\\\/de\\\/funktionen-hausautomation\\\/\"},{\"@type\":\"ListItem\",\"position\":3,\"name\":\"licht\"}]},{\"@type\":\"WebSite\",\"@id\":\"https:\\\/\\\/onesmartcontrol.com\\\/#website\",\"url\":\"https:\\\/\\\/onesmartcontrol.com\\\/\",\"name\":\"- ONE smart control\",\"description\":\"\",\"potentialAction\":[{\"@type\":\"SearchAction\",\"target\":{\"@type\":\"EntryPoint\",\"urlTemplate\":\"https:\\\/\\\/onesmartcontrol.com\\\/?s={search_term_string}\"},\"query-input\":{\"@type\":\"PropertyValueSpecification\",\"valueRequired\":true,\"valueName\":\"search_term_string\"}}],\"inLanguage\":\"de\"}]}<\/script>\n<!-- \/ Yoast SEO plugin. -->","yoast_head_json":{"title":"Tauchen Sie Ihr Haus mittels Hausautomation in ein stimmungsvolles Licht.","description":"Hausautomation gew\u00e4hrleistet, dass Sie mit nur einer Bewegung alle Lampen einschalten oder dimmen k\u00f6nnen. Dank One Hausautomation spielen Sie buchst\u00e4blich mit dem Licht im Haus!","robots":{"index":"index","follow":"follow","max-snippet":"max-snippet:-1","max-image-preview":"max-image-preview:large","max-video-preview":"max-video-preview:-1"},"canonical":"https:\/\/onesmartcontrol.com\/de\/funktionen-hausautomation\/lichtsteuerung\/","og_locale":"de_DE","og_type":"article","og_title":"Tauchen Sie Ihr Haus mittels Hausautomation in ein stimmungsvolles Licht.","og_description":"Hausautomation gew\u00e4hrleistet, dass Sie mit nur einer Bewegung alle Lampen einschalten oder dimmen k\u00f6nnen. Dank One Hausautomation spielen Sie buchst\u00e4blich mit dem Licht im Haus!","og_url":"https:\/\/onesmartcontrol.com\/de\/funktionen-hausautomation\/lichtsteuerung\/","og_site_name":"- ONE smart control","article_modified_time":"2019-08-26T11:54:31+00:00","twitter_misc":{"Gesch\u00e4tzte Lesezeit":"6\u00a0Minuten"},"schema":{"@context":"https:\/\/schema.org","@graph":[{"@type":"WebPage","@id":"https:\/\/onesmartcontrol.com\/de\/funktionen-hausautomation\/lichtsteuerung\/","url":"https:\/\/onesmartcontrol.com\/de\/funktionen-hausautomation\/lichtsteuerung\/","name":"Tauchen Sie Ihr Haus mittels Hausautomation in ein stimmungsvolles Licht.","isPartOf":{"@id":"https:\/\/onesmartcontrol.com\/#website"},"datePublished":"2016-01-19T12:35:12+00:00","dateModified":"2019-08-26T11:54:31+00:00","description":"Hausautomation gew\u00e4hrleistet, dass Sie mit nur einer Bewegung alle Lampen einschalten oder dimmen k\u00f6nnen. Dank One Hausautomation spielen Sie buchst\u00e4blich mit dem Licht im Haus!","breadcrumb":{"@id":"https:\/\/onesmartcontrol.com\/de\/funktionen-hausautomation\/lichtsteuerung\/#breadcrumb"},"inLanguage":"de","potentialAction":[{"@type":"ReadAction","target":["https:\/\/onesmartcontrol.com\/de\/funktionen-hausautomation\/lichtsteuerung\/"]}]},{"@type":"BreadcrumbList","@id":"https:\/\/onesmartcontrol.com\/de\/funktionen-hausautomation\/lichtsteuerung\/#breadcrumb","itemListElement":[{"@type":"ListItem","position":1,"name":"Home","item":"https:\/\/onesmartcontrol.com\/de\/"},{"@type":"ListItem","position":2,"name":"funktionen","item":"https:\/\/onesmartcontrol.com\/de\/funktionen-hausautomation\/"},{"@type":"ListItem","position":3,"name":"licht"}]},{"@type":"WebSite","@id":"https:\/\/onesmartcontrol.com\/#website","url":"https:\/\/onesmartcontrol.com\/","name":"- ONE smart control","description":"","potentialAction":[{"@type":"SearchAction","target":{"@type":"EntryPoint","urlTemplate":"https:\/\/onesmartcontrol.com\/?s={search_term_string}"},"query-input":{"@type":"PropertyValueSpecification","valueRequired":true,"valueName":"search_term_string"}}],"inLanguage":"de"}]}},"_links":{"self":[{"href":"https:\/\/onesmartcontrol.com\/de\/wp-json\/wp\/v2\/pages\/24359","targetHints":{"allow":["GET"]}}],"collection":[{"href":"https:\/\/onesmartcontrol.com\/de\/wp-json\/wp\/v2\/pages"}],"about":[{"href":"https:\/\/onesmartcontrol.com\/de\/wp-json\/wp\/v2\/types\/page"}],"author":[{"embeddable":true,"href":"https:\/\/onesmartcontrol.com\/de\/wp-json\/wp\/v2\/users\/28"}],"replies":[{"embeddable":true,"href":"https:\/\/onesmartcontrol.com\/de\/wp-json\/wp\/v2\/comments?post=24359"}],"version-history":[{"count":1,"href":"https:\/\/onesmartcontrol.com\/de\/wp-json\/wp\/v2\/pages\/24359\/revisions"}],"predecessor-version":[{"id":27896,"href":"https:\/\/onesmartcontrol.com\/de\/wp-json\/wp\/v2\/pages\/24359\/revisions\/27896"}],"up":[{"embeddable":true,"href":"https:\/\/onesmartcontrol.com\/de\/wp-json\/wp\/v2\/pages\/24346"}],"wp:attachment":[{"href":"https:\/\/onesmartcontrol.com\/de\/wp-json\/wp\/v2\/media?parent=24359"}],"curies":[{"name":"wp","href":"https:\/\/api.w.org\/{rel}","templated":true}]}}