{"id":24386,"date":"2016-01-19T15:01:32","date_gmt":"2016-01-19T14:01:32","guid":{"rendered":"https:\/\/onesmartcontrol.com\/?page_id=24386"},"modified":"2019-08-26T13:55:43","modified_gmt":"2019-08-26T11:55:43","slug":"verdunkelung","status":"publish","type":"page","link":"https:\/\/onesmartcontrol.com\/de\/funktionen-hausautomation\/verdunkelung\/","title":{"rendered":"Verdunkelung"},"content":{"rendered":"<p>[vc_row][vc_column][vc_single_image image=&#8220;4822&#8243; img_size=&#8220;full&#8220; alignment=&#8220;center&#8220;][\/vc_column][\/vc_row][vc_row][vc_column][vc_column_text]<\/p>\n<h1 class=\"title\"><span class=\"\">Holen sie die sonne herein (oder lassen sie sie draussen)<\/span><\/h1>\n<p>[\/vc_column_text][\/vc_column][\/vc_row][vc_row][vc_column][vc_column_text]<\/p>\n<p style=\"text-align: center;\"><strong>Halten Sie die Wohnung im Sommer k\u00fchl und sparen Sie im Winter Energie! Aber wie lassen sich der automatische Sonnenschutz oder die Verdunkelung optimal nutzen? Mit One Smart Control k\u00f6nnen Sie Ihre Markise oder Ihre Rolll\u00e4den individuell oder gruppenweise steuern. Sie k\u00f6nnen diese auf den Stand der Sonne abstimmen oder sogar die Beleuchtung an die Intensit\u00e4t des Lichteinfalls anpassen.<\/strong><\/p>\n<p>[\/vc_column_text][\/vc_column][\/vc_row][vc_row][vc_column width=&#8220;1\/2&#8243;][vc_column_text]<\/p>\n<h3><img decoding=\"async\" src=\"\/wp-content\/uploads\/2013\/01\/Verduistering.png\" alt=\"\" \/> Fernbedienung &#8211; \u00fcber tablet oder smartphone<\/h3>\n<p>Unmittelbar nachdem Sie im B\u00fcro angekommen sind, setzt ein heftiger Hagelschauer ein. Oder der Himmel rei\u00dft auf und die intensive Sommersonne droht, Ihr Wohnzimmer in eine Sauna zu verwandeln. Kein Problem: Mit Ihrem Smartphone lassen Sie einfach per Fernzugriff die Rolll\u00e4den herunter.[\/vc_column_text][\/vc_column][vc_column width=&#8220;1\/2&#8243;][vc_column_text]<\/p>\n<h3><img decoding=\"async\" src=\"\/wp-content\/uploads\/2013\/01\/Verduistering.png\" alt=\"\" \/> Nutzen sie die energie des sonnenlichts<\/h3>\n<p>An einem sch\u00f6nen Tag f\u00e4llt nicht nur helles Licht in Ihr Wohnzimmer \u2013 Sie k\u00f6nnen auch die Heizung ein Grad niedriger einstellen. Oder Sie \u00fcberlassen die Entscheidung ONE Smart Control. Dank des intelligenten Komfortsensors werden die Rolll\u00e4den ge\u00f6ffnet oder geschlossen und die Heizung entsprechend geregelt, sodass die Temperatur im Raum immer angenehm ist.[\/vc_column_text][\/vc_column][\/vc_row][vc_row][vc_column width=&#8220;1\/2&#8243;][vc_single_image image=&#8220;27859&#8243; img_size=&#8220;full&#8220; alignment=&#8220;center&#8220;][vc_row_inner][vc_column_inner][vc_column_text]<\/p>\n<h3><img decoding=\"async\" src=\"\/wp-content\/uploads\/2013\/01\/Verduistering.png\" alt=\"\" \/> Im einklang mit ihrem rhytmus<\/h3>\n<p>Wenn Sie schlafen gehen, m\u00f6chten Sie alle Rolll\u00e4den gleichzeitig herunterlassen? Oder eine separate Verdunkelung bedienen, w\u00e4hrend Sie im B\u00fcro arbeiten? Das ist m\u00f6glich. Sie programmieren die Verdunkelung einfach so, wie es f\u00fcr Sie am praktischsten ist.[\/vc_column_text][\/vc_column_inner][\/vc_row_inner][\/vc_column][vc_column width=&#8220;1\/2&#8243;][vc_column_text]<\/p>\n<h3><img decoding=\"async\" src=\"\/wp-content\/uploads\/2013\/01\/Verduistering.png\" alt=\"\" \/> Sonne, wind, regen?<\/h3>\n<p>Die Wettervorhersagen sind nicht immer zuverl\u00e4ssig. Dennoch m\u00f6chten Sie Ihr Haus vor Hitze-, Wind- und Regensch\u00e4den sch\u00fctzen. ONE Smart Control sendet Ihnen eine Warnung, wenn \u00fcber Ihrem Haus ein Sturm aufzuziehen droht. Sie k\u00f6nnen dann die notwendigen Ma\u00dfnahmen ergreifen.[\/vc_column_text][vc_column_text]<\/p>\n<blockquote><p>Sie k\u00f6nnen Ihre Rolll\u00e4den mit einigen Klicks auf den Rhythmus der Sonne abstimmen<\/p><\/blockquote>\n<p>[\/vc_column_text][vc_column_text]<\/p>\n<h3><img decoding=\"async\" src=\"\/wp-content\/uploads\/2013\/01\/Verduistering.png\" alt=\"\" \/> Bedienung mit schaltern<\/h3>\n<p>Nichts ist so sch\u00f6n wie ein Sonnenaufgang. Aber sobald die grellen Sonnenstrahlen auf Ihren Computermonitor fallen, lassen Sie die Rolll\u00e4den lieber ein St\u00fcck herunter. Mit \u201eONE Smart Control\u201c- Hausautomation k\u00f6nnen Sie Ihre Markise, Ihre Jalousien oder Rolll\u00e4den mit nur einem Tastendruck steuern.[\/vc_column_text][vc_column_text]<\/p>\n<h3><img decoding=\"async\" src=\"\/wp-content\/uploads\/2013\/01\/Verduistering.png\" alt=\"\" \/>\u00a0Alles-in-1-funktion<\/h3>\n<p>In nur wenigen Minuten l\u00e4sst sich eine solche Funktion in Ihrer App programmieren. Mit dem Sleep-Modus kann man nicht nur im gesamten Haus das Licht ausschalten. Sie k\u00f6nnen neben zahlreichen anderen Funktionen auch Ihre Markise einfahren, um diese vor Wind und Wetter zu sch\u00fctzen. Mit nur einem Tastendruck.[\/vc_column_text][\/vc_column][\/vc_row]<\/p>\n","protected":false},"excerpt":{"rendered":"<p>[vc_row][vc_column][vc_single_image image=&#8220;4822&#8243; img_size=&#8220;full&#8220; alignment=&#8220;center&#8220;][\/vc_column][\/vc_row][vc_row][vc_column][vc_column_text] Holen sie die sonne herein (oder lassen sie sie draussen) [\/vc_column_text][\/vc_column][\/vc_row][vc_row][vc_column][vc_column_text] Halten Sie die Wohnung im Sommer k\u00fchl und sparen Sie im Winter Energie! Aber wie lassen sich der automatische Sonnenschutz oder die Verdunkelung optimal nutzen? Mit One Smart Control k\u00f6nnen Sie Ihre Markise oder Ihre Rolll\u00e4den individuell oder gruppenweise steuern&#8230;.<\/p>\n","protected":false},"author":28,"featured_media":0,"parent":24346,"menu_order":3,"comment_status":"closed","ping_status":"closed","template":"","meta":{"_acf_changed":false,"_monsterinsights_skip_tracking":false,"_monsterinsights_sitenote_active":false,"_monsterinsights_sitenote_note":"","_monsterinsights_sitenote_category":0,"footnotes":""},"class_list":["post-24386","page","type-page","status-publish","hentry"],"acf":[],"yoast_head":"<!-- This site is optimized with the Yoast SEO plugin v27.5 - https:\/\/yoast.com\/product\/yoast-seo-wordpress\/ -->\n<title>Holen Sie mit Hausautomation die Sonne herein (oder lassen Sie sie drau\u00dfen)<\/title>\n<meta name=\"description\" content=\"ONE Hausautomation sorgt daf\u00fcr, dass Sie mit Ihrem Tablet oder Smartphone per Fernzugriff Ihre elektrischen Rolll\u00e4den oder Ihre Markise bedienen k\u00f6nnen.\" \/>\n<meta name=\"robots\" content=\"index, follow, max-snippet:-1, max-image-preview:large, max-video-preview:-1\" \/>\n<link rel=\"canonical\" href=\"https:\/\/onesmartcontrol.com\/de\/funktionen-hausautomation\/verdunkelung\/\" \/>\n<meta property=\"og:locale\" content=\"de_DE\" \/>\n<meta property=\"og:type\" content=\"article\" \/>\n<meta property=\"og:title\" content=\"Holen Sie mit Hausautomation die Sonne herein (oder lassen Sie sie drau\u00dfen)\" \/>\n<meta property=\"og:description\" content=\"ONE Hausautomation sorgt daf\u00fcr, dass Sie mit Ihrem Tablet oder Smartphone per Fernzugriff Ihre elektrischen Rolll\u00e4den oder Ihre Markise bedienen k\u00f6nnen.\" \/>\n<meta property=\"og:url\" content=\"https:\/\/onesmartcontrol.com\/de\/funktionen-hausautomation\/verdunkelung\/\" \/>\n<meta property=\"og:site_name\" content=\"- ONE smart control\" \/>\n<meta property=\"article:modified_time\" content=\"2019-08-26T11:55:43+00:00\" \/>\n<meta name=\"twitter:label1\" content=\"Gesch\u00e4tzte Lesezeit\" \/>\n\t<meta name=\"twitter:data1\" content=\"3\u00a0Minuten\" \/>\n<script type=\"application\/ld+json\" class=\"yoast-schema-graph\">{\"@context\":\"https:\\\/\\\/schema.org\",\"@graph\":[{\"@type\":\"WebPage\",\"@id\":\"https:\\\/\\\/onesmartcontrol.com\\\/de\\\/funktionen-hausautomation\\\/verdunkelung\\\/\",\"url\":\"https:\\\/\\\/onesmartcontrol.com\\\/de\\\/funktionen-hausautomation\\\/verdunkelung\\\/\",\"name\":\"Holen Sie mit Hausautomation die Sonne herein (oder lassen Sie sie drau\u00dfen)\",\"isPartOf\":{\"@id\":\"https:\\\/\\\/onesmartcontrol.com\\\/#website\"},\"datePublished\":\"2016-01-19T14:01:32+00:00\",\"dateModified\":\"2019-08-26T11:55:43+00:00\",\"description\":\"ONE Hausautomation sorgt daf\u00fcr, dass Sie mit Ihrem Tablet oder Smartphone per Fernzugriff Ihre elektrischen Rolll\u00e4den oder Ihre Markise bedienen k\u00f6nnen.\",\"breadcrumb\":{\"@id\":\"https:\\\/\\\/onesmartcontrol.com\\\/de\\\/funktionen-hausautomation\\\/verdunkelung\\\/#breadcrumb\"},\"inLanguage\":\"de\",\"potentialAction\":[{\"@type\":\"ReadAction\",\"target\":[\"https:\\\/\\\/onesmartcontrol.com\\\/de\\\/funktionen-hausautomation\\\/verdunkelung\\\/\"]}]},{\"@type\":\"BreadcrumbList\",\"@id\":\"https:\\\/\\\/onesmartcontrol.com\\\/de\\\/funktionen-hausautomation\\\/verdunkelung\\\/#breadcrumb\",\"itemListElement\":[{\"@type\":\"ListItem\",\"position\":1,\"name\":\"Home\",\"item\":\"https:\\\/\\\/onesmartcontrol.com\\\/de\\\/\"},{\"@type\":\"ListItem\",\"position\":2,\"name\":\"funktionen\",\"item\":\"https:\\\/\\\/onesmartcontrol.com\\\/de\\\/funktionen-hausautomation\\\/\"},{\"@type\":\"ListItem\",\"position\":3,\"name\":\"Verdunkelung\"}]},{\"@type\":\"WebSite\",\"@id\":\"https:\\\/\\\/onesmartcontrol.com\\\/#website\",\"url\":\"https:\\\/\\\/onesmartcontrol.com\\\/\",\"name\":\"- ONE smart control\",\"description\":\"\",\"potentialAction\":[{\"@type\":\"SearchAction\",\"target\":{\"@type\":\"EntryPoint\",\"urlTemplate\":\"https:\\\/\\\/onesmartcontrol.com\\\/?s={search_term_string}\"},\"query-input\":{\"@type\":\"PropertyValueSpecification\",\"valueRequired\":true,\"valueName\":\"search_term_string\"}}],\"inLanguage\":\"de\"}]}<\/script>\n<!-- \/ Yoast SEO plugin. -->","yoast_head_json":{"title":"Holen Sie mit Hausautomation die Sonne herein (oder lassen Sie sie drau\u00dfen)","description":"ONE Hausautomation sorgt daf\u00fcr, dass Sie mit Ihrem Tablet oder Smartphone per Fernzugriff Ihre elektrischen Rolll\u00e4den oder Ihre Markise bedienen k\u00f6nnen.","robots":{"index":"index","follow":"follow","max-snippet":"max-snippet:-1","max-image-preview":"max-image-preview:large","max-video-preview":"max-video-preview:-1"},"canonical":"https:\/\/onesmartcontrol.com\/de\/funktionen-hausautomation\/verdunkelung\/","og_locale":"de_DE","og_type":"article","og_title":"Holen Sie mit Hausautomation die Sonne herein (oder lassen Sie sie drau\u00dfen)","og_description":"ONE Hausautomation sorgt daf\u00fcr, dass Sie mit Ihrem Tablet oder Smartphone per Fernzugriff Ihre elektrischen Rolll\u00e4den oder Ihre Markise bedienen k\u00f6nnen.","og_url":"https:\/\/onesmartcontrol.com\/de\/funktionen-hausautomation\/verdunkelung\/","og_site_name":"- ONE smart control","article_modified_time":"2019-08-26T11:55:43+00:00","twitter_misc":{"Gesch\u00e4tzte Lesezeit":"3\u00a0Minuten"},"schema":{"@context":"https:\/\/schema.org","@graph":[{"@type":"WebPage","@id":"https:\/\/onesmartcontrol.com\/de\/funktionen-hausautomation\/verdunkelung\/","url":"https:\/\/onesmartcontrol.com\/de\/funktionen-hausautomation\/verdunkelung\/","name":"Holen Sie mit Hausautomation die Sonne herein (oder lassen Sie sie drau\u00dfen)","isPartOf":{"@id":"https:\/\/onesmartcontrol.com\/#website"},"datePublished":"2016-01-19T14:01:32+00:00","dateModified":"2019-08-26T11:55:43+00:00","description":"ONE Hausautomation sorgt daf\u00fcr, dass Sie mit Ihrem Tablet oder Smartphone per Fernzugriff Ihre elektrischen Rolll\u00e4den oder Ihre Markise bedienen k\u00f6nnen.","breadcrumb":{"@id":"https:\/\/onesmartcontrol.com\/de\/funktionen-hausautomation\/verdunkelung\/#breadcrumb"},"inLanguage":"de","potentialAction":[{"@type":"ReadAction","target":["https:\/\/onesmartcontrol.com\/de\/funktionen-hausautomation\/verdunkelung\/"]}]},{"@type":"BreadcrumbList","@id":"https:\/\/onesmartcontrol.com\/de\/funktionen-hausautomation\/verdunkelung\/#breadcrumb","itemListElement":[{"@type":"ListItem","position":1,"name":"Home","item":"https:\/\/onesmartcontrol.com\/de\/"},{"@type":"ListItem","position":2,"name":"funktionen","item":"https:\/\/onesmartcontrol.com\/de\/funktionen-hausautomation\/"},{"@type":"ListItem","position":3,"name":"Verdunkelung"}]},{"@type":"WebSite","@id":"https:\/\/onesmartcontrol.com\/#website","url":"https:\/\/onesmartcontrol.com\/","name":"- ONE smart control","description":"","potentialAction":[{"@type":"SearchAction","target":{"@type":"EntryPoint","urlTemplate":"https:\/\/onesmartcontrol.com\/?s={search_term_string}"},"query-input":{"@type":"PropertyValueSpecification","valueRequired":true,"valueName":"search_term_string"}}],"inLanguage":"de"}]}},"_links":{"self":[{"href":"https:\/\/onesmartcontrol.com\/de\/wp-json\/wp\/v2\/pages\/24386","targetHints":{"allow":["GET"]}}],"collection":[{"href":"https:\/\/onesmartcontrol.com\/de\/wp-json\/wp\/v2\/pages"}],"about":[{"href":"https:\/\/onesmartcontrol.com\/de\/wp-json\/wp\/v2\/types\/page"}],"author":[{"embeddable":true,"href":"https:\/\/onesmartcontrol.com\/de\/wp-json\/wp\/v2\/users\/28"}],"replies":[{"embeddable":true,"href":"https:\/\/onesmartcontrol.com\/de\/wp-json\/wp\/v2\/comments?post=24386"}],"version-history":[{"count":1,"href":"https:\/\/onesmartcontrol.com\/de\/wp-json\/wp\/v2\/pages\/24386\/revisions"}],"predecessor-version":[{"id":27898,"href":"https:\/\/onesmartcontrol.com\/de\/wp-json\/wp\/v2\/pages\/24386\/revisions\/27898"}],"up":[{"embeddable":true,"href":"https:\/\/onesmartcontrol.com\/de\/wp-json\/wp\/v2\/pages\/24346"}],"wp:attachment":[{"href":"https:\/\/onesmartcontrol.com\/de\/wp-json\/wp\/v2\/media?parent=24386"}],"curies":[{"name":"wp","href":"https:\/\/api.w.org\/{rel}","templated":true}]}}