{"id":24435,"date":"2016-01-19T16:27:36","date_gmt":"2016-01-19T15:27:36","guid":{"rendered":"https:\/\/onesmartcontrol.com\/?page_id=24435"},"modified":"2016-01-19T16:32:43","modified_gmt":"2016-01-19T15:32:43","slug":"one-passt-perfekt-zu-unserem-passivhaus","status":"publish","type":"page","link":"https:\/\/onesmartcontrol.com\/de\/inspiration\/one-passt-perfekt-zu-unserem-passivhaus\/","title":{"rendered":"Passivhaus"},"content":{"rendered":"<p>[vc_row][vc_column][vc_column_text]<\/p>\n<div class=\"divider\"><\/div>\n<div class=\"full-width\">\n<p><strong>Wir haben uns bewusst f\u00fcr den Bau eines Passivhauses entschieden.<\/strong> Das hei\u00dft: erhebliche Investitionen in energieeffiziente Ger\u00e4te, gute D\u00e4mmung, intelligente Systeme f\u00fcr den Wasserverbrauch usw. Dennoch ist uns bewusst, dass das gr\u00f6\u00dfte Potential in punkto Energieverbrauch eigentlich bei uns selbst zu suchen ist. Wenn die Ger\u00e4te nicht st\u00e4ndig eingeschaltet bleiben und man die Rolll\u00e4den korrekt herunterl\u00e4sst, spart man nat\u00fcrlich noch mehr Energie. ONE Smart Control hilft uns dabei.<\/p>\n<p><strong><br \/>\nDie automatischen Funktionen sind enorm praktisch:<\/strong> mit nur einem Schalter alle Lampen ausschalten, die Markise, die von selbst aus- und eingefahren wird usw. Dadurch sparen wir viel Energie. Au\u00dferdem wird uns detailliert angezeigt, wo die ganze Energie bleibt. Es ist wirklich ersch\u00fctternd festzustellen, dass einige Ger\u00e4te wahre Energiefresser sind.<\/p>\n<p>In unserem speziellen Fall bietet dies sogar noch einen zus\u00e4tzlichen Vorteil: Wir wissen stets ganz genau, wie viel Strom das Architekturb\u00fcro im Haus verbraucht. Das ist beispielsweise f\u00fcr die Steuererkl\u00e4rung ziemlich praktisch.<\/p>\n<p><strong>Zugegeben: Wir standen Hausautomation etwas ablehnend gegen\u00fcber.<\/strong><br \/>\nAuch angepasste Beleuchtungsszenarien im Haus schienen uns attraktiv zu sein. Wir wollten jedoch absolut kein komplexes System, bei dem man das Licht nicht mehr \u201eeinfach\u201c ein- und ausschalten kann. Aber ONE Smart Control funktioniert so nicht. Unsere neuen Drucktaster machen noch immer das, was von ihnen erwartet wird. Wir verf\u00fcgen jetzt jedoch \u00fcber zahlreiche Zusatzfunktionen. Und das ist \u00fcberaus praktisch.<\/p>\n<\/div>\n<div class=\"clear\"><\/div>\n<p>[\/vc_column_text][\/vc_column][\/vc_row]<\/p>\n","protected":false},"excerpt":{"rendered":"<p>[vc_row][vc_column][vc_column_text] Wir haben uns bewusst f\u00fcr den Bau eines Passivhauses entschieden. Das hei\u00dft: erhebliche Investitionen in energieeffiziente Ger\u00e4te, gute D\u00e4mmung, intelligente Systeme f\u00fcr den Wasserverbrauch usw. Dennoch ist uns bewusst, dass das gr\u00f6\u00dfte Potential in punkto Energieverbrauch eigentlich bei uns selbst zu suchen ist. Wenn die Ger\u00e4te nicht st\u00e4ndig eingeschaltet bleiben und man die Rolll\u00e4den&#8230;<\/p>\n","protected":false},"author":28,"featured_media":0,"parent":24418,"menu_order":0,"comment_status":"closed","ping_status":"closed","template":"","meta":{"_acf_changed":false,"_monsterinsights_skip_tracking":false,"_monsterinsights_sitenote_active":false,"_monsterinsights_sitenote_note":"","_monsterinsights_sitenote_category":0,"footnotes":""},"class_list":["post-24435","page","type-page","status-publish","hentry"],"acf":[],"yoast_head":"<!-- This site is optimized with the Yoast SEO plugin v27.3 - https:\/\/yoast.com\/product\/yoast-seo-wordpress\/ -->\n<title>ONE passt perfekt zu unserem Passivhaus \u2013 ONE Smart Control<\/title>\n<meta name=\"description\" content=\"ONE Smart Control verwandelt Ihr Stromnetz in ein starkes und intelligentes Netzwerk. Alle Drucktaster und Steckdosen werden vielseitiger denn je. Lampen gruppiert ein- und ausschalten, Heizung per Fernzugriff einschalten, Musik mit dem Smartphone bedienen usw. Au\u00dferdem ist das System einfach zu installieren \u2013 ohne neue Verkabelung und ohne Stemmarbeiten.\" \/>\n<meta name=\"robots\" content=\"index, follow, max-snippet:-1, max-image-preview:large, max-video-preview:-1\" \/>\n<link rel=\"canonical\" href=\"https:\/\/onesmartcontrol.com\/de\/inspiration\/one-passt-perfekt-zu-unserem-passivhaus\/\" \/>\n<meta property=\"og:locale\" content=\"de_DE\" \/>\n<meta property=\"og:type\" content=\"article\" \/>\n<meta property=\"og:title\" content=\"ONE passt perfekt zu unserem Passivhaus \u2013 ONE Smart Control\" \/>\n<meta property=\"og:description\" content=\"ONE Smart Control verwandelt Ihr Stromnetz in ein starkes und intelligentes Netzwerk. Alle Drucktaster und Steckdosen werden vielseitiger denn je. Lampen gruppiert ein- und ausschalten, Heizung per Fernzugriff einschalten, Musik mit dem Smartphone bedienen usw. Au\u00dferdem ist das System einfach zu installieren \u2013 ohne neue Verkabelung und ohne Stemmarbeiten.\" \/>\n<meta property=\"og:url\" content=\"https:\/\/onesmartcontrol.com\/de\/inspiration\/one-passt-perfekt-zu-unserem-passivhaus\/\" \/>\n<meta property=\"og:site_name\" content=\"- ONE smart control\" \/>\n<meta property=\"article:modified_time\" content=\"2016-01-19T15:32:43+00:00\" \/>\n<meta name=\"twitter:label1\" content=\"Gesch\u00e4tzte Lesezeit\" \/>\n\t<meta name=\"twitter:data1\" content=\"1\u00a0Minute\" \/>\n<script type=\"application\/ld+json\" class=\"yoast-schema-graph\">{\"@context\":\"https:\\\/\\\/schema.org\",\"@graph\":[{\"@type\":\"WebPage\",\"@id\":\"https:\\\/\\\/onesmartcontrol.com\\\/de\\\/inspiration\\\/one-passt-perfekt-zu-unserem-passivhaus\\\/\",\"url\":\"https:\\\/\\\/onesmartcontrol.com\\\/de\\\/inspiration\\\/one-passt-perfekt-zu-unserem-passivhaus\\\/\",\"name\":\"ONE passt perfekt zu unserem Passivhaus \u2013 ONE Smart Control\",\"isPartOf\":{\"@id\":\"https:\\\/\\\/onesmartcontrol.com\\\/#website\"},\"datePublished\":\"2016-01-19T15:27:36+00:00\",\"dateModified\":\"2016-01-19T15:32:43+00:00\",\"description\":\"ONE Smart Control verwandelt Ihr Stromnetz in ein starkes und intelligentes Netzwerk. Alle Drucktaster und Steckdosen werden vielseitiger denn je. Lampen gruppiert ein- und ausschalten, Heizung per Fernzugriff einschalten, Musik mit dem Smartphone bedienen usw. Au\u00dferdem ist das System einfach zu installieren \u2013 ohne neue Verkabelung und ohne Stemmarbeiten.\",\"breadcrumb\":{\"@id\":\"https:\\\/\\\/onesmartcontrol.com\\\/de\\\/inspiration\\\/one-passt-perfekt-zu-unserem-passivhaus\\\/#breadcrumb\"},\"inLanguage\":\"de\",\"potentialAction\":[{\"@type\":\"ReadAction\",\"target\":[\"https:\\\/\\\/onesmartcontrol.com\\\/de\\\/inspiration\\\/one-passt-perfekt-zu-unserem-passivhaus\\\/\"]}]},{\"@type\":\"BreadcrumbList\",\"@id\":\"https:\\\/\\\/onesmartcontrol.com\\\/de\\\/inspiration\\\/one-passt-perfekt-zu-unserem-passivhaus\\\/#breadcrumb\",\"itemListElement\":[{\"@type\":\"ListItem\",\"position\":1,\"name\":\"Home\",\"item\":\"https:\\\/\\\/onesmartcontrol.com\\\/de\\\/\"},{\"@type\":\"ListItem\",\"position\":2,\"name\":\"inspiration\",\"item\":\"https:\\\/\\\/onesmartcontrol.com\\\/de\\\/inspiration\\\/\"},{\"@type\":\"ListItem\",\"position\":3,\"name\":\"Passivhaus\"}]},{\"@type\":\"WebSite\",\"@id\":\"https:\\\/\\\/onesmartcontrol.com\\\/#website\",\"url\":\"https:\\\/\\\/onesmartcontrol.com\\\/\",\"name\":\"- ONE smart control\",\"description\":\"\",\"potentialAction\":[{\"@type\":\"SearchAction\",\"target\":{\"@type\":\"EntryPoint\",\"urlTemplate\":\"https:\\\/\\\/onesmartcontrol.com\\\/?s={search_term_string}\"},\"query-input\":{\"@type\":\"PropertyValueSpecification\",\"valueRequired\":true,\"valueName\":\"search_term_string\"}}],\"inLanguage\":\"de\"}]}<\/script>\n<!-- \/ Yoast SEO plugin. -->","yoast_head_json":{"title":"ONE passt perfekt zu unserem Passivhaus \u2013 ONE Smart Control","description":"ONE Smart Control verwandelt Ihr Stromnetz in ein starkes und intelligentes Netzwerk. Alle Drucktaster und Steckdosen werden vielseitiger denn je. Lampen gruppiert ein- und ausschalten, Heizung per Fernzugriff einschalten, Musik mit dem Smartphone bedienen usw. Au\u00dferdem ist das System einfach zu installieren \u2013 ohne neue Verkabelung und ohne Stemmarbeiten.","robots":{"index":"index","follow":"follow","max-snippet":"max-snippet:-1","max-image-preview":"max-image-preview:large","max-video-preview":"max-video-preview:-1"},"canonical":"https:\/\/onesmartcontrol.com\/de\/inspiration\/one-passt-perfekt-zu-unserem-passivhaus\/","og_locale":"de_DE","og_type":"article","og_title":"ONE passt perfekt zu unserem Passivhaus \u2013 ONE Smart Control","og_description":"ONE Smart Control verwandelt Ihr Stromnetz in ein starkes und intelligentes Netzwerk. Alle Drucktaster und Steckdosen werden vielseitiger denn je. Lampen gruppiert ein- und ausschalten, Heizung per Fernzugriff einschalten, Musik mit dem Smartphone bedienen usw. Au\u00dferdem ist das System einfach zu installieren \u2013 ohne neue Verkabelung und ohne Stemmarbeiten.","og_url":"https:\/\/onesmartcontrol.com\/de\/inspiration\/one-passt-perfekt-zu-unserem-passivhaus\/","og_site_name":"- ONE smart control","article_modified_time":"2016-01-19T15:32:43+00:00","twitter_misc":{"Gesch\u00e4tzte Lesezeit":"1\u00a0Minute"},"schema":{"@context":"https:\/\/schema.org","@graph":[{"@type":"WebPage","@id":"https:\/\/onesmartcontrol.com\/de\/inspiration\/one-passt-perfekt-zu-unserem-passivhaus\/","url":"https:\/\/onesmartcontrol.com\/de\/inspiration\/one-passt-perfekt-zu-unserem-passivhaus\/","name":"ONE passt perfekt zu unserem Passivhaus \u2013 ONE Smart Control","isPartOf":{"@id":"https:\/\/onesmartcontrol.com\/#website"},"datePublished":"2016-01-19T15:27:36+00:00","dateModified":"2016-01-19T15:32:43+00:00","description":"ONE Smart Control verwandelt Ihr Stromnetz in ein starkes und intelligentes Netzwerk. Alle Drucktaster und Steckdosen werden vielseitiger denn je. Lampen gruppiert ein- und ausschalten, Heizung per Fernzugriff einschalten, Musik mit dem Smartphone bedienen usw. Au\u00dferdem ist das System einfach zu installieren \u2013 ohne neue Verkabelung und ohne Stemmarbeiten.","breadcrumb":{"@id":"https:\/\/onesmartcontrol.com\/de\/inspiration\/one-passt-perfekt-zu-unserem-passivhaus\/#breadcrumb"},"inLanguage":"de","potentialAction":[{"@type":"ReadAction","target":["https:\/\/onesmartcontrol.com\/de\/inspiration\/one-passt-perfekt-zu-unserem-passivhaus\/"]}]},{"@type":"BreadcrumbList","@id":"https:\/\/onesmartcontrol.com\/de\/inspiration\/one-passt-perfekt-zu-unserem-passivhaus\/#breadcrumb","itemListElement":[{"@type":"ListItem","position":1,"name":"Home","item":"https:\/\/onesmartcontrol.com\/de\/"},{"@type":"ListItem","position":2,"name":"inspiration","item":"https:\/\/onesmartcontrol.com\/de\/inspiration\/"},{"@type":"ListItem","position":3,"name":"Passivhaus"}]},{"@type":"WebSite","@id":"https:\/\/onesmartcontrol.com\/#website","url":"https:\/\/onesmartcontrol.com\/","name":"- ONE smart control","description":"","potentialAction":[{"@type":"SearchAction","target":{"@type":"EntryPoint","urlTemplate":"https:\/\/onesmartcontrol.com\/?s={search_term_string}"},"query-input":{"@type":"PropertyValueSpecification","valueRequired":true,"valueName":"search_term_string"}}],"inLanguage":"de"}]}},"_links":{"self":[{"href":"https:\/\/onesmartcontrol.com\/de\/wp-json\/wp\/v2\/pages\/24435","targetHints":{"allow":["GET"]}}],"collection":[{"href":"https:\/\/onesmartcontrol.com\/de\/wp-json\/wp\/v2\/pages"}],"about":[{"href":"https:\/\/onesmartcontrol.com\/de\/wp-json\/wp\/v2\/types\/page"}],"author":[{"embeddable":true,"href":"https:\/\/onesmartcontrol.com\/de\/wp-json\/wp\/v2\/users\/28"}],"replies":[{"embeddable":true,"href":"https:\/\/onesmartcontrol.com\/de\/wp-json\/wp\/v2\/comments?post=24435"}],"version-history":[{"count":0,"href":"https:\/\/onesmartcontrol.com\/de\/wp-json\/wp\/v2\/pages\/24435\/revisions"}],"up":[{"embeddable":true,"href":"https:\/\/onesmartcontrol.com\/de\/wp-json\/wp\/v2\/pages\/24418"}],"wp:attachment":[{"href":"https:\/\/onesmartcontrol.com\/de\/wp-json\/wp\/v2\/media?parent=24435"}],"curies":[{"name":"wp","href":"https:\/\/api.w.org\/{rel}","templated":true}]}}