{"id":24913,"date":"2016-02-01T16:07:20","date_gmt":"2016-02-01T15:07:20","guid":{"rendered":"https:\/\/onesmartcontrol.com\/?page_id=24913"},"modified":"2019-08-26T14:00:55","modified_gmt":"2019-08-26T12:00:55","slug":"sistemas-de-oscurecimiento","status":"publish","type":"page","link":"https:\/\/onesmartcontrol.com\/es\/funciones-de-domotica\/sistemas-de-oscurecimiento\/","title":{"rendered":"Sistemas de oscurecimiento"},"content":{"rendered":"<p>[vc_row][vc_column][vc_single_image image=\u00bb4822&#8243; img_size=\u00bbfull\u00bb alignment=\u00bbcenter\u00bb][\/vc_column][\/vc_row][vc_row][vc_column][vc_column_text]<\/p>\n<h1 class=\"title\"><span class=\"\">Meta el sol en su hogar (o impida que entre)<\/span><\/h1>\n<p>[\/vc_column_text][\/vc_column][\/vc_row][vc_row][vc_column][vc_column_text]<\/p>\n<p style=\"text-align: center;\"><strong>\u00a1Mantenga su vivienda fresca en verano, y ahorre energ\u00eda en invierno! Pero \u00bfc\u00f3mo se pueden aprovechar al m\u00e1ximo los toldos o sistemas de oscurecimiento autom\u00e1ticos? Con ONE Smart Control, podr\u00e1 controlar sus toldos o persianas individualmente o en grupo. Puede configurarlos seg\u00fan la posici\u00f3n del sol, e incluso adaptar la iluminaci\u00f3n de su casa a la intensidad de la luz solar.<\/strong><\/p>\n<p>[\/vc_column_text][\/vc_column][\/vc_row][vc_row][vc_column width=\u00bb1\/2&#8243;][vc_column_text]<\/p>\n<h3><img decoding=\"async\" src=\"\/wp-content\/uploads\/2013\/01\/Verduistering.png\" alt=\"\" \/> Manejo a distancia, mediante tableta o smartphone<\/h3>\n<p>Imag\u00ednese que justo cuando llega a la oficina, cae un fuerte chaparr\u00f3n, o que las nubes desaparecen y un potente sol amenaza con convertir su sal\u00f3n en una sauna. Ning\u00fan problema: baje las persianas a distancia mediante su smartphone.[\/vc_column_text][\/vc_column][vc_column width=\u00bb1\/2&#8243;][vc_column_text]<\/p>\n<h3><img decoding=\"async\" src=\"\/wp-content\/uploads\/2013\/01\/Verduistering.png\" alt=\"\" \/> Aproveche la energ\u00eda del sol<\/h3>\n<p>Si hace un d\u00eda radiante, no solamente entra mucha luz a su sal\u00f3n, sino que tambi\u00e9n podr\u00e1 bajar un poco la calefacci\u00f3n, o dejar esa decisi\u00f3n a ONE Smart Control. Gracias a un sensor de confort inteligente, las persianas se abrir\u00e1n y cerrar\u00e1n para garantizar el confort de la habitaci\u00f3n, y la calefacci\u00f3n se adaptar\u00e1.[\/vc_column_text][\/vc_column][\/vc_row][vc_row][vc_column width=\u00bb1\/2&#8243;][vc_single_image image=\u00bb27863&#8243; img_size=\u00bbfull\u00bb alignment=\u00bbcenter\u00bb][vc_row_inner][vc_column_inner][vc_column_text]<\/p>\n<h3><img decoding=\"async\" src=\"\/wp-content\/uploads\/2013\/01\/Verduistering.png\" alt=\"\" \/> A su ritmo<\/h3>\n<p>\u00bfQuiere bajar todas las persianas al mismo tiempo cuando se vaya a la cama? \u00bfO aplicar alg\u00fan sistema de oscurecimiento mientras trabaja en su escritorio? Ning\u00fan problema. Puede programar el sistema de oscurecimiento de modo que todo funcione exactamente como mejor se adapte a usted.[\/vc_column_text][\/vc_column_inner][\/vc_row_inner][\/vc_column][vc_column width=\u00bb1\/2&#8243;][vc_column_text]<\/p>\n<h3><img decoding=\"async\" src=\"\/wp-content\/uploads\/2013\/01\/Verduistering.png\" alt=\"\" \/> \u00bfSol, viento, lluvia?<\/h3>\n<p>Las predicciones meteorol\u00f3gicas no siempre son precisas, pero aun as\u00ed todos queremos proteger nuestro hogar del calor, el viento y los da\u00f1os provocados por la lluvia. ONE Smart Control le enviar\u00e1 una advertencia si alguna tormenta amenaza con pasar por encima de su vivienda, as\u00ed podr\u00e1 tomar las medidas necesarias.[\/vc_column_text][vc_column_text]<\/p>\n<blockquote><p>Con un par de clics, podr\u00e1 adaptar sus persianas al ritmo del sol<\/p><\/blockquote>\n<p>[\/vc_column_text][vc_column_text]<\/p>\n<h3><img decoding=\"async\" src=\"\/wp-content\/uploads\/2013\/01\/Verduistering.png\" alt=\"\" \/> Control con botones<\/h3>\n<p>No hay nada mejor que disfrutar de la salida del sol, pero en cuanto sus rayos iluminan la pantalla, seguro que querr\u00e1 bajar la persiana un poco. Con el sistema de dom\u00f3tica ONE Smart Control, podr\u00e1 controlar toldos, celos\u00edas, marquesinas o persianas con pulsar un bot\u00f3n.[\/vc_column_text][vc_column_text]<\/p>\n<h3><img decoding=\"async\" src=\"\/wp-content\/uploads\/2013\/01\/Verduistering.png\" alt=\"\" \/>\u00a0Funci\u00f3n todo en 1<\/h3>\n<p>Esta funci\u00f3n se puede programar en la app en pocos minutos. Con la funci\u00f3n \u00abSue\u00f1o\u00bb, por ejemplo, no solamente apagar\u00e1 la luz de toda la casa: adem\u00e1s de muchas otras funciones, podr\u00e1 plegar marquesinas para protegerlas del viento y la intemperie. Basta con pulsar un bot\u00f3n.[\/vc_column_text][\/vc_column][\/vc_row]<\/p>\n","protected":false},"excerpt":{"rendered":"<p>[vc_row][vc_column][vc_single_image image=\u00bb4822&#8243; img_size=\u00bbfull\u00bb alignment=\u00bbcenter\u00bb][\/vc_column][\/vc_row][vc_row][vc_column][vc_column_text] Meta el sol en su hogar (o impida que entre) [\/vc_column_text][\/vc_column][\/vc_row][vc_row][vc_column][vc_column_text] \u00a1Mantenga su vivienda fresca en verano, y ahorre energ\u00eda en invierno! Pero \u00bfc\u00f3mo se pueden aprovechar al m\u00e1ximo los toldos o sistemas de oscurecimiento autom\u00e1ticos? Con ONE Smart Control, podr\u00e1 controlar sus toldos o persianas individualmente o en grupo. Puede&#8230;<\/p>\n","protected":false},"author":28,"featured_media":0,"parent":24891,"menu_order":3,"comment_status":"closed","ping_status":"closed","template":"","meta":{"_acf_changed":false,"_monsterinsights_skip_tracking":false,"_monsterinsights_sitenote_active":false,"_monsterinsights_sitenote_note":"","_monsterinsights_sitenote_category":0,"footnotes":""},"class_list":["post-24913","page","type-page","status-publish","hentry"],"acf":[],"yoast_head":"<!-- This site is optimized with the Yoast SEO plugin v27.4 - https:\/\/yoast.com\/product\/yoast-seo-wordpress\/ -->\n<title>Meta el sol en su hogar (o impida que entre) con dom\u00f3tica<\/title>\n<meta name=\"description\" content=\"El sistema de dom\u00f3tica ONE le permite controlar a distancia sus persianas o toldos el\u00e9ctricos mediante su tableta o smartphone.\" \/>\n<meta name=\"robots\" content=\"index, follow, max-snippet:-1, max-image-preview:large, max-video-preview:-1\" \/>\n<link rel=\"canonical\" href=\"https:\/\/onesmartcontrol.com\/es\/funciones-de-domotica\/sistemas-de-oscurecimiento\/\" \/>\n<meta property=\"og:locale\" content=\"es_ES\" \/>\n<meta property=\"og:type\" content=\"article\" \/>\n<meta property=\"og:title\" content=\"Meta el sol en su hogar (o impida que entre) con dom\u00f3tica\" \/>\n<meta property=\"og:description\" content=\"El sistema de dom\u00f3tica ONE le permite controlar a distancia sus persianas o toldos el\u00e9ctricos mediante su tableta o smartphone.\" \/>\n<meta property=\"og:url\" content=\"https:\/\/onesmartcontrol.com\/es\/funciones-de-domotica\/sistemas-de-oscurecimiento\/\" \/>\n<meta property=\"og:site_name\" content=\"- ONE smart control\" \/>\n<meta property=\"article:modified_time\" content=\"2019-08-26T12:00:55+00:00\" \/>\n<meta name=\"twitter:label1\" content=\"Tiempo de lectura\" \/>\n\t<meta name=\"twitter:data1\" content=\"3 minutos\" \/>\n<script type=\"application\/ld+json\" class=\"yoast-schema-graph\">{\"@context\":\"https:\\\/\\\/schema.org\",\"@graph\":[{\"@type\":\"WebPage\",\"@id\":\"https:\\\/\\\/onesmartcontrol.com\\\/es\\\/funciones-de-domotica\\\/sistemas-de-oscurecimiento\\\/\",\"url\":\"https:\\\/\\\/onesmartcontrol.com\\\/es\\\/funciones-de-domotica\\\/sistemas-de-oscurecimiento\\\/\",\"name\":\"Meta el sol en su hogar (o impida que entre) con dom\u00f3tica\",\"isPartOf\":{\"@id\":\"https:\\\/\\\/onesmartcontrol.com\\\/#website\"},\"datePublished\":\"2016-02-01T15:07:20+00:00\",\"dateModified\":\"2019-08-26T12:00:55+00:00\",\"description\":\"El sistema de dom\u00f3tica ONE le permite controlar a distancia sus persianas o toldos el\u00e9ctricos mediante su tableta o smartphone.\",\"breadcrumb\":{\"@id\":\"https:\\\/\\\/onesmartcontrol.com\\\/es\\\/funciones-de-domotica\\\/sistemas-de-oscurecimiento\\\/#breadcrumb\"},\"inLanguage\":\"es\",\"potentialAction\":[{\"@type\":\"ReadAction\",\"target\":[\"https:\\\/\\\/onesmartcontrol.com\\\/es\\\/funciones-de-domotica\\\/sistemas-de-oscurecimiento\\\/\"]}]},{\"@type\":\"BreadcrumbList\",\"@id\":\"https:\\\/\\\/onesmartcontrol.com\\\/es\\\/funciones-de-domotica\\\/sistemas-de-oscurecimiento\\\/#breadcrumb\",\"itemListElement\":[{\"@type\":\"ListItem\",\"position\":1,\"name\":\"Home\",\"item\":\"https:\\\/\\\/onesmartcontrol.com\\\/es\\\/\"},{\"@type\":\"ListItem\",\"position\":2,\"name\":\"Funciones de dom\u00f3tica\",\"item\":\"https:\\\/\\\/onesmartcontrol.com\\\/es\\\/funciones-de-domotica\\\/\"},{\"@type\":\"ListItem\",\"position\":3,\"name\":\"Sistemas de oscurecimiento\"}]},{\"@type\":\"WebSite\",\"@id\":\"https:\\\/\\\/onesmartcontrol.com\\\/#website\",\"url\":\"https:\\\/\\\/onesmartcontrol.com\\\/\",\"name\":\"- ONE smart control\",\"description\":\"\",\"potentialAction\":[{\"@type\":\"SearchAction\",\"target\":{\"@type\":\"EntryPoint\",\"urlTemplate\":\"https:\\\/\\\/onesmartcontrol.com\\\/?s={search_term_string}\"},\"query-input\":{\"@type\":\"PropertyValueSpecification\",\"valueRequired\":true,\"valueName\":\"search_term_string\"}}],\"inLanguage\":\"es\"}]}<\/script>\n<!-- \/ Yoast SEO plugin. -->","yoast_head_json":{"title":"Meta el sol en su hogar (o impida que entre) con dom\u00f3tica","description":"El sistema de dom\u00f3tica ONE le permite controlar a distancia sus persianas o toldos el\u00e9ctricos mediante su tableta o smartphone.","robots":{"index":"index","follow":"follow","max-snippet":"max-snippet:-1","max-image-preview":"max-image-preview:large","max-video-preview":"max-video-preview:-1"},"canonical":"https:\/\/onesmartcontrol.com\/es\/funciones-de-domotica\/sistemas-de-oscurecimiento\/","og_locale":"es_ES","og_type":"article","og_title":"Meta el sol en su hogar (o impida que entre) con dom\u00f3tica","og_description":"El sistema de dom\u00f3tica ONE le permite controlar a distancia sus persianas o toldos el\u00e9ctricos mediante su tableta o smartphone.","og_url":"https:\/\/onesmartcontrol.com\/es\/funciones-de-domotica\/sistemas-de-oscurecimiento\/","og_site_name":"- ONE smart control","article_modified_time":"2019-08-26T12:00:55+00:00","twitter_misc":{"Tiempo de lectura":"3 minutos"},"schema":{"@context":"https:\/\/schema.org","@graph":[{"@type":"WebPage","@id":"https:\/\/onesmartcontrol.com\/es\/funciones-de-domotica\/sistemas-de-oscurecimiento\/","url":"https:\/\/onesmartcontrol.com\/es\/funciones-de-domotica\/sistemas-de-oscurecimiento\/","name":"Meta el sol en su hogar (o impida que entre) con dom\u00f3tica","isPartOf":{"@id":"https:\/\/onesmartcontrol.com\/#website"},"datePublished":"2016-02-01T15:07:20+00:00","dateModified":"2019-08-26T12:00:55+00:00","description":"El sistema de dom\u00f3tica ONE le permite controlar a distancia sus persianas o toldos el\u00e9ctricos mediante su tableta o smartphone.","breadcrumb":{"@id":"https:\/\/onesmartcontrol.com\/es\/funciones-de-domotica\/sistemas-de-oscurecimiento\/#breadcrumb"},"inLanguage":"es","potentialAction":[{"@type":"ReadAction","target":["https:\/\/onesmartcontrol.com\/es\/funciones-de-domotica\/sistemas-de-oscurecimiento\/"]}]},{"@type":"BreadcrumbList","@id":"https:\/\/onesmartcontrol.com\/es\/funciones-de-domotica\/sistemas-de-oscurecimiento\/#breadcrumb","itemListElement":[{"@type":"ListItem","position":1,"name":"Home","item":"https:\/\/onesmartcontrol.com\/es\/"},{"@type":"ListItem","position":2,"name":"Funciones de dom\u00f3tica","item":"https:\/\/onesmartcontrol.com\/es\/funciones-de-domotica\/"},{"@type":"ListItem","position":3,"name":"Sistemas de oscurecimiento"}]},{"@type":"WebSite","@id":"https:\/\/onesmartcontrol.com\/#website","url":"https:\/\/onesmartcontrol.com\/","name":"- ONE smart control","description":"","potentialAction":[{"@type":"SearchAction","target":{"@type":"EntryPoint","urlTemplate":"https:\/\/onesmartcontrol.com\/?s={search_term_string}"},"query-input":{"@type":"PropertyValueSpecification","valueRequired":true,"valueName":"search_term_string"}}],"inLanguage":"es"}]}},"_links":{"self":[{"href":"https:\/\/onesmartcontrol.com\/es\/wp-json\/wp\/v2\/pages\/24913","targetHints":{"allow":["GET"]}}],"collection":[{"href":"https:\/\/onesmartcontrol.com\/es\/wp-json\/wp\/v2\/pages"}],"about":[{"href":"https:\/\/onesmartcontrol.com\/es\/wp-json\/wp\/v2\/types\/page"}],"author":[{"embeddable":true,"href":"https:\/\/onesmartcontrol.com\/es\/wp-json\/wp\/v2\/users\/28"}],"replies":[{"embeddable":true,"href":"https:\/\/onesmartcontrol.com\/es\/wp-json\/wp\/v2\/comments?post=24913"}],"version-history":[{"count":1,"href":"https:\/\/onesmartcontrol.com\/es\/wp-json\/wp\/v2\/pages\/24913\/revisions"}],"predecessor-version":[{"id":27903,"href":"https:\/\/onesmartcontrol.com\/es\/wp-json\/wp\/v2\/pages\/24913\/revisions\/27903"}],"up":[{"embeddable":true,"href":"https:\/\/onesmartcontrol.com\/es\/wp-json\/wp\/v2\/pages\/24891"}],"wp:attachment":[{"href":"https:\/\/onesmartcontrol.com\/es\/wp-json\/wp\/v2\/media?parent=24913"}],"curies":[{"name":"wp","href":"https:\/\/api.w.org\/{rel}","templated":true}]}}