{"id":24926,"date":"2016-02-01T17:07:20","date_gmt":"2016-02-01T16:07:20","guid":{"rendered":"https:\/\/onesmartcontrol.com\/?page_id=24926"},"modified":"2018-08-31T14:01:23","modified_gmt":"2018-08-31T12:01:23","slug":"inspiracion","status":"publish","type":"page","link":"https:\/\/onesmartcontrol.com\/es\/inspiracion\/","title":{"rendered":"Inspiraci\u00f3n"},"content":{"rendered":"<p>[vc_row][vc_column][vc_column_text]<\/p>\n<div class=\"divider\">\u00a0Para ONE es muy importante que no solo sea f\u00e1cil de <strong>utilizar el sistema<\/strong> de dom\u00f3tica, sino tambi\u00e9n que la instalaci\u00f3n sea sencilla, independientemente de si se hace en una obra nueva o en una vivienda ya en uso.<\/div>\n<div class=\"full-width\">\n<p>Erwin Van Hoppe, administrador de Van Hoppe Elektriciteitswerken, ya ha instalado este sistema varias veces y nos habla encantado de sus ventajas, tanto para el usuario como para los propios instaladores.<\/p>\n<\/div>\n<p>[\/vc_column_text][\/vc_column][\/vc_row][vc_row][vc_column width=\u00bb1\/3&#8243;][vc_single_image image=\u00bb25971&#8243; img_size=\u00bbfull\u00bb][\/vc_column][vc_column width=\u00bb2\/3&#8243;][vc_column_text]<\/p>\n<div class=\"full-width\">\n<p>&nbsp;<\/p>\n<h2>One utiliza la instalaci\u00f3n el\u00e9ctrica de 230 v existente<\/h2>\n<p>Ya he instalado varios sistemas en el pasado, pero todos ellos requer\u00edan la colocaci\u00f3n de nuevos cables. ONE marca la diferencia, ya que utiliza la red de 230 V existente. No hay que crear ning\u00fan caja de empalmes nueva (si no lo requiere la reforma), y adem\u00e1s necesita muchos menos cables que un sistema tradicional.<\/p>\n<p>Instalar un sistema de dom\u00f3tica: clema ONE. Adem\u00e1s, la colocaci\u00f3n de los bloques detr\u00e1s de los interruptores o aparatos es relativamente r\u00e1pida, ya que el sistema es modular. Esto significa que se puede ampliar el sistema habitaci\u00f3n por habitaci\u00f3n, o incluso l\u00e1mpara a l\u00e1mpara. Por tanto, puede trabajar de un modo continuo en el sistema sin tener que desactivarlo. Por otro lado, esto significa que puede disfrutar de un sistema de dom\u00f3tica con un presupuesto limitado, as\u00ed como ir ampliando su sistema con m\u00e1s funciones, aparatos o habitaciones cada cierto tiempo.<\/p>\n<p>Pero la c\u00f3moda instalaci\u00f3n y lo f\u00e1cil que es ampliar el sistema no son las \u00fanicas ventajas que le ve Erwin.<\/p>\n<h2>Un sistema inteligente que ayuda a ahorrar energ\u00eda<\/h2>\n<p>Una de las principales ventajas para el usuario es que el sistema ONE ahorra energ\u00eda. Gracias a la comunicaci\u00f3n entre los bloques que hay detr\u00e1s de los interruptores, por un lado, y el servidor de Connect ONE y los fusibles inteligentes Smart ONE por el otro, el sistema sabe perfectamente cu\u00e1nta energ\u00eda se consume en cada momento.<\/p>\n<p>As\u00ed podr\u00e1 consultar su consumo de energ\u00eda a distancia, y actuar para ahorrar energ\u00eda de un modo inteligente. Pero ONE Smart Control va m\u00e1s all\u00e1. El sistema le ayuda a ahorrar todav\u00eda m\u00e1s energ\u00eda. Piense, por ejemplo, en la curva de atenuaci\u00f3n de sus l\u00e1mparas: ONE la adapta autom\u00e1ticamente a la iluminaci\u00f3n LED, de modo que las luces gasten todav\u00eda menos energ\u00eda. No todo el mundo tiene claro en todo momento d\u00f3nde y c\u00f3mo ahorrar, y el sistema de dom\u00f3tica ONE ofrece respuestas.<\/p>\n<p>Adem\u00e1s, tambi\u00e9n es posible ampliar el sistema con detectores de movimiento y sensores de temperatura. Por ejemplo, puede configurar el sistema para que la calefacci\u00f3n se apague cuando se alcance una temperatura determinada, y que no se vuelva a encender cuando la temperatura baje de un m\u00ednimo determinado por el usuario.<\/p>\n<p><a class=\"fancybox\" href=\"\/wp-content\/uploads\/2014\/03\/installatie-domotica-zekeringenkast.jpg\" rel=\"gallery\"><img loading=\"lazy\" decoding=\"async\" class=\"aligncenter size-full wp-image-2438\" src=\"\/wp-content\/uploads\/2014\/03\/installatie-domotica-zekeringenkast.jpg\" alt=\"installatie domotica zekeringenkast\" width=\"1000\" height=\"294\" srcset=\"https:\/\/onesmartcontrol.com\/wp-content\/uploads\/2014\/03\/installatie-domotica-zekeringenkast.jpg 1000w, https:\/\/onesmartcontrol.com\/wp-content\/uploads\/2014\/03\/installatie-domotica-zekeringenkast-300x88.jpg 300w\" sizes=\"auto, (max-width: 1000px) 100vw, 1000px\" \/><\/a><\/p>\n<\/div>\n<div class=\"clear\"><\/div>\n<p>[\/vc_column_text][\/vc_column][\/vc_row]<\/p>\n","protected":false},"excerpt":{"rendered":"<p>[vc_row][vc_column][vc_column_text] \u00a0Para ONE es muy importante que no solo sea f\u00e1cil de utilizar el sistema de dom\u00f3tica, sino tambi\u00e9n que la instalaci\u00f3n sea sencilla, independientemente de si se hace en una obra nueva o en una vivienda ya en uso. Erwin Van Hoppe, administrador de Van Hoppe Elektriciteitswerken, ya ha instalado este sistema varias veces&#8230;<\/p>\n","protected":false},"author":28,"featured_media":0,"parent":0,"menu_order":8,"comment_status":"closed","ping_status":"closed","template":"","meta":{"_acf_changed":false,"_monsterinsights_skip_tracking":false,"_monsterinsights_sitenote_active":false,"_monsterinsights_sitenote_note":"","_monsterinsights_sitenote_category":0,"footnotes":""},"class_list":["post-24926","page","type-page","status-publish","hentry"],"acf":[],"yoast_head":"<!-- This site is optimized with the Yoast SEO plugin v27.4 - https:\/\/yoast.com\/product\/yoast-seo-wordpress\/ -->\n<title>Inspiraci\u00f3n y experiencias con la dom\u00f3tica<\/title>\n<meta name=\"description\" content=\"Descubra las experiencias de nuestros clientes con el sistema de dom\u00f3tica ONE e insp\u00edrese para dise\u00f1ar su propio sistema.\" \/>\n<meta name=\"robots\" content=\"index, follow, max-snippet:-1, max-image-preview:large, max-video-preview:-1\" \/>\n<link rel=\"canonical\" href=\"https:\/\/onesmartcontrol.com\/es\/inspiracion\/\" \/>\n<meta property=\"og:locale\" content=\"es_ES\" \/>\n<meta property=\"og:type\" content=\"article\" \/>\n<meta property=\"og:title\" content=\"Inspiraci\u00f3n y experiencias con la dom\u00f3tica\" \/>\n<meta property=\"og:description\" content=\"Descubra las experiencias de nuestros clientes con el sistema de dom\u00f3tica ONE e insp\u00edrese para dise\u00f1ar su propio sistema.\" \/>\n<meta property=\"og:url\" content=\"https:\/\/onesmartcontrol.com\/es\/inspiracion\/\" \/>\n<meta property=\"og:site_name\" content=\"- ONE smart control\" \/>\n<meta property=\"article:modified_time\" content=\"2018-08-31T12:01:23+00:00\" \/>\n<meta name=\"twitter:label1\" content=\"Tiempo de lectura\" \/>\n\t<meta name=\"twitter:data1\" content=\"3 minutos\" \/>\n<script type=\"application\/ld+json\" class=\"yoast-schema-graph\">{\"@context\":\"https:\\\/\\\/schema.org\",\"@graph\":[{\"@type\":\"WebPage\",\"@id\":\"https:\\\/\\\/onesmartcontrol.com\\\/es\\\/inspiracion\\\/\",\"url\":\"https:\\\/\\\/onesmartcontrol.com\\\/es\\\/inspiracion\\\/\",\"name\":\"Inspiraci\u00f3n y experiencias con la dom\u00f3tica\",\"isPartOf\":{\"@id\":\"https:\\\/\\\/onesmartcontrol.com\\\/#website\"},\"datePublished\":\"2016-02-01T16:07:20+00:00\",\"dateModified\":\"2018-08-31T12:01:23+00:00\",\"description\":\"Descubra las experiencias de nuestros clientes con el sistema de dom\u00f3tica ONE e insp\u00edrese para dise\u00f1ar su propio sistema.\",\"breadcrumb\":{\"@id\":\"https:\\\/\\\/onesmartcontrol.com\\\/es\\\/inspiracion\\\/#breadcrumb\"},\"inLanguage\":\"es\",\"potentialAction\":[{\"@type\":\"ReadAction\",\"target\":[\"https:\\\/\\\/onesmartcontrol.com\\\/es\\\/inspiracion\\\/\"]}]},{\"@type\":\"BreadcrumbList\",\"@id\":\"https:\\\/\\\/onesmartcontrol.com\\\/es\\\/inspiracion\\\/#breadcrumb\",\"itemListElement\":[{\"@type\":\"ListItem\",\"position\":1,\"name\":\"Home\",\"item\":\"https:\\\/\\\/onesmartcontrol.com\\\/es\\\/\"},{\"@type\":\"ListItem\",\"position\":2,\"name\":\"Inspiraci\u00f3n\"}]},{\"@type\":\"WebSite\",\"@id\":\"https:\\\/\\\/onesmartcontrol.com\\\/#website\",\"url\":\"https:\\\/\\\/onesmartcontrol.com\\\/\",\"name\":\"- ONE smart control\",\"description\":\"\",\"potentialAction\":[{\"@type\":\"SearchAction\",\"target\":{\"@type\":\"EntryPoint\",\"urlTemplate\":\"https:\\\/\\\/onesmartcontrol.com\\\/?s={search_term_string}\"},\"query-input\":{\"@type\":\"PropertyValueSpecification\",\"valueRequired\":true,\"valueName\":\"search_term_string\"}}],\"inLanguage\":\"es\"}]}<\/script>\n<!-- \/ Yoast SEO plugin. -->","yoast_head_json":{"title":"Inspiraci\u00f3n y experiencias con la dom\u00f3tica","description":"Descubra las experiencias de nuestros clientes con el sistema de dom\u00f3tica ONE e insp\u00edrese para dise\u00f1ar su propio sistema.","robots":{"index":"index","follow":"follow","max-snippet":"max-snippet:-1","max-image-preview":"max-image-preview:large","max-video-preview":"max-video-preview:-1"},"canonical":"https:\/\/onesmartcontrol.com\/es\/inspiracion\/","og_locale":"es_ES","og_type":"article","og_title":"Inspiraci\u00f3n y experiencias con la dom\u00f3tica","og_description":"Descubra las experiencias de nuestros clientes con el sistema de dom\u00f3tica ONE e insp\u00edrese para dise\u00f1ar su propio sistema.","og_url":"https:\/\/onesmartcontrol.com\/es\/inspiracion\/","og_site_name":"- ONE smart control","article_modified_time":"2018-08-31T12:01:23+00:00","twitter_misc":{"Tiempo de lectura":"3 minutos"},"schema":{"@context":"https:\/\/schema.org","@graph":[{"@type":"WebPage","@id":"https:\/\/onesmartcontrol.com\/es\/inspiracion\/","url":"https:\/\/onesmartcontrol.com\/es\/inspiracion\/","name":"Inspiraci\u00f3n y experiencias con la dom\u00f3tica","isPartOf":{"@id":"https:\/\/onesmartcontrol.com\/#website"},"datePublished":"2016-02-01T16:07:20+00:00","dateModified":"2018-08-31T12:01:23+00:00","description":"Descubra las experiencias de nuestros clientes con el sistema de dom\u00f3tica ONE e insp\u00edrese para dise\u00f1ar su propio sistema.","breadcrumb":{"@id":"https:\/\/onesmartcontrol.com\/es\/inspiracion\/#breadcrumb"},"inLanguage":"es","potentialAction":[{"@type":"ReadAction","target":["https:\/\/onesmartcontrol.com\/es\/inspiracion\/"]}]},{"@type":"BreadcrumbList","@id":"https:\/\/onesmartcontrol.com\/es\/inspiracion\/#breadcrumb","itemListElement":[{"@type":"ListItem","position":1,"name":"Home","item":"https:\/\/onesmartcontrol.com\/es\/"},{"@type":"ListItem","position":2,"name":"Inspiraci\u00f3n"}]},{"@type":"WebSite","@id":"https:\/\/onesmartcontrol.com\/#website","url":"https:\/\/onesmartcontrol.com\/","name":"- ONE smart control","description":"","potentialAction":[{"@type":"SearchAction","target":{"@type":"EntryPoint","urlTemplate":"https:\/\/onesmartcontrol.com\/?s={search_term_string}"},"query-input":{"@type":"PropertyValueSpecification","valueRequired":true,"valueName":"search_term_string"}}],"inLanguage":"es"}]}},"_links":{"self":[{"href":"https:\/\/onesmartcontrol.com\/es\/wp-json\/wp\/v2\/pages\/24926","targetHints":{"allow":["GET"]}}],"collection":[{"href":"https:\/\/onesmartcontrol.com\/es\/wp-json\/wp\/v2\/pages"}],"about":[{"href":"https:\/\/onesmartcontrol.com\/es\/wp-json\/wp\/v2\/types\/page"}],"author":[{"embeddable":true,"href":"https:\/\/onesmartcontrol.com\/es\/wp-json\/wp\/v2\/users\/28"}],"replies":[{"embeddable":true,"href":"https:\/\/onesmartcontrol.com\/es\/wp-json\/wp\/v2\/comments?post=24926"}],"version-history":[{"count":0,"href":"https:\/\/onesmartcontrol.com\/es\/wp-json\/wp\/v2\/pages\/24926\/revisions"}],"wp:attachment":[{"href":"https:\/\/onesmartcontrol.com\/es\/wp-json\/wp\/v2\/media?parent=24926"}],"curies":[{"name":"wp","href":"https:\/\/api.w.org\/{rel}","templated":true}]}}