{"id":24946,"date":"2016-02-02T09:42:00","date_gmt":"2016-02-02T08:42:00","guid":{"rendered":"https:\/\/onesmartcontrol.com\/?page_id=24946"},"modified":"2019-08-26T14:03:12","modified_gmt":"2019-08-26T12:03:12","slug":"app","status":"publish","type":"page","link":"https:\/\/onesmartcontrol.com\/es\/app\/","title":{"rendered":"App"},"content":{"rendered":"<p>[vc_row][vc_column][vc_single_image image=\u00bb27639&#8243; img_size=\u00bbfull\u00bb alignment=\u00bbcenter\u00bb][\/vc_column][\/vc_row][vc_row][vc_column][vc_column_text]<\/p>\n<h1 class=\"title\"><span class=\"\">La aplicaci\u00f3n de one smart control app<\/span><\/h1>\n<p>[\/vc_column_text][\/vc_column][\/vc_row][vc_row][vc_column width=\u00bb1\/3&#8243;][vc_single_image image=\u00bb27671&#8243; img_size=\u00bbfull\u00bb alignment=\u00bbcenter\u00bb][vc_column_text]<\/p>\n<h3 style=\"text-align: left;\">Todo en uno<\/h3>\n<p style=\"text-align: left;\">\u00bfQui\u00e9n quiere tener que hacer malabares entre 10 aplicaciones distintas para controlar luces, calefacci\u00f3n, puerta del garaje o persianas? La app ONE Smart Control integra todas las funciones. Adem\u00e1s, las distintas funciones se pueden combinar entre ellas para controlar distintos programas y actividades. Por ejemplo, un modo \u00abfiesta\u00bb, un modo para mirar la televisi\u00f3n, otro para una cita rom\u00e1ntica&#8230;<\/p>\n<p>[\/vc_column_text][vc_column_text]<\/p>\n<h3 style=\"text-align: left;\">R\u00e1pida y f\u00e1cil de usar<\/h3>\n<p style=\"text-align: left;\">La app es intuitiva y r\u00e1pida. Encontrar\u00e1 la funci\u00f3n que busque en pocos segundos. Los deslizadores le permiten acceder f\u00e1cilmente a la pantalla de inicio, y si pone la pantalla en horizontal podr\u00e1 acceder a los res\u00famenes de consumo de energ\u00eda, por los que podr\u00e1 navegar con el deslizador.<\/p>\n<p>[\/vc_column_text][\/vc_column][vc_column width=\u00bb1\/3&#8243;][vc_column_text]<\/p>\n<h3 style=\"text-align: left;\">GF\u00e1cil de usar<\/h3>\n<p style=\"text-align: left;\">Puede parecer complicado, pero nuestros desarrolladores de software siempre trabajan con la intenci\u00f3n de que la aplicaci\u00f3n sea f\u00e1cil de usar. El propio usuario puede configurar estas acciones f\u00e1cilmente. Simple, intuitivo y r\u00e1pido.<\/p>\n<p>[\/vc_column_text][vc_column_text]<\/p>\n<h3>Actualizaciones autom\u00e1ticas<\/h3>\n<p style=\"text-align: left;\">Nuestros desarrolladores trabajan todos los d\u00edas para optimizar, afinar y ampliar el software. Esto se hace a nivel interno y usted, en tanto que usuario, no lo notar\u00e1. S\u00ed que recibir\u00e1, cuando haya una nueva versi\u00f3n, un mensaje emergente en su aplicaci\u00f3n en el que se le pide autorizaci\u00f3n para instalar la nueva versi\u00f3n. Si ha habido muchos cambios o se han a\u00f1adido funciones nuevas interesantes, recibir\u00e1 un mensaje de correo electr\u00f3nico con un resumen. As\u00ed podr\u00e1 aprovechar las novedades de un modo \u00f3ptimo.<\/p>\n<p>[\/vc_column_text][vc_row_inner][vc_column_inner][vc_single_image image=\u00bb27687&#8243; img_size=\u00bbfull\u00bb][\/vc_column_inner][\/vc_row_inner][\/vc_column][vc_column width=\u00bb1\/3&#8243;][vc_single_image image=\u00bb27663&#8243; img_size=\u00bbfull\u00bb alignment=\u00bbcenter\u00bb][vc_column_text]<\/p>\n<h3>Iphone, ipod touch, ipad y android<\/h3>\n<p style=\"text-align: left;\">Su hijo usa su iPod, su mujer est\u00e1 enganchada a su Samsung Galaxy, mientras que usted es m\u00e1s fan del iPhone. Todos los dispositivos se pueden utilizar sin ning\u00fan problema para controlar su ONE Smart Control. Puede usarla con iPhone, iPod touch e iPad, as\u00ed como con cualquier dispositivo Android.<\/p>\n<p>[\/vc_column_text][vc_column_text]<\/p>\n<h3 style=\"text-align: left;\">App gratuita<\/h3>\n<p>[\/vc_column_text][vc_column_text]<\/p>\n<h1 class=\"title\"><span class=\"\">Descargue la aplicaci\u00f3n gratuita y pru\u00e9bela<\/span><\/h1>\n<p>Pruebe el modo de prueba de la aplicaci\u00f3n y conv\u00e9nzase. As\u00ed podr\u00e1 ver y experimentar c\u00f3mo se usa la aplicaci\u00f3n en un entorno de prueba virtual.[\/vc_column_text][vc_row_inner][vc_column_inner width=\u00bb1\/2&#8243;][vc_single_image image=\u00bb4498&#8243; alignment=\u00bbcenter\u00bb onclick=\u00bbcustom_link\u00bb img_link_target=\u00bb_blank\u00bb link=\u00bbhttps:\/\/itunes.apple.com\/nl\/app\/smart-control\/id730331064?mt=8&#8243;][\/vc_column_inner][vc_column_inner width=\u00bb1\/2&#8243;][vc_single_image image=\u00bb4497&#8243; alignment=\u00bbcenter\u00bb onclick=\u00bbcustom_link\u00bb img_link_target=\u00bb_blank\u00bb link=\u00bbhttps:\/\/play.google.com\/store\/apps\/details?id=com.onesmartcontrol\u00bb][\/vc_column_inner][\/vc_row_inner][\/vc_column][\/vc_row][vc_row][vc_column width=\u00bb1\/3&#8243;][vc_single_image image=\u00bb27879&#8243; img_size=\u00bbmedium\u00bb alignment=\u00bbcenter\u00bb][vc_column_text]<\/p>\n<h2 style=\"text-align: left;\">Asignaci\u00f3n de roles<\/h2>\n<p style=\"text-align: left;\">La idea no es que los ni\u00f1os modifiquen o borren las acciones y programas que usted ha configurado. El sistema indicar\u00e1 un administrador; esto es necesario para garantizar la seguridad del sistema. El administrador podr\u00e1 asignar distintos roles a distintos usuarios. Los ni\u00f1os, por ejemplo, pueden tener solamente derechos para controlar luces y persianas, pero no para modificar programas.<\/p>\n<p>[\/vc_column_text][\/vc_column][vc_column width=\u00bb1\/3&#8243;][vc_single_image image=\u00bb27871&#8243; img_size=\u00bbmedium\u00bb alignment=\u00bbcenter\u00bb][vc_column_text]<\/p>\n<h2 style=\"text-align: left;\">Cronolog\u00eda<\/h2>\n<p style=\"text-align: left;\">La cronolog\u00eda le ofrece un resumen de las distintas acciones que se han producido en su vivienda. \u00bfQuiere saber qui\u00e9n se ha dejado la luz encendida o ha bajado las persianas? Gracias a la cronolog\u00eda, su sistema no tendr\u00e1 secretos.<\/p>\n<p>[\/vc_column_text][\/vc_column][vc_column width=\u00bb1\/3&#8243;][vc_single_image image=\u00bb24276&#8243; img_size=\u00bbmedium\u00bb alignment=\u00bbcenter\u00bb][vc_column_text]<\/p>\n<h2 style=\"text-align: left;\">Convierta su tableta en un dispositivo de control<\/h2>\n<p style=\"text-align: left;\">Tanto si lo monta en la pared de su hogar como si lo lleva consigo, el iPad es id\u00f3neo para servir como terminal de control combinado con la aplicaci\u00f3n ONE Smart Control. Use un soporte para fijar el iPad en la pared y retirarlo de nuevo cuando quiera.<\/p>\n<p>[\/vc_column_text][\/vc_column][\/vc_row]<\/p>\n","protected":false},"excerpt":{"rendered":"<p>[vc_row][vc_column][vc_single_image image=\u00bb27639&#8243; img_size=\u00bbfull\u00bb alignment=\u00bbcenter\u00bb][\/vc_column][\/vc_row][vc_row][vc_column][vc_column_text] La aplicaci\u00f3n de one smart control app [\/vc_column_text][\/vc_column][\/vc_row][vc_row][vc_column width=\u00bb1\/3&#8243;][vc_single_image image=\u00bb27671&#8243; img_size=\u00bbfull\u00bb alignment=\u00bbcenter\u00bb][vc_column_text] Todo en uno \u00bfQui\u00e9n quiere tener que hacer malabares entre 10 aplicaciones distintas para controlar luces, calefacci\u00f3n, puerta del garaje o persianas? La app ONE Smart Control integra todas las funciones. Adem\u00e1s, las distintas funciones se pueden combinar entre&#8230;<\/p>\n","protected":false},"author":28,"featured_media":0,"parent":0,"menu_order":0,"comment_status":"closed","ping_status":"closed","template":"","meta":{"_acf_changed":false,"_monsterinsights_skip_tracking":false,"_monsterinsights_sitenote_active":false,"_monsterinsights_sitenote_note":"","_monsterinsights_sitenote_category":0,"footnotes":""},"class_list":["post-24946","page","type-page","status-publish","hentry"],"acf":[],"yoast_head":"<!-- This site is optimized with the Yoast SEO plugin v27.4 - https:\/\/yoast.com\/product\/yoast-seo-wordpress\/ -->\n<title>Apps - ONE smart control<\/title>\n<meta name=\"description\" content=\"ONE Smart Control convierte su sistema el\u00e9ctrico en una red potente e inteligente. Todos los botones e interruptores ser\u00e1n m\u00e1s vers\u00e1tiles que nunca. Encender y apagar grupos de luces, encender la calefacci\u00f3n a distancia, poner m\u00fasica desde el smartphone... Adem\u00e1s, el sistema es f\u00e1cil de instalar, sin cables adicionales ni obras.\" \/>\n<meta name=\"robots\" content=\"index, follow, max-snippet:-1, max-image-preview:large, max-video-preview:-1\" \/>\n<link rel=\"canonical\" href=\"https:\/\/onesmartcontrol.com\/es\/app\/\" \/>\n<meta property=\"og:locale\" content=\"es_ES\" \/>\n<meta property=\"og:type\" content=\"article\" \/>\n<meta property=\"og:title\" content=\"Apps - ONE smart control\" \/>\n<meta property=\"og:description\" content=\"ONE Smart Control convierte su sistema el\u00e9ctrico en una red potente e inteligente. Todos los botones e interruptores ser\u00e1n m\u00e1s vers\u00e1tiles que nunca. Encender y apagar grupos de luces, encender la calefacci\u00f3n a distancia, poner m\u00fasica desde el smartphone... Adem\u00e1s, el sistema es f\u00e1cil de instalar, sin cables adicionales ni obras.\" \/>\n<meta property=\"og:url\" content=\"https:\/\/onesmartcontrol.com\/es\/app\/\" \/>\n<meta property=\"og:site_name\" content=\"- ONE smart control\" \/>\n<meta property=\"article:modified_time\" content=\"2019-08-26T12:03:12+00:00\" \/>\n<meta name=\"twitter:label1\" content=\"Tiempo de lectura\" \/>\n\t<meta name=\"twitter:data1\" content=\"4 minutos\" \/>\n<script type=\"application\/ld+json\" class=\"yoast-schema-graph\">{\"@context\":\"https:\\\/\\\/schema.org\",\"@graph\":[{\"@type\":\"WebPage\",\"@id\":\"https:\\\/\\\/onesmartcontrol.com\\\/es\\\/app\\\/\",\"url\":\"https:\\\/\\\/onesmartcontrol.com\\\/es\\\/app\\\/\",\"name\":\"Apps - ONE smart control\",\"isPartOf\":{\"@id\":\"https:\\\/\\\/onesmartcontrol.com\\\/#website\"},\"datePublished\":\"2016-02-02T08:42:00+00:00\",\"dateModified\":\"2019-08-26T12:03:12+00:00\",\"description\":\"ONE Smart Control convierte su sistema el\u00e9ctrico en una red potente e inteligente. Todos los botones e interruptores ser\u00e1n m\u00e1s vers\u00e1tiles que nunca. Encender y apagar grupos de luces, encender la calefacci\u00f3n a distancia, poner m\u00fasica desde el smartphone... Adem\u00e1s, el sistema es f\u00e1cil de instalar, sin cables adicionales ni obras.\",\"breadcrumb\":{\"@id\":\"https:\\\/\\\/onesmartcontrol.com\\\/es\\\/app\\\/#breadcrumb\"},\"inLanguage\":\"es\",\"potentialAction\":[{\"@type\":\"ReadAction\",\"target\":[\"https:\\\/\\\/onesmartcontrol.com\\\/es\\\/app\\\/\"]}]},{\"@type\":\"BreadcrumbList\",\"@id\":\"https:\\\/\\\/onesmartcontrol.com\\\/es\\\/app\\\/#breadcrumb\",\"itemListElement\":[{\"@type\":\"ListItem\",\"position\":1,\"name\":\"Home\",\"item\":\"https:\\\/\\\/onesmartcontrol.com\\\/es\\\/\"},{\"@type\":\"ListItem\",\"position\":2,\"name\":\"App\"}]},{\"@type\":\"WebSite\",\"@id\":\"https:\\\/\\\/onesmartcontrol.com\\\/#website\",\"url\":\"https:\\\/\\\/onesmartcontrol.com\\\/\",\"name\":\"- ONE smart control\",\"description\":\"\",\"potentialAction\":[{\"@type\":\"SearchAction\",\"target\":{\"@type\":\"EntryPoint\",\"urlTemplate\":\"https:\\\/\\\/onesmartcontrol.com\\\/?s={search_term_string}\"},\"query-input\":{\"@type\":\"PropertyValueSpecification\",\"valueRequired\":true,\"valueName\":\"search_term_string\"}}],\"inLanguage\":\"es\"}]}<\/script>\n<!-- \/ Yoast SEO plugin. -->","yoast_head_json":{"title":"Apps - ONE smart control","description":"ONE Smart Control convierte su sistema el\u00e9ctrico en una red potente e inteligente. Todos los botones e interruptores ser\u00e1n m\u00e1s vers\u00e1tiles que nunca. Encender y apagar grupos de luces, encender la calefacci\u00f3n a distancia, poner m\u00fasica desde el smartphone... Adem\u00e1s, el sistema es f\u00e1cil de instalar, sin cables adicionales ni obras.","robots":{"index":"index","follow":"follow","max-snippet":"max-snippet:-1","max-image-preview":"max-image-preview:large","max-video-preview":"max-video-preview:-1"},"canonical":"https:\/\/onesmartcontrol.com\/es\/app\/","og_locale":"es_ES","og_type":"article","og_title":"Apps - ONE smart control","og_description":"ONE Smart Control convierte su sistema el\u00e9ctrico en una red potente e inteligente. Todos los botones e interruptores ser\u00e1n m\u00e1s vers\u00e1tiles que nunca. Encender y apagar grupos de luces, encender la calefacci\u00f3n a distancia, poner m\u00fasica desde el smartphone... Adem\u00e1s, el sistema es f\u00e1cil de instalar, sin cables adicionales ni obras.","og_url":"https:\/\/onesmartcontrol.com\/es\/app\/","og_site_name":"- ONE smart control","article_modified_time":"2019-08-26T12:03:12+00:00","twitter_misc":{"Tiempo de lectura":"4 minutos"},"schema":{"@context":"https:\/\/schema.org","@graph":[{"@type":"WebPage","@id":"https:\/\/onesmartcontrol.com\/es\/app\/","url":"https:\/\/onesmartcontrol.com\/es\/app\/","name":"Apps - ONE smart control","isPartOf":{"@id":"https:\/\/onesmartcontrol.com\/#website"},"datePublished":"2016-02-02T08:42:00+00:00","dateModified":"2019-08-26T12:03:12+00:00","description":"ONE Smart Control convierte su sistema el\u00e9ctrico en una red potente e inteligente. Todos los botones e interruptores ser\u00e1n m\u00e1s vers\u00e1tiles que nunca. Encender y apagar grupos de luces, encender la calefacci\u00f3n a distancia, poner m\u00fasica desde el smartphone... Adem\u00e1s, el sistema es f\u00e1cil de instalar, sin cables adicionales ni obras.","breadcrumb":{"@id":"https:\/\/onesmartcontrol.com\/es\/app\/#breadcrumb"},"inLanguage":"es","potentialAction":[{"@type":"ReadAction","target":["https:\/\/onesmartcontrol.com\/es\/app\/"]}]},{"@type":"BreadcrumbList","@id":"https:\/\/onesmartcontrol.com\/es\/app\/#breadcrumb","itemListElement":[{"@type":"ListItem","position":1,"name":"Home","item":"https:\/\/onesmartcontrol.com\/es\/"},{"@type":"ListItem","position":2,"name":"App"}]},{"@type":"WebSite","@id":"https:\/\/onesmartcontrol.com\/#website","url":"https:\/\/onesmartcontrol.com\/","name":"- ONE smart control","description":"","potentialAction":[{"@type":"SearchAction","target":{"@type":"EntryPoint","urlTemplate":"https:\/\/onesmartcontrol.com\/?s={search_term_string}"},"query-input":{"@type":"PropertyValueSpecification","valueRequired":true,"valueName":"search_term_string"}}],"inLanguage":"es"}]}},"_links":{"self":[{"href":"https:\/\/onesmartcontrol.com\/es\/wp-json\/wp\/v2\/pages\/24946","targetHints":{"allow":["GET"]}}],"collection":[{"href":"https:\/\/onesmartcontrol.com\/es\/wp-json\/wp\/v2\/pages"}],"about":[{"href":"https:\/\/onesmartcontrol.com\/es\/wp-json\/wp\/v2\/types\/page"}],"author":[{"embeddable":true,"href":"https:\/\/onesmartcontrol.com\/es\/wp-json\/wp\/v2\/users\/28"}],"replies":[{"embeddable":true,"href":"https:\/\/onesmartcontrol.com\/es\/wp-json\/wp\/v2\/comments?post=24946"}],"version-history":[{"count":2,"href":"https:\/\/onesmartcontrol.com\/es\/wp-json\/wp\/v2\/pages\/24946\/revisions"}],"predecessor-version":[{"id":27905,"href":"https:\/\/onesmartcontrol.com\/es\/wp-json\/wp\/v2\/pages\/24946\/revisions\/27905"}],"wp:attachment":[{"href":"https:\/\/onesmartcontrol.com\/es\/wp-json\/wp\/v2\/media?parent=24946"}],"curies":[{"name":"wp","href":"https:\/\/api.w.org\/{rel}","templated":true}]}}