{"id":225,"date":"2013-01-30T11:51:36","date_gmt":"2013-01-30T11:51:36","guid":{"rendered":"https:\/\/onesmartcontrol.com\/installatie-2\/"},"modified":"2019-08-26T13:42:02","modified_gmt":"2019-08-26T11:42:02","slug":"installation-domotique","status":"publish","type":"page","link":"https:\/\/onesmartcontrol.com\/fr\/installation-domotique\/","title":{"rendered":"Installation ONE domotique"},"content":{"rendered":"<p>[vc_row][vc_column][vc_single_image image=\u00a0\u00bb4513&Prime; img_size=\u00a0\u00bbfull\u00a0\u00bb alignment=\u00a0\u00bbcenter\u00a0\u00bb][vc_row_inner][vc_column_inner][vc_column_text]<\/p>\n<h1 class=\"title\"><span class=\"\">INSTALLATION DU SYST\u00c8ME DOMOTIQUE ONE<\/span><\/h1>\n<p>[\/vc_column_text][\/vc_column_inner][\/vc_row_inner][\/vc_column][\/vc_row][vc_row][vc_column width=\u00a0\u00bb2\/3&Prime;][vc_column_text]<\/p>\n<h2><span style=\"color: #000000;\">CHOISIR UN SYST\u00c8ME DOMOTIQUE ET L\u2019INSTALLER ? DEMANDEZ CONSEIL<\/span><\/h2>\n<p><span style=\"color: #000000;\">Les possibilit\u00e9s offertes par ONE Smart Control sont infinies. Il n\u2019est pas \u00e9tonnant que vous en restiez bouche b\u00e9e. Par o\u00f9 commencer ? \u00c0 quelles fonctions utiles n\u2019avez-vous pas pens\u00e9 ? Nos conseillers vous aideront dans votre choix, afin que vous tiriez le meilleur profit de ONE. Nous vous fournirons avec plaisir un devis gratuit pour votre projet.<\/span><\/p>\n<h2>VOTRE SYST\u00c8ME DOMOTIQUE, INSTALL\u00c9 EN UN CLIN D\u2019OEIL<\/h2>\n<p>L\u2019installation d\u2019un syst\u00e8me domotique ONE Smart Control est aussi simple que son utilisation. Votre installateur peut commander lui-m\u00eame tous les composants en ligne ou par e-mail. Il peut ensuite les installer et les configurer facilement.<\/p>\n<h2>QUEL INSTALLATEUR ?<\/h2>\n<p>L\u2019installation d\u2019un syst\u00e8me OSC est tr\u00e8s ais\u00e9e. Tous les installateurs peuvent, en principe, installer ONE. Si votre installateur ne conna\u00eet pas encore le syst\u00e8me, il peut recevoir une petite formation chez ONE Smart Control. Cette formation ne dure que quelques heures. Si vous n\u2019avez pas encore d\u2019installateur pour votre habitation, ou si vous pr\u00e9f\u00e9rez travailler avec quelqu\u2019un d\u2019exp\u00e9riment\u00e9, ONE Smart Control peut vous en recommander un.[\/vc_column_text][\/vc_column][vc_column width=\u00a0\u00bb1\/3&Prime;][vc_column_text]<\/p>\n<h1 class=\"title\"><span class=\"\">NOS APPS<\/span><\/h1>\n<p>&nbsp;<\/p>\n<p>Vous souhaitez utiliser ONE domotica sur votre smartphone ou votre tablette ? T\u00e9l\u00e9chargez l\u2019application iOS ou Android dans l\u2019App Store ou dans Google Play Store. Apr\u00e8s quelques instants, elle sera pr\u00eate \u00e0 \u00eatre utilis\u00e9e.[\/vc_column_text][vc_row_inner][vc_column_inner width=\u00a0\u00bb1\/2&Prime;][vc_single_image image=\u00a0\u00bb4498&Prime; add_caption=\u00a0\u00bbyes\u00a0\u00bb alignment=\u00a0\u00bbcenter\u00a0\u00bb onclick=\u00a0\u00bbcustom_link\u00a0\u00bb img_link_target=\u00a0\u00bb_blank\u00a0\u00bb link=\u00a0\u00bbhttps:\/\/itunes.apple.com\/nl\/app\/smart-control\/id730331064?mt=8&Prime;][\/vc_column_inner][vc_column_inner width=\u00a0\u00bb1\/2&Prime;][vc_single_image image=\u00a0\u00bb4497&Prime; alignment=\u00a0\u00bbcenter\u00a0\u00bb onclick=\u00a0\u00bbcustom_link\u00a0\u00bb link=\u00a0\u00bbhttps:\/\/play.google.com\/store\/apps\/details?id=com.onesmartcontrol\u00a0\u00bb][\/vc_column_inner][\/vc_row_inner][\/vc_column][vc_column][vc_empty_space height=\u00a0\u00bb50px\u00a0\u00bb][\/vc_column][\/vc_row][vc_row][vc_column][vc_column_text]<\/p>\n<h2 class=\"title\"><span class=\"\">FAITES DE VOTRE HABITATION UN LOGEMENT INTELLIGENT EN 3 \u00c9TAPES<\/span><\/h2>\n<p>[\/vc_column_text][vc_row_inner][vc_column_inner][vc_column_text]<\/p>\n<p style=\"text-align: center;\">ONE Smart Control peut \u00eatre install\u00e9 dans les habitations neuves ou existantes.<\/p>\n<p>[\/vc_column_text][\/vc_column_inner][\/vc_row_inner][\/vc_column][\/vc_row][vc_row][vc_column width=\u00a0\u00bb1\/3&Prime;][vc_column_text]<\/p>\n<h1 style=\"text-align: center;\"><span style=\"color: #000000;\">\u00c9TAPE 1<\/span><\/h1>\n<h2 style=\"text-align: center;\"><span style=\"color: #000000;\">ADAPTEZ VOTRE ARMOIRE \u00c9LECTRIQUE<\/span><\/h2>\n<p>[\/vc_column_text][vc_single_image image=\u00a0\u00bb3252&Prime; img_size=\u00a0\u00bbfull\u00a0\u00bb alignment=\u00a0\u00bbcenter\u00a0\u00bb][vc_column_text]Installez le <strong>OneSmart<\/strong>. Il s\u2019agit d\u2019un fusible intelligent. Vous en utiliserez un exemplaire par r\u00e9seau intelligent souhait\u00e9. Ce fusible intelligent mesure l\u2019\u00e9nergie utilis\u00e9e par le r\u00e9seau en question et communique avec les composants ONE Smart Control qui sont install\u00e9s sur ce r\u00e9seau.[\/vc_column_text][vc_single_image image=\u00a0\u00bb3253&Prime; img_size=\u00a0\u00bbfull\u00a0\u00bb alignment=\u00a0\u00bbcenter\u00a0\u00bb][vc_column_text]Installez le <strong>OneConnect<\/strong>. Cette passerelle domestique assure la connexion entre votre logement intelligent et internet. Vous pouvez ainsi contr\u00f4ler votre habitation avec votre smartphone, tant chez vous qu\u2019\u00e0 distance. Ce module mesure tous les flux \u00e9nerg\u00e9tiques : le gaz, l\u2019eau, l\u2019\u00e9lectricit\u00e9 et le rendement de vos panneaux solaires.[\/vc_column_text][vc_single_image image=\u00a0\u00bb3250&Prime; img_size=\u00a0\u00bbfull\u00a0\u00bb alignment=\u00a0\u00bbcenter\u00a0\u00bb][vc_column_text]Installez le <strong>OneFilter<\/strong>. Il s\u2019agit d\u2019un filtre qui prot\u00e8ge votre maison contre les d\u00e9sagr\u00e9ments caus\u00e9s par le r\u00e9seau \u00e9lectrique. (Ceux-ci peuvent, par exemple, provenir des convertisseurs de panneaux solaires de qualit\u00e9 inf\u00e9rieure).[\/vc_column_text][\/vc_column][vc_column width=\u00a0\u00bb1\/3&Prime;][vc_column_text]<\/p>\n<h1 style=\"text-align: center;\"><span style=\"color: #000000;\">\u00c9TAPE 2 <\/span><\/h1>\n<h2 style=\"text-align: center;\"><span style=\"color: #000000;\">INSTALLEZ LES COMPOSANTS DANS VOTRE HABITATION<\/span><\/h2>\n<p>[\/vc_column_text][vc_single_image image=\u00a0\u00bb2301&Prime; img_size=\u00a0\u00bbfull\u00a0\u00bb alignment=\u00a0\u00bbcenter\u00a0\u00bb][vc_column_text]Installez les <strong>composants ONE Smart Control<\/strong>. Ceux-ci se pr\u00e9sentent g\u00e9n\u00e9ralement sous la forme de petits blocs de jonction (raccords de lustre), dot\u00e9s d\u2019un code couleur correspondant \u00e0 leur fonction. Ceux-ci se placent au niveau des interrupteurs, des prises de courant, des volets, des luminaires\u2026 Ces composants communiquent entre eux via le r\u00e9seau \u00e9lectrique et mesurent la consommation d\u2019\u00e9nergie de l\u2019appareil connect\u00e9.[\/vc_column_text][\/vc_column][vc_column width=\u00a0\u00bb1\/3&Prime;][vc_column_text]<\/p>\n<h1 style=\"text-align: center;\"><span style=\"color: #000000;\">\u00c9TAPE 3<\/span><\/h1>\n<h2 style=\"text-align: center;\"><span style=\"color: #000000;\">UTILISEZ VOTRE APPLICATION<\/span><\/h2>\n<p>[\/vc_column_text][vc_single_image image=\u00a0\u00bb27874&Prime; img_size=\u00a0\u00bbfull\u00a0\u00bb alignment=\u00a0\u00bbcenter\u00a0\u00bb][vc_column_text]T\u00e9l\u00e9chargez <strong>l\u2019application ONE Smart Control<\/strong> dans le Google Play Store ou l\u2019iTunes Store.<\/p>\n<p>Cette application sert \u00e0 param\u00e9trer l\u2019installation et \u00e0 la contr\u00f4ler. Tous les composants que vous avez install\u00e9s dans votre maison apparaissent automatiquement sur votre \u00e9cran et peuvent \u00eatre reli\u00e9s \u00e0 chaque pi\u00e8ce. Vous pouvez ensuite d\u00e9finir leurs fonctions et configurer la totalit\u00e9 du syst\u00e8me selon vos envies.[\/vc_column_text][\/vc_column][\/vc_row][vc_row][vc_column][vc_empty_space height=\u00a0\u00bb50px\u00a0\u00bb][vc_column_text]<\/p>\n<h2 class=\"title\"><span class=\"\">PR\u00c9SENTATION SCH\u00c9MATIQUE DE L\u2019INSTALLATION<\/span><\/h2>\n<p>[\/vc_column_text][\/vc_column][\/vc_row][vc_row][vc_column][vc_single_image image=\u00a0\u00bb4640&Prime; img_size=\u00a0\u00bbfull\u00a0\u00bb alignment=\u00a0\u00bbcenter\u00a0\u00bb][vc_row_inner][vc_column_inner][vc_empty_space height=\u00a0\u00bb50px\u00a0\u00bb][vc_column_text]<\/p>\n<h2 class=\"title\"><span class=\"\">BOUTIQUE EN LIGNE<\/span><\/h2>\n<p style=\"text-align: center;\">Vous pouvez commander les composants sur notre <a href=\"https:\/\/onesmartcontrol.com\/fr\/shop\/\">boutique en ligne de domotique<\/a>\u00a0pour professionnels. Vous les recevrez rapidement, accompagn\u00e9s d\u2019un guide d\u2019installation pratique.<\/p>\n<p>[\/vc_column_text][\/vc_column_inner][\/vc_row_inner][\/vc_column][\/vc_row]<\/p>\n","protected":false},"excerpt":{"rendered":"<p>[vc_row][vc_column][vc_single_image image=\u00a0\u00bb4513&Prime; img_size=\u00a0\u00bbfull\u00a0\u00bb alignment=\u00a0\u00bbcenter\u00a0\u00bb][vc_row_inner][vc_column_inner][vc_column_text] INSTALLATION DU SYST\u00c8ME DOMOTIQUE ONE [\/vc_column_text][\/vc_column_inner][\/vc_row_inner][\/vc_column][\/vc_row][vc_row][vc_column width=\u00a0\u00bb2\/3&Prime;][vc_column_text] CHOISIR UN SYST\u00c8ME DOMOTIQUE ET L\u2019INSTALLER ? DEMANDEZ CONSEIL Les possibilit\u00e9s offertes par ONE Smart Control sont infinies. Il n\u2019est pas \u00e9tonnant que vous en restiez bouche b\u00e9e. Par o\u00f9 commencer ? \u00c0 quelles fonctions utiles n\u2019avez-vous pas pens\u00e9 ? Nos conseillers vous aideront&#8230;<\/p>\n","protected":false},"author":28,"featured_media":0,"parent":0,"menu_order":14,"comment_status":"closed","ping_status":"closed","template":"","meta":{"_acf_changed":false,"_monsterinsights_skip_tracking":false,"_monsterinsights_sitenote_active":false,"_monsterinsights_sitenote_note":"","_monsterinsights_sitenote_category":0,"footnotes":""},"class_list":["post-225","page","type-page","status-publish","hentry"],"acf":[],"yoast_head":"<!-- This site is optimized with the Yoast SEO plugin v27.5 - https:\/\/yoast.com\/product\/yoast-seo-wordpress\/ -->\n<title>L&#039;installation de votre syst\u00e8me domotique<\/title>\n<meta name=\"description\" content=\"ONE Smart Control s\u2019installe simplement sur votre r\u00e9seau d\u2019\u00e9lectricit\u00e9 existant. Vous n\u2019avez pas besoin de nouveaux c\u00e2blages ou de bo\u00eetiers \u00e9lectriques.\" \/>\n<meta name=\"robots\" content=\"index, follow, max-snippet:-1, max-image-preview:large, max-video-preview:-1\" \/>\n<link rel=\"canonical\" href=\"https:\/\/onesmartcontrol.com\/fr\/installation-domotique\/\" \/>\n<meta property=\"og:locale\" content=\"fr_FR\" \/>\n<meta property=\"og:type\" content=\"article\" \/>\n<meta property=\"og:title\" content=\"L&#039;installation de votre syst\u00e8me domotique\" \/>\n<meta property=\"og:description\" content=\"ONE Smart Control s\u2019installe simplement sur votre r\u00e9seau d\u2019\u00e9lectricit\u00e9 existant. Vous n\u2019avez pas besoin de nouveaux c\u00e2blages ou de bo\u00eetiers \u00e9lectriques.\" \/>\n<meta property=\"og:url\" content=\"https:\/\/onesmartcontrol.com\/fr\/installation-domotique\/\" \/>\n<meta property=\"og:site_name\" content=\"- ONE smart control\" \/>\n<meta property=\"article:modified_time\" content=\"2019-08-26T11:42:02+00:00\" \/>\n<meta name=\"twitter:label1\" content=\"Dur\u00e9e de lecture est.\" \/>\n\t<meta name=\"twitter:data1\" content=\"5 minutes\" \/>\n<script type=\"application\/ld+json\" class=\"yoast-schema-graph\">{\"@context\":\"https:\\\/\\\/schema.org\",\"@graph\":[{\"@type\":\"WebPage\",\"@id\":\"https:\\\/\\\/onesmartcontrol.com\\\/fr\\\/installation-domotique\\\/\",\"url\":\"https:\\\/\\\/onesmartcontrol.com\\\/fr\\\/installation-domotique\\\/\",\"name\":\"L'installation de votre syst\u00e8me domotique\",\"isPartOf\":{\"@id\":\"https:\\\/\\\/onesmartcontrol.com\\\/#website\"},\"datePublished\":\"2013-01-30T11:51:36+00:00\",\"dateModified\":\"2019-08-26T11:42:02+00:00\",\"description\":\"ONE Smart Control s\u2019installe simplement sur votre r\u00e9seau d\u2019\u00e9lectricit\u00e9 existant. Vous n\u2019avez pas besoin de nouveaux c\u00e2blages ou de bo\u00eetiers \u00e9lectriques.\",\"breadcrumb\":{\"@id\":\"https:\\\/\\\/onesmartcontrol.com\\\/fr\\\/installation-domotique\\\/#breadcrumb\"},\"inLanguage\":\"fr-BE\",\"potentialAction\":[{\"@type\":\"ReadAction\",\"target\":[\"https:\\\/\\\/onesmartcontrol.com\\\/fr\\\/installation-domotique\\\/\"]}]},{\"@type\":\"BreadcrumbList\",\"@id\":\"https:\\\/\\\/onesmartcontrol.com\\\/fr\\\/installation-domotique\\\/#breadcrumb\",\"itemListElement\":[{\"@type\":\"ListItem\",\"position\":1,\"name\":\"Home\",\"item\":\"https:\\\/\\\/onesmartcontrol.com\\\/fr\\\/\"},{\"@type\":\"ListItem\",\"position\":2,\"name\":\"Installation ONE domotique\"}]},{\"@type\":\"WebSite\",\"@id\":\"https:\\\/\\\/onesmartcontrol.com\\\/#website\",\"url\":\"https:\\\/\\\/onesmartcontrol.com\\\/\",\"name\":\"- ONE smart control\",\"description\":\"\",\"potentialAction\":[{\"@type\":\"SearchAction\",\"target\":{\"@type\":\"EntryPoint\",\"urlTemplate\":\"https:\\\/\\\/onesmartcontrol.com\\\/?s={search_term_string}\"},\"query-input\":{\"@type\":\"PropertyValueSpecification\",\"valueRequired\":true,\"valueName\":\"search_term_string\"}}],\"inLanguage\":\"fr-BE\"}]}<\/script>\n<!-- \/ Yoast SEO plugin. -->","yoast_head_json":{"title":"L'installation de votre syst\u00e8me domotique","description":"ONE Smart Control s\u2019installe simplement sur votre r\u00e9seau d\u2019\u00e9lectricit\u00e9 existant. Vous n\u2019avez pas besoin de nouveaux c\u00e2blages ou de bo\u00eetiers \u00e9lectriques.","robots":{"index":"index","follow":"follow","max-snippet":"max-snippet:-1","max-image-preview":"max-image-preview:large","max-video-preview":"max-video-preview:-1"},"canonical":"https:\/\/onesmartcontrol.com\/fr\/installation-domotique\/","og_locale":"fr_FR","og_type":"article","og_title":"L'installation de votre syst\u00e8me domotique","og_description":"ONE Smart Control s\u2019installe simplement sur votre r\u00e9seau d\u2019\u00e9lectricit\u00e9 existant. Vous n\u2019avez pas besoin de nouveaux c\u00e2blages ou de bo\u00eetiers \u00e9lectriques.","og_url":"https:\/\/onesmartcontrol.com\/fr\/installation-domotique\/","og_site_name":"- ONE smart control","article_modified_time":"2019-08-26T11:42:02+00:00","twitter_misc":{"Dur\u00e9e de lecture est.":"5 minutes"},"schema":{"@context":"https:\/\/schema.org","@graph":[{"@type":"WebPage","@id":"https:\/\/onesmartcontrol.com\/fr\/installation-domotique\/","url":"https:\/\/onesmartcontrol.com\/fr\/installation-domotique\/","name":"L'installation de votre syst\u00e8me domotique","isPartOf":{"@id":"https:\/\/onesmartcontrol.com\/#website"},"datePublished":"2013-01-30T11:51:36+00:00","dateModified":"2019-08-26T11:42:02+00:00","description":"ONE Smart Control s\u2019installe simplement sur votre r\u00e9seau d\u2019\u00e9lectricit\u00e9 existant. Vous n\u2019avez pas besoin de nouveaux c\u00e2blages ou de bo\u00eetiers \u00e9lectriques.","breadcrumb":{"@id":"https:\/\/onesmartcontrol.com\/fr\/installation-domotique\/#breadcrumb"},"inLanguage":"fr-BE","potentialAction":[{"@type":"ReadAction","target":["https:\/\/onesmartcontrol.com\/fr\/installation-domotique\/"]}]},{"@type":"BreadcrumbList","@id":"https:\/\/onesmartcontrol.com\/fr\/installation-domotique\/#breadcrumb","itemListElement":[{"@type":"ListItem","position":1,"name":"Home","item":"https:\/\/onesmartcontrol.com\/fr\/"},{"@type":"ListItem","position":2,"name":"Installation ONE domotique"}]},{"@type":"WebSite","@id":"https:\/\/onesmartcontrol.com\/#website","url":"https:\/\/onesmartcontrol.com\/","name":"- ONE smart control","description":"","potentialAction":[{"@type":"SearchAction","target":{"@type":"EntryPoint","urlTemplate":"https:\/\/onesmartcontrol.com\/?s={search_term_string}"},"query-input":{"@type":"PropertyValueSpecification","valueRequired":true,"valueName":"search_term_string"}}],"inLanguage":"fr-BE"}]}},"_links":{"self":[{"href":"https:\/\/onesmartcontrol.com\/fr\/wp-json\/wp\/v2\/pages\/225","targetHints":{"allow":["GET"]}}],"collection":[{"href":"https:\/\/onesmartcontrol.com\/fr\/wp-json\/wp\/v2\/pages"}],"about":[{"href":"https:\/\/onesmartcontrol.com\/fr\/wp-json\/wp\/v2\/types\/page"}],"author":[{"embeddable":true,"href":"https:\/\/onesmartcontrol.com\/fr\/wp-json\/wp\/v2\/users\/28"}],"replies":[{"embeddable":true,"href":"https:\/\/onesmartcontrol.com\/fr\/wp-json\/wp\/v2\/comments?post=225"}],"version-history":[{"count":1,"href":"https:\/\/onesmartcontrol.com\/fr\/wp-json\/wp\/v2\/pages\/225\/revisions"}],"predecessor-version":[{"id":27889,"href":"https:\/\/onesmartcontrol.com\/fr\/wp-json\/wp\/v2\/pages\/225\/revisions\/27889"}],"wp:attachment":[{"href":"https:\/\/onesmartcontrol.com\/fr\/wp-json\/wp\/v2\/media?parent=225"}],"curies":[{"name":"wp","href":"https:\/\/api.w.org\/{rel}","templated":true}]}}