{"id":27566,"date":"2019-07-17T15:55:27","date_gmt":"2019-07-17T13:55:27","guid":{"rendered":"https:\/\/onesmartcontrol.com\/un-concept-gagnant-pour-tous\/"},"modified":"2019-07-23T15:48:49","modified_gmt":"2019-07-23T13:48:49","slug":"un-concept-gagnant-pour-tous","status":"publish","type":"page","link":"https:\/\/onesmartcontrol.com\/fr\/un-concept-gagnant-pour-tous\/","title":{"rendered":"Un concept gagnant pour tous"},"content":{"rendered":"<p>[vc_row el_class=\u00a0\u00bbcaption-anchor\u00a0\u00bb][vc_column][vc_column_text]<\/p>\n<h2><span class=\"title-orange\" style=\"color: #eb5d3e;\">PROMOTEURS IMMOBILIERS<\/span><\/h2>\n<p>Pour les promoteurs immobiliers, ONE Smart Control est le choix \u00e0 privil\u00e9gier. La valeur ajout\u00e9e ind\u00e9niable que vous g\u00e9n\u00e9rerez gr\u00e2ce \u00e0 ONE Smart Control n\u2019est que l\u2019un de ses multiples atouts. Nous \u00e9tablissons des relations strat\u00e9giques de partenariat avec les promoteurs immobiliers afin d\u2019innover ensemble.<\/p>\n<p>[\/vc_column_text][vc_row_inner][vc_column_inner width=\u00a0\u00bb1\/2&Prime;][vc_column_text]<\/p>\n<h3>Une solution tout-en-un<\/h3>\n<ul>\n<li>Installation rapide et a\u0300 faible cou\u0302t<\/li>\n<li>Pas de ca\u0302blage additionnel<\/li>\n<li>Pas d\u2019impact sur le processus de construction<\/li>\n<li>Finition au choix (interrupteurs)<\/li>\n<li>Pour les ba\u0302timents neufs ou existants<\/li>\n<\/ul>\n<h3>Pre\u0302t pour le futur<\/h3>\n<ul>\n<li>Modulaire et adaptable<\/li>\n<li>E\u0301volutif<\/li>\n<li>Haute qualite\u0301 de service<\/li>\n<li>Support a\u0300 long terme<\/li>\n<\/ul>\n<p>[\/vc_column_text][vc_column_text][\/vc_column_text][\/vc_column_inner][vc_column_inner width=\u00a0\u00bb1\/2&Prime;][vc_column_text]<\/p>\n<h3>Clair et pre\u0301cis<\/h3>\n<ul>\n<li>Pas de coordination ne\u0301cessaire entre les intervenants \u2013 planification rapide<\/li>\n<li>Vue centralise\u0301e de toutes les re\u0301sidences via un tableau de bord centralise\u0301<\/li>\n<li>Informations de\u0301taille\u0301es concernant les e\u0301quipements, la production d\u2019e\u0301nergie et la consommation par unite\u0301 re\u0301sidentielle<\/li>\n<\/ul>\n<p>[\/vc_column_text][vc_raw_html]JTNDdGFibGUlMjBjbGFzcyUzRCUyMmNhcHRpb24tdGFibGUtc29saWQlMjBtY2UtaXRlbS10YWJsZSUyMiUzRSUzQ3Rib2R5JTNFJTNDdHIlM0UlM0N0ZCUzRVVuJTI2bmJzcCUzQmNvbmNlcHQlMjZuYnNwJTNCZSVDQyU4MXByb3V2ZSVDQyU4MSUzQyUyRnRkJTNFJTNDJTJGdHIlM0UlM0N0ciUzRSUzQ3RkJTNFJTNDc3BhbiUyMHN0eWxlJTNEJTIyZm9udC1zaXplJTNBJTIwMzZwdCUzQiUyMiUyMGRhdGEtbWNlLXN0eWxlJTNEJTIyZm9udC1zaXplJTNBJTIwMzZwdCUzQiUyMiUzRSUyQiUyMDEwLjAwMCUzQyUyRnNwYW4lM0UlM0MlMkZ0ZCUzRSUzQyUyRnRyJTNFJTNDdHIlM0UlM0N0ZCUzRXByb2pldHMlMjZuYnNwJTNCZW4lMjZuYnNwJTNCRXVyb3BlJTNDJTJGdGQlM0UlM0MlMkZ0ciUzRSUzQyUyRnRib2R5JTNFJTNDJTJGdGFibGUlM0U=[\/vc_raw_html][\/vc_column_inner][\/vc_row_inner][vc_row_inner][vc_column_inner][\/vc_column_inner][\/vc_row_inner][\/vc_column][vc_column][vc_single_image image=\u00a0\u00bb27116&Prime; img_size=\u00a0\u00bbfull\u00a0\u00bb][vc_column_text el_class=\u00a0\u00bbimage-caption-bottom-left\u00a0\u00bb]<\/p>\n<p style=\"text-align: left;\">La consommation et la production d\u2019e\u0301nergie sont interpre\u0301te\u0301es et repre\u0301sente\u0301es graphiquement dans un tableau de bord simple et clair<\/p>\n<p>[\/vc_column_text][\/vc_column][\/vc_row][vc_row][vc_column][vc_column_text]<\/p>\n<h2><span class=\"title-orange\" style=\"color: #eb5d3e;\">TECHNICIEN<\/span><\/h2>\n<p>Pour le technicien, ONE Smart Control est un moyen rapide d\u2019aborder les toutes derni\u00e8res technologies et ainsi l\u2019occasion d\u2019approcher des march\u00e9s \u00e9mergents offrant de nouvelles opportunit\u00e9s.<\/p>\n<p>[\/vc_column_text][vc_row_inner][vc_column_inner width=\u00a0\u00bb1\/2&Prime;][vc_column_text]<\/p>\n<h3>Su\u0302r &amp; fiable<\/h3>\n<ul>\n<li>Ca\u0302bles e\u0301lectriques classiques, utilise\u0301s comme support pour le transport de donne\u0301es<\/li>\n<li>Donne\u0301es encrypte\u0301es<\/li>\n<li>Mise a\u0300 jour logicielle a\u0300 distance et automatique<\/li>\n<\/ul>\n<h3>Simple &amp; efficace<\/h3>\n<ul>\n<li>Maintenance aise\u0301e du syste\u0300me<\/li>\n<li>Les utilisateurs ge\u0300rent eux-me\u0302mes leurs parame\u0301trages<\/li>\n<li>Service a\u0300 distance, y compris sur le long terme<\/li>\n<li>De\u0301tection pre\u0301ventive des erreurs<\/li>\n<\/ul>\n<p>[\/vc_column_text][vc_column_text][\/vc_column_text][\/vc_column_inner][vc_column_inner width=\u00a0\u00bb1\/2&Prime;][vc_column_text]<\/p>\n<h3>Rapide &amp; e\u0301conomique<\/h3>\n<ul>\n<li>Pas de ca\u0302bles supple\u0301mentaires<\/li>\n<li>Simple a\u0300 configurer<\/li>\n<li>Re\u0301seaux multiples en paralle\u0300le<\/li>\n<li>Finition au choix (interrupteurs)<\/li>\n<li>Fonctions d\u2019origine des interrupteurs\/boutons conserve\u0301es<\/li>\n<li>Pas besoin de formation complexe<\/li>\n<\/ul>\n<p>[\/vc_column_text][vc_raw_html]JTNDdGFibGUlMjBjbGFzcyUzRCUyMmNhcHRpb24tdGFibGUtb3V0bGluZSUyMiUzRSUwQSUzQ3Rib2R5JTNFJTBBJTNDdHIlM0UlMEElM0N0ZCUzRSUzQ3NwYW4lMjBzdHlsZSUzRCUyMmZvbnQtc2l6ZSUzQSUyMDM2cHQlM0IlMjIlM0VQYXMlMjZuYnNwJTNCZGUlMjZuYnNwJTNCY2ElQ0MlODJibGFnZSUzQyUyRnNwYW4lM0UlM0MlMkZ0ZCUzRSUwQSUzQyUyRnRyJTNFJTBBJTNDdHIlM0UlMEElM0N0ZCUzRXN1cHBsZSVDQyU4MW1lbnRhaXJlJTI2bmJzcCUzQm5lJUNDJTgxY2Vzc2FpcmUlM0MlMkZ0ZCUzRSUwQSUzQyUyRnRyJTNFJTBBJTNDJTJGdGJvZHklM0UlMEElM0MlMkZ0YWJsZSUzRQ==[\/vc_raw_html][\/vc_column_inner][\/vc_row_inner][\/vc_column][\/vc_row][vc_row][vc_column][vc_column_text]<\/p>\n<h2><span class=\"title-orange\" style=\"color: #eb5d3e;\">RESIDENTS<\/span><\/h2>\n<p>Votre projet de construction devient un \u00e9cosyst\u00e8me dans lequel ONE Smart Control int\u00e8gre tous les syst\u00e8mes \u00e9lectriques. Vos r\u00e9sidents appr\u00e9cieront le large \u00e9ventail de fonctionnalit\u00e9s disponibles pour un lieu de vie durable, confortable et s\u00e9curis\u00e9.<\/p>\n<p>[\/vc_column_text][vc_row_inner][vc_column_inner width=\u00a0\u00bb1\/2&Prime;][vc_column_text]<\/p>\n<h3>Confortable et a\u0300 haute performance<\/h3>\n<ul>\n<li>Fonctionnalite\u0301s multiples pour optimiser le confort de vie<\/li>\n<li>Options de se\u0301curite\u0301 pour une sensation de bien-e\u0302tre<\/li>\n<li>Informations de\u0301taille\u0301es concernant la consommation et la production<\/li>\n<li>E\u0301conomies d\u2019e\u0301nergie gra\u0302ce a\u0300 la coordination du syste\u0300me et des e\u0301quipements<\/li>\n<\/ul>\n<p>[\/vc_column_text][vc_column_text][\/vc_column_text][vc_raw_html]JTNDdGFibGUlMjBjbGFzcyUzRCUyMmNhcHRpb24tdGFibGUtb3V0bGluZSUyMiUzRSUwQSUzQ3Rib2R5JTNFJTBBJTNDdHIlM0UlMEElM0N0ZCUzRSUzQ3NwYW4lMjBzdHlsZSUzRCUyMmZvbnQtc2l6ZSUzQSUyMDM2cHQlM0IlMjIlM0VTaW1wbGUlM0MlMkZzcGFuJTNFJTNDJTJGdGQlM0UlMEElM0MlMkZ0ciUzRSUwQSUzQ3RyJTNFJTBBJTNDdGQlM0VldCUyNm5ic3AlM0JmbGV4aWJsZSUzQyUyRnRkJTNFJTBBJTNDJTJGdHIlM0UlMEElM0MlMkZ0Ym9keSUzRSUwQSUzQyUyRnRhYmxlJTNF[\/vc_raw_html][\/vc_column_inner][vc_column_inner width=\u00a0\u00bb1\/2&Prime;][vc_column_text]<\/p>\n<h3>Simple et intuitif<\/h3>\n<ul>\n<li>Facile a\u0300 utiliser avec les interrupteurs, l\u2019application ou l\u2019e\u0301cran tactile<\/li>\n<\/ul>\n<h3>Modulaire et e\u0301volutif<\/h3>\n<ul>\n<li>Parame\u0301trages adapte\u0301s au mode de vie<\/li>\n<li>Activation de modules et de fonctions a\u0300 la demande<\/li>\n<\/ul>\n<p>[\/vc_column_text][\/vc_column_inner][\/vc_row_inner][\/vc_column][\/vc_row][vc_row][vc_column][\/vc_column][\/vc_row][vc_row][vc_column][vc_column_text]<\/p>\n<h2 style=\"text-align: center;\"><a href=\"https:\/\/onesmartcontrol.com\/fr\/efficacite-energetique\/\"><span style=\"text-decoration: underline;\"><span class=\"title-orange\" style=\"color: #eb5d3e; text-decoration: underline;\">Lire la suite: Efficacit\u00e9 \u00e9nerg\u00e9tique<br \/>\n<\/span><\/span><\/a><\/h2>\n<p>[\/vc_column_text][\/vc_column][\/vc_row]<\/p>\n","protected":false},"excerpt":{"rendered":"<p>[vc_row el_class=\u00a0\u00bbcaption-anchor\u00a0\u00bb][vc_column][vc_column_text] PROMOTEURS IMMOBILIERS Pour les promoteurs immobiliers, ONE Smart Control est le choix \u00e0 privil\u00e9gier. La valeur ajout\u00e9e ind\u00e9niable que vous g\u00e9n\u00e9rerez gr\u00e2ce \u00e0 ONE Smart Control n\u2019est que l\u2019un de ses multiples atouts. Nous \u00e9tablissons des relations strat\u00e9giques de partenariat avec les promoteurs immobiliers afin d\u2019innover ensemble. [\/vc_column_text][vc_row_inner][vc_column_inner width=\u00a0\u00bb1\/2&Prime;][vc_column_text] Une solution tout-en-un Installation&#8230;<\/p>\n","protected":false},"author":28,"featured_media":0,"parent":0,"menu_order":0,"comment_status":"closed","ping_status":"closed","template":"","meta":{"_acf_changed":false,"_monsterinsights_skip_tracking":false,"_monsterinsights_sitenote_active":false,"_monsterinsights_sitenote_note":"","_monsterinsights_sitenote_category":0,"footnotes":""},"class_list":["post-27566","page","type-page","status-publish","hentry"],"acf":[],"yoast_head":"<!-- This site is optimized with the Yoast SEO plugin v27.4 - https:\/\/yoast.com\/product\/yoast-seo-wordpress\/ -->\n<title>Un concept gagnant pour tous - ONE smart control<\/title>\n<meta name=\"description\" content=\"ONE Smart Control transforme comme par magie votre \u00e9lectricit\u00e9 en un r\u00e9seau puissant et intelligent. Profitez d\u00e8s maintenant d\u2019une plus grande polyvalence de vos prises et interrupteurs. Allumer et \u00e9teindre votre \u00e9clairage de mani\u00e8re group\u00e9e, r\u00e9gler votre chauffage \u00e0 distance, commander votre musique avec votre smartphone\u2026 Le syst\u00e8me est, en outre, tr\u00e8s facile \u00e0 installer, sans nouveau c\u00e2blage ni travaux de grande ampleur.\" \/>\n<meta name=\"robots\" content=\"index, follow, max-snippet:-1, max-image-preview:large, max-video-preview:-1\" \/>\n<link rel=\"canonical\" href=\"https:\/\/onesmartcontrol.com\/fr\/un-concept-gagnant-pour-tous\/\" \/>\n<meta property=\"og:locale\" content=\"fr_FR\" \/>\n<meta property=\"og:type\" content=\"article\" \/>\n<meta property=\"og:title\" content=\"Un concept gagnant pour tous - ONE smart control\" \/>\n<meta property=\"og:description\" content=\"ONE Smart Control transforme comme par magie votre \u00e9lectricit\u00e9 en un r\u00e9seau puissant et intelligent. Profitez d\u00e8s maintenant d\u2019une plus grande polyvalence de vos prises et interrupteurs. Allumer et \u00e9teindre votre \u00e9clairage de mani\u00e8re group\u00e9e, r\u00e9gler votre chauffage \u00e0 distance, commander votre musique avec votre smartphone\u2026 Le syst\u00e8me est, en outre, tr\u00e8s facile \u00e0 installer, sans nouveau c\u00e2blage ni travaux de grande ampleur.\" \/>\n<meta property=\"og:url\" content=\"https:\/\/onesmartcontrol.com\/fr\/un-concept-gagnant-pour-tous\/\" \/>\n<meta property=\"og:site_name\" content=\"- ONE smart control\" \/>\n<meta property=\"article:modified_time\" content=\"2019-07-23T13:48:49+00:00\" \/>\n<meta name=\"twitter:label1\" content=\"Dur\u00e9e de lecture est.\" \/>\n\t<meta name=\"twitter:data1\" content=\"4 minutes\" \/>\n<script type=\"application\/ld+json\" class=\"yoast-schema-graph\">{\"@context\":\"https:\\\/\\\/schema.org\",\"@graph\":[{\"@type\":\"WebPage\",\"@id\":\"https:\\\/\\\/onesmartcontrol.com\\\/fr\\\/un-concept-gagnant-pour-tous\\\/\",\"url\":\"https:\\\/\\\/onesmartcontrol.com\\\/fr\\\/un-concept-gagnant-pour-tous\\\/\",\"name\":\"Un concept gagnant pour tous - ONE smart control\",\"isPartOf\":{\"@id\":\"https:\\\/\\\/onesmartcontrol.com\\\/#website\"},\"datePublished\":\"2019-07-17T13:55:27+00:00\",\"dateModified\":\"2019-07-23T13:48:49+00:00\",\"description\":\"ONE Smart Control transforme comme par magie votre \u00e9lectricit\u00e9 en un r\u00e9seau puissant et intelligent. Profitez d\u00e8s maintenant d\u2019une plus grande polyvalence de vos prises et interrupteurs. Allumer et \u00e9teindre votre \u00e9clairage de mani\u00e8re group\u00e9e, r\u00e9gler votre chauffage \u00e0 distance, commander votre musique avec votre smartphone\u2026 Le syst\u00e8me est, en outre, tr\u00e8s facile \u00e0 installer, sans nouveau c\u00e2blage ni travaux de grande ampleur.\",\"breadcrumb\":{\"@id\":\"https:\\\/\\\/onesmartcontrol.com\\\/fr\\\/un-concept-gagnant-pour-tous\\\/#breadcrumb\"},\"inLanguage\":\"fr-BE\",\"potentialAction\":[{\"@type\":\"ReadAction\",\"target\":[\"https:\\\/\\\/onesmartcontrol.com\\\/fr\\\/un-concept-gagnant-pour-tous\\\/\"]}]},{\"@type\":\"BreadcrumbList\",\"@id\":\"https:\\\/\\\/onesmartcontrol.com\\\/fr\\\/un-concept-gagnant-pour-tous\\\/#breadcrumb\",\"itemListElement\":[{\"@type\":\"ListItem\",\"position\":1,\"name\":\"Home\",\"item\":\"https:\\\/\\\/onesmartcontrol.com\\\/fr\\\/\"},{\"@type\":\"ListItem\",\"position\":2,\"name\":\"Un concept gagnant pour tous\"}]},{\"@type\":\"WebSite\",\"@id\":\"https:\\\/\\\/onesmartcontrol.com\\\/#website\",\"url\":\"https:\\\/\\\/onesmartcontrol.com\\\/\",\"name\":\"- ONE smart control\",\"description\":\"\",\"potentialAction\":[{\"@type\":\"SearchAction\",\"target\":{\"@type\":\"EntryPoint\",\"urlTemplate\":\"https:\\\/\\\/onesmartcontrol.com\\\/?s={search_term_string}\"},\"query-input\":{\"@type\":\"PropertyValueSpecification\",\"valueRequired\":true,\"valueName\":\"search_term_string\"}}],\"inLanguage\":\"fr-BE\"}]}<\/script>\n<!-- \/ Yoast SEO plugin. -->","yoast_head_json":{"title":"Un concept gagnant pour tous - ONE smart control","description":"ONE Smart Control transforme comme par magie votre \u00e9lectricit\u00e9 en un r\u00e9seau puissant et intelligent. Profitez d\u00e8s maintenant d\u2019une plus grande polyvalence de vos prises et interrupteurs. Allumer et \u00e9teindre votre \u00e9clairage de mani\u00e8re group\u00e9e, r\u00e9gler votre chauffage \u00e0 distance, commander votre musique avec votre smartphone\u2026 Le syst\u00e8me est, en outre, tr\u00e8s facile \u00e0 installer, sans nouveau c\u00e2blage ni travaux de grande ampleur.","robots":{"index":"index","follow":"follow","max-snippet":"max-snippet:-1","max-image-preview":"max-image-preview:large","max-video-preview":"max-video-preview:-1"},"canonical":"https:\/\/onesmartcontrol.com\/fr\/un-concept-gagnant-pour-tous\/","og_locale":"fr_FR","og_type":"article","og_title":"Un concept gagnant pour tous - ONE smart control","og_description":"ONE Smart Control transforme comme par magie votre \u00e9lectricit\u00e9 en un r\u00e9seau puissant et intelligent. Profitez d\u00e8s maintenant d\u2019une plus grande polyvalence de vos prises et interrupteurs. Allumer et \u00e9teindre votre \u00e9clairage de mani\u00e8re group\u00e9e, r\u00e9gler votre chauffage \u00e0 distance, commander votre musique avec votre smartphone\u2026 Le syst\u00e8me est, en outre, tr\u00e8s facile \u00e0 installer, sans nouveau c\u00e2blage ni travaux de grande ampleur.","og_url":"https:\/\/onesmartcontrol.com\/fr\/un-concept-gagnant-pour-tous\/","og_site_name":"- ONE smart control","article_modified_time":"2019-07-23T13:48:49+00:00","twitter_misc":{"Dur\u00e9e de lecture est.":"4 minutes"},"schema":{"@context":"https:\/\/schema.org","@graph":[{"@type":"WebPage","@id":"https:\/\/onesmartcontrol.com\/fr\/un-concept-gagnant-pour-tous\/","url":"https:\/\/onesmartcontrol.com\/fr\/un-concept-gagnant-pour-tous\/","name":"Un concept gagnant pour tous - ONE smart control","isPartOf":{"@id":"https:\/\/onesmartcontrol.com\/#website"},"datePublished":"2019-07-17T13:55:27+00:00","dateModified":"2019-07-23T13:48:49+00:00","description":"ONE Smart Control transforme comme par magie votre \u00e9lectricit\u00e9 en un r\u00e9seau puissant et intelligent. Profitez d\u00e8s maintenant d\u2019une plus grande polyvalence de vos prises et interrupteurs. Allumer et \u00e9teindre votre \u00e9clairage de mani\u00e8re group\u00e9e, r\u00e9gler votre chauffage \u00e0 distance, commander votre musique avec votre smartphone\u2026 Le syst\u00e8me est, en outre, tr\u00e8s facile \u00e0 installer, sans nouveau c\u00e2blage ni travaux de grande ampleur.","breadcrumb":{"@id":"https:\/\/onesmartcontrol.com\/fr\/un-concept-gagnant-pour-tous\/#breadcrumb"},"inLanguage":"fr-BE","potentialAction":[{"@type":"ReadAction","target":["https:\/\/onesmartcontrol.com\/fr\/un-concept-gagnant-pour-tous\/"]}]},{"@type":"BreadcrumbList","@id":"https:\/\/onesmartcontrol.com\/fr\/un-concept-gagnant-pour-tous\/#breadcrumb","itemListElement":[{"@type":"ListItem","position":1,"name":"Home","item":"https:\/\/onesmartcontrol.com\/fr\/"},{"@type":"ListItem","position":2,"name":"Un concept gagnant pour tous"}]},{"@type":"WebSite","@id":"https:\/\/onesmartcontrol.com\/#website","url":"https:\/\/onesmartcontrol.com\/","name":"- ONE smart control","description":"","potentialAction":[{"@type":"SearchAction","target":{"@type":"EntryPoint","urlTemplate":"https:\/\/onesmartcontrol.com\/?s={search_term_string}"},"query-input":{"@type":"PropertyValueSpecification","valueRequired":true,"valueName":"search_term_string"}}],"inLanguage":"fr-BE"}]}},"_links":{"self":[{"href":"https:\/\/onesmartcontrol.com\/fr\/wp-json\/wp\/v2\/pages\/27566","targetHints":{"allow":["GET"]}}],"collection":[{"href":"https:\/\/onesmartcontrol.com\/fr\/wp-json\/wp\/v2\/pages"}],"about":[{"href":"https:\/\/onesmartcontrol.com\/fr\/wp-json\/wp\/v2\/types\/page"}],"author":[{"embeddable":true,"href":"https:\/\/onesmartcontrol.com\/fr\/wp-json\/wp\/v2\/users\/28"}],"replies":[{"embeddable":true,"href":"https:\/\/onesmartcontrol.com\/fr\/wp-json\/wp\/v2\/comments?post=27566"}],"version-history":[{"count":0,"href":"https:\/\/onesmartcontrol.com\/fr\/wp-json\/wp\/v2\/pages\/27566\/revisions"}],"wp:attachment":[{"href":"https:\/\/onesmartcontrol.com\/fr\/wp-json\/wp\/v2\/media?parent=27566"}],"curies":[{"name":"wp","href":"https:\/\/api.w.org\/{rel}","templated":true}]}}