{"id":27574,"date":"2019-07-18T10:02:36","date_gmt":"2019-07-18T08:02:36","guid":{"rendered":"https:\/\/onesmartcontrol.com\/facile-a-utiliser\/"},"modified":"2019-07-18T10:50:41","modified_gmt":"2019-07-18T08:50:41","slug":"facile-a-utiliser","status":"publish","type":"page","link":"https:\/\/onesmartcontrol.com\/fr\/facile-a-utiliser\/","title":{"rendered":"Facile a\u0300 utiliser"},"content":{"rendered":"<p>[vc_row][vc_column][vc_column_text]<\/p>\n<h2><span class=\"title-orange\" style=\"color: #eb5d3e;\">Facile a\u0300 utiliser<\/span><\/h2>\n<p><strong>ONE Smart Control int\u00e8gre \u00e9troitement la supervision de l\u2019\u00e9nergie et le contr\u00f4le du r\u00e9seau \u00e9lectrique avec des fonctionnalit\u00e9s offrant confort et s\u00e9curit\u00e9. Via l\u2019application ou un \u00e9cran tactile, les r\u00e9sidents ont facilement acc\u00e8s \u00e0 toutes les fonctions utiles.<\/strong><\/p>\n<p>[\/vc_column_text][\/vc_column][\/vc_row][vc_row gap=\u00a0\u00bb30&Prime;][vc_column width=\u00a0\u00bb1\/2&Prime;][vc_column_text]<\/p>\n<h3><span class=\"title-black\">L\u2019application ONE Smart Control<\/span><\/h3>\n<p>Avec une application principale sur smartphone ou tablette, les r\u00e9sidents peuvent contr\u00f4ler de mani\u00e8re centralis\u00e9e toutes les fonctions et \u00e9quipements reli\u00e9s au syst\u00e8me. L\u2019application ONE Smart Control est extr\u00eamement ergonomique, intuitive ET rapide.<\/p>\n<h3><span class=\"title-black\">Configuration de l\u2019installation<\/span><\/h3>\n<p>Le technicien configure le niveau de base de l\u2019installation. Les re\u0301sidents peuvent ensuite parame\u0301trer leurs pre\u0301fe\u0301rences personnelles ou re\u0301aliser des ajustements par le biais de l\u2019application, sans que l\u2019intervention d\u2019un technicien soit ne\u0301cessaire.<\/p>\n<h3><span class=\"title-black\">Contro\u0302lez votre domicile<\/span><\/h3>\n<p>L\u2019application intuitive vous permet de contro\u0302ler la lumie\u0300re, le chauffage, les volets, le syste\u0300me audio&#8230; Vous pouvez e\u0301galement intervenir sur le statut de la maison en indiquant si vous e\u0302tes pre\u0301sent ou absent, et de\u0301finir des pe\u0301riodes d\u2019e\u0301veil ou de sommeil.<\/p>\n<p>[\/vc_column_text][\/vc_column][vc_column width=\u00a0\u00bb1\/2&Prime;][vc_column_text]<\/p>\n<h3><span class=\"title-black\">Voir les visiteurs qui se pre\u0301sentent<\/span><\/h3>\n<p>L\u2019application permet au re\u0301sident de voir sur son smartphone qui se pre\u0301sente a\u0300 la porte d\u2019entre\u0301e, parler au visiteur et lui ouvrir l\u2019acce\u0300s. Personne a\u0300 la maison ? Vous pouvez quand me\u0302me, a\u0300 distance, laisser entrer le personnel de me\u0301nage ou encore un livreur.<\/p>\n<h3><span class=\"title-black\">Traquer votre production et consommation d\u2019e\u0301nergie<\/span><\/h3>\n<p>L\u2019application vous offre, en tant que re\u0301sident, une vision synthe\u0301tique et claire de l\u2019e\u0301nergie consomme\u0301e par le chauffage, la pompe a\u0300 chaleur, la climatisation&#8230; Vous pouvez aussi l\u2019utiliser pour surveiller l\u2019e\u0301nergie produite par les panneaux solaires. Le chauffage ne\u0301cessite-t-il une re\u0301vision ? Est-ce que la climatisation consomme soudain plus d\u2019e\u0301nergie qu\u2019avant ? L\u2019application vous en informera.<\/p>\n<p>[\/vc_column_text][\/vc_column][\/vc_row][vc_row el_class=\u00a0\u00bbcaption-anchor\u00a0\u00bb][vc_column][vc_single_image image=\u00a0\u00bb27210&Prime; img_size=\u00a0\u00bbfull\u00a0\u00bb][vc_column_text el_class=\u00a0\u00bbimage-caption-bottom-left\u00a0\u00bb]<\/p>\n<p style=\"text-align: left;\">L\u2019application gratuite est disponible sous iOS et Android<\/p>\n<p>[\/vc_column_text][\/vc_column][\/vc_row][vc_row gap=\u00a0\u00bb30&Prime;][vc_column width=\u00a0\u00bb1\/2&Prime;][vc_single_image image=\u00a0\u00bb27245&Prime; img_size=\u00a0\u00bbfull\u00a0\u00bb][vc_column_text]<\/p>\n<h3><span class=\"title-black\">Touch<\/span><\/h3>\n<p>Avec l\u2019e\u0301cran tactile Touch, vous be\u0301ne\u0301ficiez du contro\u0302le centralise\u0301 de toutes les fonctions et e\u0301quipements connecte\u0301s du domicile.<\/p>\n<p>Vous communiquez avec vos visiteurs et leur ouvrez l\u2019acce\u0300s, pouvez surveiller la consommation d\u2019e\u0301nergie au sein de la maison et la production d\u2019e\u0301nergie des panneaux solaires, etc. Avec le thermostat embarque\u0301, un thermostat supple\u0301mentaire dans la pie\u0300ce devient inutile.<\/p>\n<p>[\/vc_column_text][vc_single_image image=\u00a0\u00bb27228&Prime; img_size=\u00a0\u00bbfull\u00a0\u00bb][vc_column_text]<\/p>\n<h3><span class=\"title-black\">Capteur de confort<\/span><\/h3>\n<p>Vous voulez toujours b\u00e9n\u00e9ficier d\u2019un confort optimum dans votre int\u00e9rieur ? Le capteur de confort offre de multiples fonctions. Il contr\u00f4le le chauffage et la climatisation. Il allume la lumi\u00e8re quand vous p\u00e9n\u00e9trez dans la pi\u00e8ce et surveille votre int\u00e9rieur quand vous \u00eates absent.<\/p>\n<p>[\/vc_column_text][\/vc_column][vc_column width=\u00a0\u00bb1\/2&Prime;][vc_single_image image=\u00a0\u00bb27236&Prime; img_size=\u00a0\u00bbfull\u00a0\u00bb][vc_column_text]<\/p>\n<h3><span class=\"title-black\">Visiophone a\u0300 l\u2019entre\u0301e<\/span><\/h3>\n<p>Le visiophone vous permet facilement de communiquer avec vos visiteurs. La came\u0301ra a\u0300 130\u00b0 et l\u2019e\u0301clairage d\u2019orientation vous assurent une parfaite visibilite\u0301 de jour comme de nuit. Rien ne peut ainsi vous e\u0301chapper.<\/p>\n<p>Le visiophone prend e\u0301galement une photo et une vide\u0301o de la personne qui sonne a\u0300 la porte. De plus, gra\u0302ce a\u0300 la reconnaissance faciale, le visiophone reconnait les personnes autorise\u0301es a\u0300 acce\u0301der au domicile..<\/p>\n<p>[\/vc_column_text][vc_empty_space height=\u00a0\u00bb100px\u00a0\u00bb][vc_column_text]<\/p>\n<p style=\"text-align: left; color: #eb5d3e; text-transform: uppercase; font-size: 24px;\"><strong>Un design e\u0301pure\u0301 et e\u0301le\u0301gant qui convient a\u0300 tous les inte\u0301rieurs<\/strong><\/p>\n<p>[\/vc_column_text][\/vc_column][\/vc_row]<\/p>\n<p>[vc_row][vc_column][vc_column_text]<\/p>\n<h2 style=\"text-align: center;\"><a href=\"https:\/\/onesmartcontrol.com\/fr\/references-clients\/\"><span style=\"text-decoration: underline;\"><span class=\"title-orange\" style=\"color: #eb5d3e; text-decoration: underline;\">Lire la suite: R\u00e9f\u00e9rences clients<\/span><\/span><\/a><\/h2>\n<p>[\/vc_column_text][\/vc_column][\/vc_row]<\/p>\n","protected":false},"excerpt":{"rendered":"<p>[vc_row][vc_column][vc_column_text] Facile a\u0300 utiliser ONE Smart Control int\u00e8gre \u00e9troitement la supervision de l\u2019\u00e9nergie et le contr\u00f4le du r\u00e9seau \u00e9lectrique avec des fonctionnalit\u00e9s offrant confort et s\u00e9curit\u00e9. Via l\u2019application ou un \u00e9cran tactile, les r\u00e9sidents ont facilement acc\u00e8s \u00e0 toutes les fonctions utiles. [\/vc_column_text][\/vc_column][\/vc_row][vc_row gap=\u00a0\u00bb30&Prime;][vc_column width=\u00a0\u00bb1\/2&Prime;][vc_column_text] L\u2019application ONE Smart Control Avec une application principale sur smartphone&#8230;<\/p>\n","protected":false},"author":28,"featured_media":0,"parent":0,"menu_order":0,"comment_status":"closed","ping_status":"closed","template":"","meta":{"_acf_changed":false,"_monsterinsights_skip_tracking":false,"_monsterinsights_sitenote_active":false,"_monsterinsights_sitenote_note":"","_monsterinsights_sitenote_category":0,"footnotes":""},"class_list":["post-27574","page","type-page","status-publish","hentry"],"acf":[],"yoast_head":"<!-- This site is optimized with the Yoast SEO plugin v27.4 - https:\/\/yoast.com\/product\/yoast-seo-wordpress\/ -->\n<title>Facile a\u0300 utiliser - ONE smart control<\/title>\n<meta name=\"description\" content=\"ONE Smart Control transforme comme par magie votre \u00e9lectricit\u00e9 en un r\u00e9seau puissant et intelligent. Profitez d\u00e8s maintenant d\u2019une plus grande polyvalence de vos prises et interrupteurs. Allumer et \u00e9teindre votre \u00e9clairage de mani\u00e8re group\u00e9e, r\u00e9gler votre chauffage \u00e0 distance, commander votre musique avec votre smartphone\u2026 Le syst\u00e8me est, en outre, tr\u00e8s facile \u00e0 installer, sans nouveau c\u00e2blage ni travaux de grande ampleur.\" \/>\n<meta name=\"robots\" content=\"index, follow, max-snippet:-1, max-image-preview:large, max-video-preview:-1\" \/>\n<link rel=\"canonical\" href=\"https:\/\/onesmartcontrol.com\/fr\/facile-a-utiliser\/\" \/>\n<meta property=\"og:locale\" content=\"fr_FR\" \/>\n<meta property=\"og:type\" content=\"article\" \/>\n<meta property=\"og:title\" content=\"Facile a\u0300 utiliser - ONE smart control\" \/>\n<meta property=\"og:description\" content=\"ONE Smart Control transforme comme par magie votre \u00e9lectricit\u00e9 en un r\u00e9seau puissant et intelligent. Profitez d\u00e8s maintenant d\u2019une plus grande polyvalence de vos prises et interrupteurs. Allumer et \u00e9teindre votre \u00e9clairage de mani\u00e8re group\u00e9e, r\u00e9gler votre chauffage \u00e0 distance, commander votre musique avec votre smartphone\u2026 Le syst\u00e8me est, en outre, tr\u00e8s facile \u00e0 installer, sans nouveau c\u00e2blage ni travaux de grande ampleur.\" \/>\n<meta property=\"og:url\" content=\"https:\/\/onesmartcontrol.com\/fr\/facile-a-utiliser\/\" \/>\n<meta property=\"og:site_name\" content=\"- ONE smart control\" \/>\n<meta property=\"article:modified_time\" content=\"2019-07-18T08:50:41+00:00\" \/>\n<meta name=\"twitter:label1\" content=\"Dur\u00e9e de lecture est.\" \/>\n\t<meta name=\"twitter:data1\" content=\"4 minutes\" \/>\n<script type=\"application\/ld+json\" class=\"yoast-schema-graph\">{\"@context\":\"https:\\\/\\\/schema.org\",\"@graph\":[{\"@type\":\"WebPage\",\"@id\":\"https:\\\/\\\/onesmartcontrol.com\\\/fr\\\/facile-a-utiliser\\\/\",\"url\":\"https:\\\/\\\/onesmartcontrol.com\\\/fr\\\/facile-a-utiliser\\\/\",\"name\":\"Facile a\u0300 utiliser - ONE smart control\",\"isPartOf\":{\"@id\":\"https:\\\/\\\/onesmartcontrol.com\\\/#website\"},\"datePublished\":\"2019-07-18T08:02:36+00:00\",\"dateModified\":\"2019-07-18T08:50:41+00:00\",\"description\":\"ONE Smart Control transforme comme par magie votre \u00e9lectricit\u00e9 en un r\u00e9seau puissant et intelligent. Profitez d\u00e8s maintenant d\u2019une plus grande polyvalence de vos prises et interrupteurs. Allumer et \u00e9teindre votre \u00e9clairage de mani\u00e8re group\u00e9e, r\u00e9gler votre chauffage \u00e0 distance, commander votre musique avec votre smartphone\u2026 Le syst\u00e8me est, en outre, tr\u00e8s facile \u00e0 installer, sans nouveau c\u00e2blage ni travaux de grande ampleur.\",\"breadcrumb\":{\"@id\":\"https:\\\/\\\/onesmartcontrol.com\\\/fr\\\/facile-a-utiliser\\\/#breadcrumb\"},\"inLanguage\":\"fr-BE\",\"potentialAction\":[{\"@type\":\"ReadAction\",\"target\":[\"https:\\\/\\\/onesmartcontrol.com\\\/fr\\\/facile-a-utiliser\\\/\"]}]},{\"@type\":\"BreadcrumbList\",\"@id\":\"https:\\\/\\\/onesmartcontrol.com\\\/fr\\\/facile-a-utiliser\\\/#breadcrumb\",\"itemListElement\":[{\"@type\":\"ListItem\",\"position\":1,\"name\":\"Home\",\"item\":\"https:\\\/\\\/onesmartcontrol.com\\\/fr\\\/\"},{\"@type\":\"ListItem\",\"position\":2,\"name\":\"Facile a\u0300 utiliser\"}]},{\"@type\":\"WebSite\",\"@id\":\"https:\\\/\\\/onesmartcontrol.com\\\/#website\",\"url\":\"https:\\\/\\\/onesmartcontrol.com\\\/\",\"name\":\"- ONE smart control\",\"description\":\"\",\"potentialAction\":[{\"@type\":\"SearchAction\",\"target\":{\"@type\":\"EntryPoint\",\"urlTemplate\":\"https:\\\/\\\/onesmartcontrol.com\\\/?s={search_term_string}\"},\"query-input\":{\"@type\":\"PropertyValueSpecification\",\"valueRequired\":true,\"valueName\":\"search_term_string\"}}],\"inLanguage\":\"fr-BE\"}]}<\/script>\n<!-- \/ Yoast SEO plugin. -->","yoast_head_json":{"title":"Facile a\u0300 utiliser - ONE smart control","description":"ONE Smart Control transforme comme par magie votre \u00e9lectricit\u00e9 en un r\u00e9seau puissant et intelligent. Profitez d\u00e8s maintenant d\u2019une plus grande polyvalence de vos prises et interrupteurs. Allumer et \u00e9teindre votre \u00e9clairage de mani\u00e8re group\u00e9e, r\u00e9gler votre chauffage \u00e0 distance, commander votre musique avec votre smartphone\u2026 Le syst\u00e8me est, en outre, tr\u00e8s facile \u00e0 installer, sans nouveau c\u00e2blage ni travaux de grande ampleur.","robots":{"index":"index","follow":"follow","max-snippet":"max-snippet:-1","max-image-preview":"max-image-preview:large","max-video-preview":"max-video-preview:-1"},"canonical":"https:\/\/onesmartcontrol.com\/fr\/facile-a-utiliser\/","og_locale":"fr_FR","og_type":"article","og_title":"Facile a\u0300 utiliser - ONE smart control","og_description":"ONE Smart Control transforme comme par magie votre \u00e9lectricit\u00e9 en un r\u00e9seau puissant et intelligent. Profitez d\u00e8s maintenant d\u2019une plus grande polyvalence de vos prises et interrupteurs. Allumer et \u00e9teindre votre \u00e9clairage de mani\u00e8re group\u00e9e, r\u00e9gler votre chauffage \u00e0 distance, commander votre musique avec votre smartphone\u2026 Le syst\u00e8me est, en outre, tr\u00e8s facile \u00e0 installer, sans nouveau c\u00e2blage ni travaux de grande ampleur.","og_url":"https:\/\/onesmartcontrol.com\/fr\/facile-a-utiliser\/","og_site_name":"- ONE smart control","article_modified_time":"2019-07-18T08:50:41+00:00","twitter_misc":{"Dur\u00e9e de lecture est.":"4 minutes"},"schema":{"@context":"https:\/\/schema.org","@graph":[{"@type":"WebPage","@id":"https:\/\/onesmartcontrol.com\/fr\/facile-a-utiliser\/","url":"https:\/\/onesmartcontrol.com\/fr\/facile-a-utiliser\/","name":"Facile a\u0300 utiliser - ONE smart control","isPartOf":{"@id":"https:\/\/onesmartcontrol.com\/#website"},"datePublished":"2019-07-18T08:02:36+00:00","dateModified":"2019-07-18T08:50:41+00:00","description":"ONE Smart Control transforme comme par magie votre \u00e9lectricit\u00e9 en un r\u00e9seau puissant et intelligent. Profitez d\u00e8s maintenant d\u2019une plus grande polyvalence de vos prises et interrupteurs. Allumer et \u00e9teindre votre \u00e9clairage de mani\u00e8re group\u00e9e, r\u00e9gler votre chauffage \u00e0 distance, commander votre musique avec votre smartphone\u2026 Le syst\u00e8me est, en outre, tr\u00e8s facile \u00e0 installer, sans nouveau c\u00e2blage ni travaux de grande ampleur.","breadcrumb":{"@id":"https:\/\/onesmartcontrol.com\/fr\/facile-a-utiliser\/#breadcrumb"},"inLanguage":"fr-BE","potentialAction":[{"@type":"ReadAction","target":["https:\/\/onesmartcontrol.com\/fr\/facile-a-utiliser\/"]}]},{"@type":"BreadcrumbList","@id":"https:\/\/onesmartcontrol.com\/fr\/facile-a-utiliser\/#breadcrumb","itemListElement":[{"@type":"ListItem","position":1,"name":"Home","item":"https:\/\/onesmartcontrol.com\/fr\/"},{"@type":"ListItem","position":2,"name":"Facile a\u0300 utiliser"}]},{"@type":"WebSite","@id":"https:\/\/onesmartcontrol.com\/#website","url":"https:\/\/onesmartcontrol.com\/","name":"- ONE smart control","description":"","potentialAction":[{"@type":"SearchAction","target":{"@type":"EntryPoint","urlTemplate":"https:\/\/onesmartcontrol.com\/?s={search_term_string}"},"query-input":{"@type":"PropertyValueSpecification","valueRequired":true,"valueName":"search_term_string"}}],"inLanguage":"fr-BE"}]}},"_links":{"self":[{"href":"https:\/\/onesmartcontrol.com\/fr\/wp-json\/wp\/v2\/pages\/27574","targetHints":{"allow":["GET"]}}],"collection":[{"href":"https:\/\/onesmartcontrol.com\/fr\/wp-json\/wp\/v2\/pages"}],"about":[{"href":"https:\/\/onesmartcontrol.com\/fr\/wp-json\/wp\/v2\/types\/page"}],"author":[{"embeddable":true,"href":"https:\/\/onesmartcontrol.com\/fr\/wp-json\/wp\/v2\/users\/28"}],"replies":[{"embeddable":true,"href":"https:\/\/onesmartcontrol.com\/fr\/wp-json\/wp\/v2\/comments?post=27574"}],"version-history":[{"count":0,"href":"https:\/\/onesmartcontrol.com\/fr\/wp-json\/wp\/v2\/pages\/27574\/revisions"}],"wp:attachment":[{"href":"https:\/\/onesmartcontrol.com\/fr\/wp-json\/wp\/v2\/media?parent=27574"}],"curies":[{"name":"wp","href":"https:\/\/api.w.org\/{rel}","templated":true}]}}