{"id":4495,"date":"2015-09-29T17:00:23","date_gmt":"2015-09-29T15:00:23","guid":{"rendered":"https:\/\/onesmartcontrol.com\/?page_id=4495"},"modified":"2015-10-14T17:39:16","modified_gmt":"2015-10-14T15:39:16","slug":"petits-travaux-grandes-consequences","status":"publish","type":"page","link":"https:\/\/onesmartcontrol.com\/fr\/inspiration\/petits-travaux-grandes-consequences\/","title":{"rendered":"Petits travaux, grandes cons\u00e9quences"},"content":{"rendered":"<p>[vc_row][vc_column][vc_column_text]Lors de la r\u00e9novation de notre maison ouvri\u00e8re, la domotique s\u2019est impos\u00e9e comme une \u00e9vidence. Nous laissions tr\u00e8s souvent la lumi\u00e8re allum\u00e9e dans le couloir ou la salle de bains. Un probl\u00e8me que nous ne pensions pas pouvoir r\u00e9soudre, car nos travaux se limitaient \u00e0 la cuisine et au s\u00e9jour. Pas du tout : avec ONE Smart Control, nous avons pu choisir les points lumineux et les prises \u00e0 int\u00e9grer dans le syst\u00e8me, sans travaux de grande ampleur.<\/p>\n<p>Nous commandons, d\u00e9sormais, presque tous les appareils \u00e9lectriques \u00e0 distance depuis notre salon. Nous r\u00e9glons le thermostat, commandons l\u2019\u00e9clairage de mani\u00e8re centralis\u00e9e\u2026 Et nous pouvons \u00e9teindre et allumer dans le couloir et la salle de bains avec un seul bouton.<\/p>\n<blockquote><p>D\u00e9brancher le fer \u00e0 repasser sans se baisser. Quel bonheur !<\/p><\/blockquote>\n<p>L\u2019aspect le plus pratique ? A coup s\u00fbr, le fer \u00e0 repasser. Il n\u2019est pas \u00e9quip\u00e9 d\u2019un bouton d\u2019allumage et il faut donc retirer la prise. C\u2019est tr\u00e8s ennuyeux. A moins de pouvoir commander cette prise avec un interrupteur, bien s\u00fbr.<\/p>\n<p>Nous avons de bonnes connaissances techniques et nous nous sommes charg\u00e9s de l\u2019installation. Cela ne semblait pas si compliqu\u00e9 : remplacer les interrupteurs par des boutons, monter de petits bo\u00eetiers derri\u00e8re les prises et placer un fusible suppl\u00e9mentaire. M\u00eame la programmation s\u2019est d\u00e9roul\u00e9e comme sur des roulettes.[\/vc_column_text][\/vc_column][\/vc_row]<\/p>\n","protected":false},"excerpt":{"rendered":"<p>[vc_row][vc_column][vc_column_text]Lors de la r\u00e9novation de notre maison ouvri\u00e8re, la domotique s\u2019est impos\u00e9e comme une \u00e9vidence. Nous laissions tr\u00e8s souvent la lumi\u00e8re allum\u00e9e dans le couloir ou la salle de bains. Un probl\u00e8me que nous ne pensions pas pouvoir r\u00e9soudre, car nos travaux se limitaient \u00e0 la cuisine et au s\u00e9jour. Pas du tout : avec&#8230;<\/p>\n","protected":false},"author":28,"featured_media":0,"parent":550,"menu_order":0,"comment_status":"closed","ping_status":"closed","template":"","meta":{"_acf_changed":false,"_monsterinsights_skip_tracking":false,"_monsterinsights_sitenote_active":false,"_monsterinsights_sitenote_note":"","_monsterinsights_sitenote_category":0,"footnotes":""},"class_list":["post-4495","page","type-page","status-publish","hentry"],"acf":[],"yoast_head":"<!-- This site is optimized with the Yoast SEO plugin v27.4 - https:\/\/yoast.com\/product\/yoast-seo-wordpress\/ -->\n<title>Petits travaux, grandes cons\u00e9quences<\/title>\n<meta name=\"description\" content=\"Vous comptez r\u00e9nover votre maison ? L&#039;int\u00e9gration d&#039;un syst\u00e8me domotique pourrait alors s&#039;av\u00e9rer judicieuse. Lisez le t\u00e9moignage d&#039;une famille convaincue\" \/>\n<meta name=\"robots\" content=\"index, follow, max-snippet:-1, max-image-preview:large, max-video-preview:-1\" \/>\n<link rel=\"canonical\" href=\"https:\/\/onesmartcontrol.com\/fr\/inspiration\/petits-travaux-grandes-consequences\/\" \/>\n<meta property=\"og:locale\" content=\"fr_FR\" \/>\n<meta property=\"og:type\" content=\"article\" \/>\n<meta property=\"og:title\" content=\"Petits travaux, grandes cons\u00e9quences\" \/>\n<meta property=\"og:description\" content=\"Vous comptez r\u00e9nover votre maison ? L&#039;int\u00e9gration d&#039;un syst\u00e8me domotique pourrait alors s&#039;av\u00e9rer judicieuse. Lisez le t\u00e9moignage d&#039;une famille convaincue\" \/>\n<meta property=\"og:url\" content=\"https:\/\/onesmartcontrol.com\/fr\/inspiration\/petits-travaux-grandes-consequences\/\" \/>\n<meta property=\"og:site_name\" content=\"- ONE smart control\" \/>\n<meta property=\"article:modified_time\" content=\"2015-10-14T15:39:16+00:00\" \/>\n<meta name=\"twitter:label1\" content=\"Dur\u00e9e de lecture est.\" \/>\n\t<meta name=\"twitter:data1\" content=\"1 minute\" \/>\n<script type=\"application\/ld+json\" class=\"yoast-schema-graph\">{\"@context\":\"https:\\\/\\\/schema.org\",\"@graph\":[{\"@type\":\"WebPage\",\"@id\":\"https:\\\/\\\/onesmartcontrol.com\\\/fr\\\/inspiration\\\/petits-travaux-grandes-consequences\\\/\",\"url\":\"https:\\\/\\\/onesmartcontrol.com\\\/fr\\\/inspiration\\\/petits-travaux-grandes-consequences\\\/\",\"name\":\"Petits travaux, grandes cons\u00e9quences\",\"isPartOf\":{\"@id\":\"https:\\\/\\\/onesmartcontrol.com\\\/#website\"},\"datePublished\":\"2015-09-29T15:00:23+00:00\",\"dateModified\":\"2015-10-14T15:39:16+00:00\",\"description\":\"Vous comptez r\u00e9nover votre maison ? L'int\u00e9gration d'un syst\u00e8me domotique pourrait alors s'av\u00e9rer judicieuse. Lisez le t\u00e9moignage d'une famille convaincue\",\"breadcrumb\":{\"@id\":\"https:\\\/\\\/onesmartcontrol.com\\\/fr\\\/inspiration\\\/petits-travaux-grandes-consequences\\\/#breadcrumb\"},\"inLanguage\":\"fr-BE\",\"potentialAction\":[{\"@type\":\"ReadAction\",\"target\":[\"https:\\\/\\\/onesmartcontrol.com\\\/fr\\\/inspiration\\\/petits-travaux-grandes-consequences\\\/\"]}]},{\"@type\":\"BreadcrumbList\",\"@id\":\"https:\\\/\\\/onesmartcontrol.com\\\/fr\\\/inspiration\\\/petits-travaux-grandes-consequences\\\/#breadcrumb\",\"itemListElement\":[{\"@type\":\"ListItem\",\"position\":1,\"name\":\"Home\",\"item\":\"https:\\\/\\\/onesmartcontrol.com\\\/fr\\\/\"},{\"@type\":\"ListItem\",\"position\":2,\"name\":\"Inspiration\",\"item\":\"https:\\\/\\\/onesmartcontrol.com\\\/fr\\\/inspiration\\\/\"},{\"@type\":\"ListItem\",\"position\":3,\"name\":\"Petits travaux, grandes cons\u00e9quences\"}]},{\"@type\":\"WebSite\",\"@id\":\"https:\\\/\\\/onesmartcontrol.com\\\/#website\",\"url\":\"https:\\\/\\\/onesmartcontrol.com\\\/\",\"name\":\"- ONE smart control\",\"description\":\"\",\"potentialAction\":[{\"@type\":\"SearchAction\",\"target\":{\"@type\":\"EntryPoint\",\"urlTemplate\":\"https:\\\/\\\/onesmartcontrol.com\\\/?s={search_term_string}\"},\"query-input\":{\"@type\":\"PropertyValueSpecification\",\"valueRequired\":true,\"valueName\":\"search_term_string\"}}],\"inLanguage\":\"fr-BE\"}]}<\/script>\n<!-- \/ Yoast SEO plugin. -->","yoast_head_json":{"title":"Petits travaux, grandes cons\u00e9quences","description":"Vous comptez r\u00e9nover votre maison ? L'int\u00e9gration d'un syst\u00e8me domotique pourrait alors s'av\u00e9rer judicieuse. Lisez le t\u00e9moignage d'une famille convaincue","robots":{"index":"index","follow":"follow","max-snippet":"max-snippet:-1","max-image-preview":"max-image-preview:large","max-video-preview":"max-video-preview:-1"},"canonical":"https:\/\/onesmartcontrol.com\/fr\/inspiration\/petits-travaux-grandes-consequences\/","og_locale":"fr_FR","og_type":"article","og_title":"Petits travaux, grandes cons\u00e9quences","og_description":"Vous comptez r\u00e9nover votre maison ? L'int\u00e9gration d'un syst\u00e8me domotique pourrait alors s'av\u00e9rer judicieuse. Lisez le t\u00e9moignage d'une famille convaincue","og_url":"https:\/\/onesmartcontrol.com\/fr\/inspiration\/petits-travaux-grandes-consequences\/","og_site_name":"- ONE smart control","article_modified_time":"2015-10-14T15:39:16+00:00","twitter_misc":{"Dur\u00e9e de lecture est.":"1 minute"},"schema":{"@context":"https:\/\/schema.org","@graph":[{"@type":"WebPage","@id":"https:\/\/onesmartcontrol.com\/fr\/inspiration\/petits-travaux-grandes-consequences\/","url":"https:\/\/onesmartcontrol.com\/fr\/inspiration\/petits-travaux-grandes-consequences\/","name":"Petits travaux, grandes cons\u00e9quences","isPartOf":{"@id":"https:\/\/onesmartcontrol.com\/#website"},"datePublished":"2015-09-29T15:00:23+00:00","dateModified":"2015-10-14T15:39:16+00:00","description":"Vous comptez r\u00e9nover votre maison ? L'int\u00e9gration d'un syst\u00e8me domotique pourrait alors s'av\u00e9rer judicieuse. Lisez le t\u00e9moignage d'une famille convaincue","breadcrumb":{"@id":"https:\/\/onesmartcontrol.com\/fr\/inspiration\/petits-travaux-grandes-consequences\/#breadcrumb"},"inLanguage":"fr-BE","potentialAction":[{"@type":"ReadAction","target":["https:\/\/onesmartcontrol.com\/fr\/inspiration\/petits-travaux-grandes-consequences\/"]}]},{"@type":"BreadcrumbList","@id":"https:\/\/onesmartcontrol.com\/fr\/inspiration\/petits-travaux-grandes-consequences\/#breadcrumb","itemListElement":[{"@type":"ListItem","position":1,"name":"Home","item":"https:\/\/onesmartcontrol.com\/fr\/"},{"@type":"ListItem","position":2,"name":"Inspiration","item":"https:\/\/onesmartcontrol.com\/fr\/inspiration\/"},{"@type":"ListItem","position":3,"name":"Petits travaux, grandes cons\u00e9quences"}]},{"@type":"WebSite","@id":"https:\/\/onesmartcontrol.com\/#website","url":"https:\/\/onesmartcontrol.com\/","name":"- ONE smart control","description":"","potentialAction":[{"@type":"SearchAction","target":{"@type":"EntryPoint","urlTemplate":"https:\/\/onesmartcontrol.com\/?s={search_term_string}"},"query-input":{"@type":"PropertyValueSpecification","valueRequired":true,"valueName":"search_term_string"}}],"inLanguage":"fr-BE"}]}},"_links":{"self":[{"href":"https:\/\/onesmartcontrol.com\/fr\/wp-json\/wp\/v2\/pages\/4495","targetHints":{"allow":["GET"]}}],"collection":[{"href":"https:\/\/onesmartcontrol.com\/fr\/wp-json\/wp\/v2\/pages"}],"about":[{"href":"https:\/\/onesmartcontrol.com\/fr\/wp-json\/wp\/v2\/types\/page"}],"author":[{"embeddable":true,"href":"https:\/\/onesmartcontrol.com\/fr\/wp-json\/wp\/v2\/users\/28"}],"replies":[{"embeddable":true,"href":"https:\/\/onesmartcontrol.com\/fr\/wp-json\/wp\/v2\/comments?post=4495"}],"version-history":[{"count":0,"href":"https:\/\/onesmartcontrol.com\/fr\/wp-json\/wp\/v2\/pages\/4495\/revisions"}],"up":[{"embeddable":true,"href":"https:\/\/onesmartcontrol.com\/fr\/wp-json\/wp\/v2\/pages\/550"}],"wp:attachment":[{"href":"https:\/\/onesmartcontrol.com\/fr\/wp-json\/wp\/v2\/media?parent=4495"}],"curies":[{"name":"wp","href":"https:\/\/api.w.org\/{rel}","templated":true}]}}