{"id":4852,"date":"2015-06-01T11:09:11","date_gmt":"2015-06-01T09:09:11","guid":{"rendered":"https:\/\/onesmartcontrol.com\/faq-2\/"},"modified":"2017-09-11T13:29:38","modified_gmt":"2017-09-11T11:29:38","slug":"faq","status":"publish","type":"page","link":"https:\/\/onesmartcontrol.com\/fr\/faq\/","title":{"rendered":"FAQ"},"content":{"rendered":"<p>[vc_row][vc_column][vc_row_inner][vc_column_inner][vc_column_text]<\/p>\n<h1 class=\"title\"><span class=\"\">\u00a0FAQ<\/span><\/h1>\n<h1 class=\"title\"><\/h1>\n<p>[\/vc_column_text][\/vc_column_inner][\/vc_row_inner][vc_row_inner][vc_column_inner width=\u00a0\u00bb1\/2&Prime;][vc_column_text]<\/p>\n<blockquote><p>Le syst\u00e8me ONE Smart Control peut-il \u00eatre install\u00e9 dans tous les logements ?<\/p><\/blockquote>\n<p>[\/vc_column_text][\/vc_column_inner][vc_column_inner width=\u00a0\u00bb1\/2&Prime;][vc_single_image image=\u00a0\u00bb2301&Prime; img_size=\u00a0\u00bbfull\u00a0\u00bb alignment=\u00a0\u00bbcenter\u00a0\u00bb][\/vc_column_inner][\/vc_row_inner][vc_wp_search][\/vc_column][\/vc_row][vc_row][vc_column][vc_column_text][faq][\/vc_column_text][\/vc_column][\/vc_row]<\/p>\n","protected":false},"excerpt":{"rendered":"<p>[vc_row][vc_column][vc_row_inner][vc_column_inner][vc_column_text] \u00a0FAQ [\/vc_column_text][\/vc_column_inner][\/vc_row_inner][vc_row_inner][vc_column_inner width=\u00a0\u00bb1\/2&Prime;][vc_column_text] Le syst\u00e8me ONE Smart Control peut-il \u00eatre install\u00e9 dans tous les logements ? [\/vc_column_text][\/vc_column_inner][vc_column_inner width=\u00a0\u00bb1\/2&Prime;][vc_single_image image=\u00a0\u00bb2301&Prime; img_size=\u00a0\u00bbfull\u00a0\u00bb alignment=\u00a0\u00bbcenter\u00a0\u00bb][\/vc_column_inner][\/vc_row_inner][vc_wp_search][\/vc_column][\/vc_row][vc_row][vc_column][vc_column_text][faq][\/vc_column_text][\/vc_column][\/vc_row]<\/p>\n","protected":false},"author":28,"featured_media":0,"parent":0,"menu_order":0,"comment_status":"closed","ping_status":"closed","template":"","meta":{"_acf_changed":false,"_monsterinsights_skip_tracking":false,"_monsterinsights_sitenote_active":false,"_monsterinsights_sitenote_note":"","_monsterinsights_sitenote_category":0,"footnotes":""},"class_list":["post-4852","page","type-page","status-publish","hentry"],"acf":[],"yoast_head":"<!-- This site is optimized with the Yoast SEO plugin v27.5 - https:\/\/yoast.com\/product\/yoast-seo-wordpress\/ -->\n<title>FAQ - ONE smart control<\/title>\n<meta name=\"description\" content=\"ONE Smart Control transforme comme par magie votre \u00e9lectricit\u00e9 en un r\u00e9seau puissant et intelligent. Profitez d\u00e8s maintenant d\u2019une plus grande polyvalence de vos prises et interrupteurs. Allumer et \u00e9teindre votre \u00e9clairage de mani\u00e8re group\u00e9e, r\u00e9gler votre chauffage \u00e0 distance, commander votre musique avec votre smartphone\u2026 Le syst\u00e8me est, en outre, tr\u00e8s facile \u00e0 installer, sans nouveau c\u00e2blage ni travaux de grande ampleur.\" \/>\n<meta name=\"robots\" content=\"index, follow, max-snippet:-1, max-image-preview:large, max-video-preview:-1\" \/>\n<link rel=\"canonical\" href=\"https:\/\/onesmartcontrol.com\/fr\/faq\/\" \/>\n<meta property=\"og:locale\" content=\"fr_FR\" \/>\n<meta property=\"og:type\" content=\"article\" \/>\n<meta property=\"og:title\" content=\"FAQ - ONE smart control\" \/>\n<meta property=\"og:description\" content=\"ONE Smart Control transforme comme par magie votre \u00e9lectricit\u00e9 en un r\u00e9seau puissant et intelligent. Profitez d\u00e8s maintenant d\u2019une plus grande polyvalence de vos prises et interrupteurs. Allumer et \u00e9teindre votre \u00e9clairage de mani\u00e8re group\u00e9e, r\u00e9gler votre chauffage \u00e0 distance, commander votre musique avec votre smartphone\u2026 Le syst\u00e8me est, en outre, tr\u00e8s facile \u00e0 installer, sans nouveau c\u00e2blage ni travaux de grande ampleur.\" \/>\n<meta property=\"og:url\" content=\"https:\/\/onesmartcontrol.com\/fr\/faq\/\" \/>\n<meta property=\"og:site_name\" content=\"- ONE smart control\" \/>\n<meta property=\"article:modified_time\" content=\"2017-09-11T11:29:38+00:00\" \/>\n<script type=\"application\/ld+json\" class=\"yoast-schema-graph\">{\"@context\":\"https:\\\/\\\/schema.org\",\"@graph\":[{\"@type\":\"WebPage\",\"@id\":\"https:\\\/\\\/onesmartcontrol.com\\\/fr\\\/faq\\\/\",\"url\":\"https:\\\/\\\/onesmartcontrol.com\\\/fr\\\/faq\\\/\",\"name\":\"FAQ - ONE smart control\",\"isPartOf\":{\"@id\":\"https:\\\/\\\/onesmartcontrol.com\\\/#website\"},\"datePublished\":\"2015-06-01T09:09:11+00:00\",\"dateModified\":\"2017-09-11T11:29:38+00:00\",\"description\":\"ONE Smart Control transforme comme par magie votre \u00e9lectricit\u00e9 en un r\u00e9seau puissant et intelligent. Profitez d\u00e8s maintenant d\u2019une plus grande polyvalence de vos prises et interrupteurs. Allumer et \u00e9teindre votre \u00e9clairage de mani\u00e8re group\u00e9e, r\u00e9gler votre chauffage \u00e0 distance, commander votre musique avec votre smartphone\u2026 Le syst\u00e8me est, en outre, tr\u00e8s facile \u00e0 installer, sans nouveau c\u00e2blage ni travaux de grande ampleur.\",\"breadcrumb\":{\"@id\":\"https:\\\/\\\/onesmartcontrol.com\\\/fr\\\/faq\\\/#breadcrumb\"},\"inLanguage\":\"fr-BE\",\"potentialAction\":[{\"@type\":\"ReadAction\",\"target\":[\"https:\\\/\\\/onesmartcontrol.com\\\/fr\\\/faq\\\/\"]}]},{\"@type\":\"BreadcrumbList\",\"@id\":\"https:\\\/\\\/onesmartcontrol.com\\\/fr\\\/faq\\\/#breadcrumb\",\"itemListElement\":[{\"@type\":\"ListItem\",\"position\":1,\"name\":\"Home\",\"item\":\"https:\\\/\\\/onesmartcontrol.com\\\/fr\\\/\"},{\"@type\":\"ListItem\",\"position\":2,\"name\":\"FAQ\"}]},{\"@type\":\"WebSite\",\"@id\":\"https:\\\/\\\/onesmartcontrol.com\\\/#website\",\"url\":\"https:\\\/\\\/onesmartcontrol.com\\\/\",\"name\":\"- ONE smart control\",\"description\":\"\",\"potentialAction\":[{\"@type\":\"SearchAction\",\"target\":{\"@type\":\"EntryPoint\",\"urlTemplate\":\"https:\\\/\\\/onesmartcontrol.com\\\/?s={search_term_string}\"},\"query-input\":{\"@type\":\"PropertyValueSpecification\",\"valueRequired\":true,\"valueName\":\"search_term_string\"}}],\"inLanguage\":\"fr-BE\"}]}<\/script>\n<!-- \/ Yoast SEO plugin. -->","yoast_head_json":{"title":"FAQ - ONE smart control","description":"ONE Smart Control transforme comme par magie votre \u00e9lectricit\u00e9 en un r\u00e9seau puissant et intelligent. Profitez d\u00e8s maintenant d\u2019une plus grande polyvalence de vos prises et interrupteurs. Allumer et \u00e9teindre votre \u00e9clairage de mani\u00e8re group\u00e9e, r\u00e9gler votre chauffage \u00e0 distance, commander votre musique avec votre smartphone\u2026 Le syst\u00e8me est, en outre, tr\u00e8s facile \u00e0 installer, sans nouveau c\u00e2blage ni travaux de grande ampleur.","robots":{"index":"index","follow":"follow","max-snippet":"max-snippet:-1","max-image-preview":"max-image-preview:large","max-video-preview":"max-video-preview:-1"},"canonical":"https:\/\/onesmartcontrol.com\/fr\/faq\/","og_locale":"fr_FR","og_type":"article","og_title":"FAQ - ONE smart control","og_description":"ONE Smart Control transforme comme par magie votre \u00e9lectricit\u00e9 en un r\u00e9seau puissant et intelligent. Profitez d\u00e8s maintenant d\u2019une plus grande polyvalence de vos prises et interrupteurs. Allumer et \u00e9teindre votre \u00e9clairage de mani\u00e8re group\u00e9e, r\u00e9gler votre chauffage \u00e0 distance, commander votre musique avec votre smartphone\u2026 Le syst\u00e8me est, en outre, tr\u00e8s facile \u00e0 installer, sans nouveau c\u00e2blage ni travaux de grande ampleur.","og_url":"https:\/\/onesmartcontrol.com\/fr\/faq\/","og_site_name":"- ONE smart control","article_modified_time":"2017-09-11T11:29:38+00:00","schema":{"@context":"https:\/\/schema.org","@graph":[{"@type":"WebPage","@id":"https:\/\/onesmartcontrol.com\/fr\/faq\/","url":"https:\/\/onesmartcontrol.com\/fr\/faq\/","name":"FAQ - ONE smart control","isPartOf":{"@id":"https:\/\/onesmartcontrol.com\/#website"},"datePublished":"2015-06-01T09:09:11+00:00","dateModified":"2017-09-11T11:29:38+00:00","description":"ONE Smart Control transforme comme par magie votre \u00e9lectricit\u00e9 en un r\u00e9seau puissant et intelligent. Profitez d\u00e8s maintenant d\u2019une plus grande polyvalence de vos prises et interrupteurs. Allumer et \u00e9teindre votre \u00e9clairage de mani\u00e8re group\u00e9e, r\u00e9gler votre chauffage \u00e0 distance, commander votre musique avec votre smartphone\u2026 Le syst\u00e8me est, en outre, tr\u00e8s facile \u00e0 installer, sans nouveau c\u00e2blage ni travaux de grande ampleur.","breadcrumb":{"@id":"https:\/\/onesmartcontrol.com\/fr\/faq\/#breadcrumb"},"inLanguage":"fr-BE","potentialAction":[{"@type":"ReadAction","target":["https:\/\/onesmartcontrol.com\/fr\/faq\/"]}]},{"@type":"BreadcrumbList","@id":"https:\/\/onesmartcontrol.com\/fr\/faq\/#breadcrumb","itemListElement":[{"@type":"ListItem","position":1,"name":"Home","item":"https:\/\/onesmartcontrol.com\/fr\/"},{"@type":"ListItem","position":2,"name":"FAQ"}]},{"@type":"WebSite","@id":"https:\/\/onesmartcontrol.com\/#website","url":"https:\/\/onesmartcontrol.com\/","name":"- ONE smart control","description":"","potentialAction":[{"@type":"SearchAction","target":{"@type":"EntryPoint","urlTemplate":"https:\/\/onesmartcontrol.com\/?s={search_term_string}"},"query-input":{"@type":"PropertyValueSpecification","valueRequired":true,"valueName":"search_term_string"}}],"inLanguage":"fr-BE"}]}},"_links":{"self":[{"href":"https:\/\/onesmartcontrol.com\/fr\/wp-json\/wp\/v2\/pages\/4852","targetHints":{"allow":["GET"]}}],"collection":[{"href":"https:\/\/onesmartcontrol.com\/fr\/wp-json\/wp\/v2\/pages"}],"about":[{"href":"https:\/\/onesmartcontrol.com\/fr\/wp-json\/wp\/v2\/types\/page"}],"author":[{"embeddable":true,"href":"https:\/\/onesmartcontrol.com\/fr\/wp-json\/wp\/v2\/users\/28"}],"replies":[{"embeddable":true,"href":"https:\/\/onesmartcontrol.com\/fr\/wp-json\/wp\/v2\/comments?post=4852"}],"version-history":[{"count":0,"href":"https:\/\/onesmartcontrol.com\/fr\/wp-json\/wp\/v2\/pages\/4852\/revisions"}],"wp:attachment":[{"href":"https:\/\/onesmartcontrol.com\/fr\/wp-json\/wp\/v2\/media?parent=4852"}],"curies":[{"name":"wp","href":"https:\/\/api.w.org\/{rel}","templated":true}]}}