{"id":26419,"date":"2018-08-13T16:46:57","date_gmt":"2018-08-13T14:46:57","guid":{"rendered":"https:\/\/onesmartcontrol.com\/ro\/?page_id=26419"},"modified":"2018-09-18T14:25:24","modified_gmt":"2018-09-18T12:25:24","slug":"muzica","status":"publish","type":"page","link":"https:\/\/onesmartcontrol.com\/ro\/functies-domoticasysteem\/muzica\/","title":{"rendered":"Muzica"},"content":{"rendered":"<p>[vc_row][vc_column][vc_row_inner][vc_column_inner][vc_single_image image=&#8221;4814&#8243; img_size=&#8221;full&#8221; alignment=&#8221;center&#8221;][\/vc_column_inner][\/vc_row_inner][vc_column_text]<\/p>\n<h1 class=\"title\">Sistemul one smart este muzica pentru sufletul t\u0103u<\/h1>\n<p>[\/vc_column_text][\/vc_column][\/vc_row][vc_row][vc_column][vc_column_text]<\/p>\n<p style=\"text-align: center;\"><strong>Muzica face oamenii mai ferici\u021bi. <b><span lang=\"EN-US\">Aceasta nu este doar parerea noastr<\/span><\/b><b><span lang=\"EN-US\">\u0103<\/span><\/b><b><span lang=\"EN-US\"> &#8211; a fost, de asemenea, dovedit <\/span><\/b><b><span lang=\"EN-US\">\u0219<\/span><\/b><b><span lang=\"EN-US\">tiin<\/span><\/b><b><span lang=\"EN-US\">\u021b<\/span><\/b><b><span lang=\"EN-US\">ific<\/span><\/b><b><span lang=\"EN-US\">.<\/span><\/b> Acesta este motivul pentru care este important pentru noi ca ONE Smart Control s\u0103 ofere, de asemenea, un acces facil la melodiile preferate &#8211; oriunde \u00een cas\u0103.<\/strong><\/p>\n<p>[\/vc_column_text][\/vc_column][\/vc_row][vc_row][vc_column width=&#8221;1\/2&#8243;][vc_column_text]<\/p>\n<h3><img decoding=\"async\" src=\"\/wp-content\/uploads\/2013\/01\/Muziek.png\" alt=\"\" \/> Muzica ta peste tot<\/h3>\n<p>Dup\u0103 o zi lung\u0103 de lucru, v\u0103 sim\u021bi\u021bi cu adev\u0103rat acas\u0103 dac\u0103 pute\u021bi s\u0103 asculta\u021bi muzica preferat\u0103. Pornirea muzicii cu ONE Smart Control este la fel de simpl\u0103 precum ap\u0103sarea unui singur buton.[\/vc_column_text][\/vc_column][vc_column width=&#8221;1\/2&#8243;][vc_column_text]<\/p>\n<h3><img decoding=\"async\" src=\"\/wp-content\/uploads\/2013\/01\/Muziek.png\" alt=\"\" \/> Muzica favorit\u0103 g\u0103sit\u0103 rapid<\/h3>\n<p>Pute\u021bi s\u0103 adaugati cu u\u0219urin\u021b\u0103 propria voastra baz\u0103 de date muzical\u0103 la sistemul de automatizare ONE Smart Control. Software-ul intuitiv v\u0103 las\u0103 s\u0103 controlati u\u0219or muzica cu smartphone-ul. Piesa sau albumul potrivit &#8230; Perfecte \u00een timp ce g\u0103ti\u021bi.[\/vc_column_text][\/vc_column][\/vc_row][vc_row][vc_column width=&#8221;1\/2&#8243;][vc_column_text]<\/p>\n<h3><img decoding=\"async\" src=\"\/wp-content\/uploads\/2013\/01\/Muziek.png\" alt=\"\" \/> Bun\u0103 diminea\u021ba<\/h3>\n<p>Nimic nu este la fel de pl\u0103cut ca \u0219i trezirea relaxant\u0103. Ve\u021bi fi trezit de melodia preferat\u0103, perdelele se vor deschide automat \u0219i luminile se vor aprinde la o intensitate redus\u0103. C\u00e2t de relaxant.[\/vc_column_text][\/vc_column][vc_column width=&#8221;1\/2&#8243;][vc_column_text]<\/p>\n<h3><img decoding=\"async\" src=\"\/wp-content\/uploads\/2013\/01\/Muziek.png\" alt=\"\" \/> Controlul dup\u0103 ce pleci de acas\u0103<\/h3>\n<p>Ultima persoan\u0103 care va p\u0103r\u0103si casa poate opri orice lumin\u0103 \u0219i toate playerele muzicale cu un singur buton. Niciun device muzical nu va mai func\u021biona \u00een timpul absen\u021bei dumneavoastr\u0103.[\/vc_column_text][\/vc_column][\/vc_row]<\/p>\n","protected":false},"excerpt":{"rendered":"<p>[vc_row][vc_column][vc_row_inner][vc_column_inner][vc_single_image image=&#8221;4814&#8243; img_size=&#8221;full&#8221; alignment=&#8221;center&#8221;][\/vc_column_inner][\/vc_row_inner][vc_column_text] Sistemul one smart este muzica pentru sufletul t\u0103u [\/vc_column_text][\/vc_column][\/vc_row][vc_row][vc_column][vc_column_text] Muzica face oamenii mai ferici\u021bi. Aceasta nu este doar parerea noastr\u0103 &#8211; a fost, de asemenea, dovedit \u0219tiin\u021bific. Acesta este motivul pentru care este important pentru noi ca ONE Smart Control s\u0103 ofere, de asemenea, un acces facil la melodiile preferate &#8211;&#8230;<\/p>\n","protected":false},"author":28,"featured_media":0,"parent":26369,"menu_order":4,"comment_status":"closed","ping_status":"closed","template":"","meta":{"_acf_changed":false,"_monsterinsights_skip_tracking":false,"_monsterinsights_sitenote_active":false,"_monsterinsights_sitenote_note":"","_monsterinsights_sitenote_category":0,"footnotes":""},"class_list":["post-26419","page","type-page","status-publish","hentry"],"acf":[],"yoast_head":"<!-- This site is optimized with the Yoast SEO plugin v27.5 - https:\/\/yoast.com\/product\/yoast-seo-wordpress\/ -->\n<title>Muzica - ONE smart control<\/title>\n<meta name=\"description\" content=\"ONE Smart Control tovert je elektriciteit om in een krachtig en slim netwerk. Alle drukknoppen en stopcontacten worden veelzijdiger dan ooit. Lichten gegroepeerd in- en uitschakelen, verwarming aanzetten vanop afstand, muziek bedienen met de smartphone... Bovendien is het systeem gemakkelijk installeerbaar \u2013 zonder nieuwe bekabeling of breekwerk.\" \/>\n<meta name=\"robots\" content=\"index, follow, max-snippet:-1, max-image-preview:large, max-video-preview:-1\" \/>\n<link rel=\"canonical\" href=\"https:\/\/onesmartcontrol.com\/ro\/functies-domoticasysteem\/muzica\/\" \/>\n<meta property=\"og:locale\" content=\"ro_RO\" \/>\n<meta property=\"og:type\" content=\"article\" \/>\n<meta property=\"og:title\" content=\"Muzica - ONE smart control\" \/>\n<meta property=\"og:description\" content=\"ONE Smart Control tovert je elektriciteit om in een krachtig en slim netwerk. Alle drukknoppen en stopcontacten worden veelzijdiger dan ooit. Lichten gegroepeerd in- en uitschakelen, verwarming aanzetten vanop afstand, muziek bedienen met de smartphone... Bovendien is het systeem gemakkelijk installeerbaar \u2013 zonder nieuwe bekabeling of breekwerk.\" \/>\n<meta property=\"og:url\" content=\"https:\/\/onesmartcontrol.com\/ro\/functies-domoticasysteem\/muzica\/\" \/>\n<meta property=\"og:site_name\" content=\"- ONE smart control\" \/>\n<meta property=\"article:modified_time\" content=\"2018-09-18T12:25:24+00:00\" \/>\n<meta name=\"twitter:label1\" content=\"Timp estimat pentru citire\" \/>\n\t<meta name=\"twitter:data1\" content=\"2 minute\" \/>\n<script type=\"application\/ld+json\" class=\"yoast-schema-graph\">{\"@context\":\"https:\\\/\\\/schema.org\",\"@graph\":[{\"@type\":\"WebPage\",\"@id\":\"https:\\\/\\\/onesmartcontrol.com\\\/ro\\\/functies-domoticasysteem\\\/muzica\\\/\",\"url\":\"https:\\\/\\\/onesmartcontrol.com\\\/ro\\\/functies-domoticasysteem\\\/muzica\\\/\",\"name\":\"Muzica - ONE smart control\",\"isPartOf\":{\"@id\":\"https:\\\/\\\/onesmartcontrol.com\\\/#website\"},\"datePublished\":\"2018-08-13T14:46:57+00:00\",\"dateModified\":\"2018-09-18T12:25:24+00:00\",\"description\":\"ONE Smart Control tovert je elektriciteit om in een krachtig en slim netwerk. Alle drukknoppen en stopcontacten worden veelzijdiger dan ooit. Lichten gegroepeerd in- en uitschakelen, verwarming aanzetten vanop afstand, muziek bedienen met de smartphone... Bovendien is het systeem gemakkelijk installeerbaar \u2013 zonder nieuwe bekabeling of breekwerk.\",\"breadcrumb\":{\"@id\":\"https:\\\/\\\/onesmartcontrol.com\\\/ro\\\/functies-domoticasysteem\\\/muzica\\\/#breadcrumb\"},\"inLanguage\":\"ro-RO\",\"potentialAction\":[{\"@type\":\"ReadAction\",\"target\":[\"https:\\\/\\\/onesmartcontrol.com\\\/ro\\\/functies-domoticasysteem\\\/muzica\\\/\"]}]},{\"@type\":\"BreadcrumbList\",\"@id\":\"https:\\\/\\\/onesmartcontrol.com\\\/ro\\\/functies-domoticasysteem\\\/muzica\\\/#breadcrumb\",\"itemListElement\":[{\"@type\":\"ListItem\",\"position\":1,\"name\":\"Home\",\"item\":\"https:\\\/\\\/onesmartcontrol.com\\\/ro\\\/\"},{\"@type\":\"ListItem\",\"position\":2,\"name\":\"Func\u021bii\",\"item\":\"https:\\\/\\\/onesmartcontrol.com\\\/ro\\\/functies-domoticasysteem\\\/\"},{\"@type\":\"ListItem\",\"position\":3,\"name\":\"Muzica\"}]},{\"@type\":\"WebSite\",\"@id\":\"https:\\\/\\\/onesmartcontrol.com\\\/#website\",\"url\":\"https:\\\/\\\/onesmartcontrol.com\\\/\",\"name\":\"- ONE smart control\",\"description\":\"\",\"potentialAction\":[{\"@type\":\"SearchAction\",\"target\":{\"@type\":\"EntryPoint\",\"urlTemplate\":\"https:\\\/\\\/onesmartcontrol.com\\\/?s={search_term_string}\"},\"query-input\":{\"@type\":\"PropertyValueSpecification\",\"valueRequired\":true,\"valueName\":\"search_term_string\"}}],\"inLanguage\":\"ro-RO\"}]}<\/script>\n<!-- \/ Yoast SEO plugin. -->","yoast_head_json":{"title":"Muzica - ONE smart control","description":"ONE Smart Control tovert je elektriciteit om in een krachtig en slim netwerk. Alle drukknoppen en stopcontacten worden veelzijdiger dan ooit. Lichten gegroepeerd in- en uitschakelen, verwarming aanzetten vanop afstand, muziek bedienen met de smartphone... Bovendien is het systeem gemakkelijk installeerbaar \u2013 zonder nieuwe bekabeling of breekwerk.","robots":{"index":"index","follow":"follow","max-snippet":"max-snippet:-1","max-image-preview":"max-image-preview:large","max-video-preview":"max-video-preview:-1"},"canonical":"https:\/\/onesmartcontrol.com\/ro\/functies-domoticasysteem\/muzica\/","og_locale":"ro_RO","og_type":"article","og_title":"Muzica - ONE smart control","og_description":"ONE Smart Control tovert je elektriciteit om in een krachtig en slim netwerk. Alle drukknoppen en stopcontacten worden veelzijdiger dan ooit. Lichten gegroepeerd in- en uitschakelen, verwarming aanzetten vanop afstand, muziek bedienen met de smartphone... Bovendien is het systeem gemakkelijk installeerbaar \u2013 zonder nieuwe bekabeling of breekwerk.","og_url":"https:\/\/onesmartcontrol.com\/ro\/functies-domoticasysteem\/muzica\/","og_site_name":"- ONE smart control","article_modified_time":"2018-09-18T12:25:24+00:00","twitter_misc":{"Timp estimat pentru citire":"2 minute"},"schema":{"@context":"https:\/\/schema.org","@graph":[{"@type":"WebPage","@id":"https:\/\/onesmartcontrol.com\/ro\/functies-domoticasysteem\/muzica\/","url":"https:\/\/onesmartcontrol.com\/ro\/functies-domoticasysteem\/muzica\/","name":"Muzica - ONE smart control","isPartOf":{"@id":"https:\/\/onesmartcontrol.com\/#website"},"datePublished":"2018-08-13T14:46:57+00:00","dateModified":"2018-09-18T12:25:24+00:00","description":"ONE Smart Control tovert je elektriciteit om in een krachtig en slim netwerk. Alle drukknoppen en stopcontacten worden veelzijdiger dan ooit. Lichten gegroepeerd in- en uitschakelen, verwarming aanzetten vanop afstand, muziek bedienen met de smartphone... Bovendien is het systeem gemakkelijk installeerbaar \u2013 zonder nieuwe bekabeling of breekwerk.","breadcrumb":{"@id":"https:\/\/onesmartcontrol.com\/ro\/functies-domoticasysteem\/muzica\/#breadcrumb"},"inLanguage":"ro-RO","potentialAction":[{"@type":"ReadAction","target":["https:\/\/onesmartcontrol.com\/ro\/functies-domoticasysteem\/muzica\/"]}]},{"@type":"BreadcrumbList","@id":"https:\/\/onesmartcontrol.com\/ro\/functies-domoticasysteem\/muzica\/#breadcrumb","itemListElement":[{"@type":"ListItem","position":1,"name":"Home","item":"https:\/\/onesmartcontrol.com\/ro\/"},{"@type":"ListItem","position":2,"name":"Func\u021bii","item":"https:\/\/onesmartcontrol.com\/ro\/functies-domoticasysteem\/"},{"@type":"ListItem","position":3,"name":"Muzica"}]},{"@type":"WebSite","@id":"https:\/\/onesmartcontrol.com\/#website","url":"https:\/\/onesmartcontrol.com\/","name":"- ONE smart control","description":"","potentialAction":[{"@type":"SearchAction","target":{"@type":"EntryPoint","urlTemplate":"https:\/\/onesmartcontrol.com\/?s={search_term_string}"},"query-input":{"@type":"PropertyValueSpecification","valueRequired":true,"valueName":"search_term_string"}}],"inLanguage":"ro-RO"}]}},"_links":{"self":[{"href":"https:\/\/onesmartcontrol.com\/ro\/wp-json\/wp\/v2\/pages\/26419","targetHints":{"allow":["GET"]}}],"collection":[{"href":"https:\/\/onesmartcontrol.com\/ro\/wp-json\/wp\/v2\/pages"}],"about":[{"href":"https:\/\/onesmartcontrol.com\/ro\/wp-json\/wp\/v2\/types\/page"}],"author":[{"embeddable":true,"href":"https:\/\/onesmartcontrol.com\/ro\/wp-json\/wp\/v2\/users\/28"}],"replies":[{"embeddable":true,"href":"https:\/\/onesmartcontrol.com\/ro\/wp-json\/wp\/v2\/comments?post=26419"}],"version-history":[{"count":0,"href":"https:\/\/onesmartcontrol.com\/ro\/wp-json\/wp\/v2\/pages\/26419\/revisions"}],"up":[{"embeddable":true,"href":"https:\/\/onesmartcontrol.com\/ro\/wp-json\/wp\/v2\/pages\/26369"}],"wp:attachment":[{"href":"https:\/\/onesmartcontrol.com\/ro\/wp-json\/wp\/v2\/media?parent=26419"}],"curies":[{"name":"wp","href":"https:\/\/api.w.org\/{rel}","templated":true}]}}