{"id":26437,"date":"2018-08-13T17:29:06","date_gmt":"2018-08-13T15:29:06","guid":{"rendered":"https:\/\/onesmartcontrol.com\/ro\/?page_id=26437"},"modified":"2018-08-31T14:03:10","modified_gmt":"2018-08-31T12:03:10","slug":"idei-care-va-pot-ajuta","status":"publish","type":"page","link":"https:\/\/onesmartcontrol.com\/ro\/idei-care-va-pot-ajuta\/","title":{"rendered":"Idei care v\u0103 pot ajuta"},"content":{"rendered":"<p>[vc_row][vc_column][vc_column_text]<\/p>\n<div class=\"divider\">Pe l\u00e2ng\u0103 utilizarea facil\u0103 \u0219i far\u0103 probleme a sistemului, pentru noi a fost foarte important \u0219i montajul facil. Instalarea este simpl\u0103 chiar dac\u0103 vorbim despre o cas\u0103 nou\u0103 sau una deja existent\u0103.<\/div>\n<div class=\"full-width\">\n<p>Erwin Van Hoppe, directorul executiv al companiei Van Hoppe Elektriciteitswerken, a instalat sistemul de mai multe ori \u0219i ne vorbe\u0219te despre avantajele sistemului pentru utilizator \u0219i pentru instalatori.<\/p>\n<h2>One folose\u0219te circuitul electric de 230 V existent<\/h2>\n<\/div>\n<div class=\"full-width\"><\/div>\n<div class=\"full-width\"><\/div>\n<p>[\/vc_column_text][vc_row_inner][vc_column_inner width=&#8221;1\/4&#8243;][vc_single_image image=&#8221;25971&#8243; img_size=&#8221;full&#8221; alignment=&#8221;center&#8221;][\/vc_column_inner][vc_column_inner width=&#8221;3\/4&#8243; css=&#8221;.vc_custom_1511790714598{margin-top: -20px !important;}&#8221;][vc_column_text]<\/p>\n<div class=\"full-width\">\n<p>\u00cen trecut am instalat mai multe sisteme alternative Smart Home, dar la toate sistemele instalate inainte de apari\u021bia pe pia\u021b\u0103 a produsului ONE Smart, a fost nevoie s\u0103 instalez cabluri noi. Marele avantaj al sistemului ONE Smart este c\u0103 acesta utilizeaz\u0103 re\u021beaua existent\u0103 de 230 V. Nu avem nevoie de un alt panou electric \u0219i \u00een plus, este necesar\u0103 o cablare mult mai simpl\u0103 dec\u00e2t \u00een cazul unui sistem tradi\u021bional.<\/p>\n<p>Instalarea acestui sistem de automatizare este foarte facil\u0103, practic tot ce trebuie noi ca instalatori s\u0103 facem este s\u0103 montam blocurile terminale \u00een spatele \u00eentrerup\u0103toarelor sau \u00een dozele de distribu\u021bie, lucru care se face foarte rapid. Sistemul modular d\u0103 posibilitatea de a extinde sistemul din camer\u0103 \u00een camer\u0103 sau de a automatiza ulterior mont\u0103rii sistemului doar un bec, ad\u0103ug\u00e2nd blocul terminal \u00een \u00eentrerup\u0103torul de lumin\u0103. Pute\u021bi deci s\u0103 extinde\u021bi sistemul continuu at\u00e2t c\u00e2t considera\u021bi necesar. Pe de alt\u0103 parte ONE Smart v\u0103 permite s\u0103 v\u0103 bucura\u021bi de avantajele oferite de automatizarea inteligent\u0103 la un buget redus. \u00cen viitor vei putea permanent s\u0103 \u00ee\u021bi extinzi sistemul ad\u0103ug\u00e2nd func\u021bii, dispositive sau alte camere.<\/p>\n<\/div>\n<div class=\"full-width\">\n<p>Instalarea simpl\u0103 \u0219i posibilitatea de extindere facil\u0103 nu sunt singurele beneficii oferite de ONE Smart, potrivit spuselor lui Erwin.<\/p>\n<\/div>\n<p>[\/vc_column_text][\/vc_column_inner][\/vc_row_inner][\/vc_column][\/vc_row][vc_row][vc_column][vc_column_text]<\/p>\n<div class=\"full-width\">\n<p>&nbsp;<\/p>\n<h2>Sistemul inteligent ONE Smart v\u0103 ajut\u0103 s\u0103 economisi\u021bi energie<\/h2>\n<p>Principalul avantaj pe care \u00eel are un utilizator de sistem Smart este posibilitatea de a economisi energie. Datorit\u0103 leg\u0103turii dintre blocurile terminale din spatele comutatoarelor \u0219i serverul inteligent Connect ONE, sistemul cunoa\u0219te exact cantitatea de energie utilizat\u0103 \u00een orice moment de orice consumator integrat.<\/p>\n<p>Acest lucru v\u0103 permite s\u0103 modifica\u021bi consumul de energie, fie de acas\u0103 sau de la distan\u021b\u0103. Cu toate acestea, ONE Smart Control merge un pas mai departe. Sistemul v\u0103 va ajuta s\u0103 fi\u021bi mai con\u0219tien\u021bi de energia consumat\u0103. Lua\u021bi \u00een considerare curbele descresc\u0103toare ale luminozit\u0103\u021bii dumneavoastr\u0103: ONE le adapteaz\u0103 automat la iluminarea cu LED-uri \u0219i, ca urmare, luminile consum\u0103 \u0219i mai pu\u021bin\u0103 energie. Nu este \u00eentotdeauna clar pentru dumneavoastr\u0103, unde \u0219i cum a\u021bi putea s\u0103 economisi\u021bi energie, dar sistemul de automatizare ONE g\u0103se\u0219te r\u0103spunsul pentru dumneavoastr\u0103.<\/p>\n<p>\u00cen cur\u00e2nd ve\u021bi avea posibilitatea s\u0103 extinde\u021bi sistemul cu detectoare de prezen\u021b\u0103 \u0219i senzori de temperatur\u0103, a\u0219adar ve\u021bi avea posibilitatea s\u0103 v\u0103 programati \u00eenc\u0103lzirea (\u00eenc\u0103lzirea se va opri la atingerea unei anumite temperaturi sau se va porni dac\u0103 temperatura scade sub o anumit\u0103 limit\u0103 setat\u0103).<\/p>\n<p><a class=\"fancybox\" href=\"\/wp-content\/uploads\/2014\/03\/installatie-domotica-zekeringenkast.jpg\" rel=\"gallery\"><img loading=\"lazy\" decoding=\"async\" class=\"aligncenter size-full wp-image-2438\" src=\"\/wp-content\/uploads\/2014\/03\/installatie-domotica-zekeringenkast.jpg\" alt=\"installatie domotica zekeringenkast\" width=\"1000\" height=\"294\" srcset=\"https:\/\/onesmartcontrol.com\/wp-content\/uploads\/2014\/03\/installatie-domotica-zekeringenkast.jpg 1000w, https:\/\/onesmartcontrol.com\/wp-content\/uploads\/2014\/03\/installatie-domotica-zekeringenkast-300x88.jpg 300w\" sizes=\"auto, (max-width: 1000px) 100vw, 1000px\" \/><\/a><\/p>\n<\/div>\n<div class=\"clear\"><\/div>\n<p>[\/vc_column_text][\/vc_column][\/vc_row]<\/p>\n","protected":false},"excerpt":{"rendered":"<p>[vc_row][vc_column][vc_column_text] Pe l\u00e2ng\u0103 utilizarea facil\u0103 \u0219i far\u0103 probleme a sistemului, pentru noi a fost foarte important \u0219i montajul facil. Instalarea este simpl\u0103 chiar dac\u0103 vorbim despre o cas\u0103 nou\u0103 sau una deja existent\u0103. Erwin Van Hoppe, directorul executiv al companiei Van Hoppe Elektriciteitswerken, a instalat sistemul de mai multe ori \u0219i ne vorbe\u0219te despre avantajele&#8230;<\/p>\n","protected":false},"author":28,"featured_media":0,"parent":0,"menu_order":8,"comment_status":"closed","ping_status":"closed","template":"","meta":{"_acf_changed":false,"_monsterinsights_skip_tracking":false,"_monsterinsights_sitenote_active":false,"_monsterinsights_sitenote_note":"","_monsterinsights_sitenote_category":0,"footnotes":""},"class_list":["post-26437","page","type-page","status-publish","hentry"],"acf":[],"yoast_head":"<!-- This site is optimized with the Yoast SEO plugin v27.5 - https:\/\/yoast.com\/product\/yoast-seo-wordpress\/ -->\n<title>Idei care v\u0103 pot ajuta - ONE smart control<\/title>\n<meta name=\"description\" content=\"ONE Smart Control tovert je elektriciteit om in een krachtig en slim netwerk. Alle drukknoppen en stopcontacten worden veelzijdiger dan ooit. Lichten gegroepeerd in- en uitschakelen, verwarming aanzetten vanop afstand, muziek bedienen met de smartphone... Bovendien is het systeem gemakkelijk installeerbaar \u2013 zonder nieuwe bekabeling of breekwerk.\" \/>\n<meta name=\"robots\" content=\"index, follow, max-snippet:-1, max-image-preview:large, max-video-preview:-1\" \/>\n<link rel=\"canonical\" href=\"https:\/\/onesmartcontrol.com\/ro\/idei-care-va-pot-ajuta\/\" \/>\n<meta property=\"og:locale\" content=\"ro_RO\" \/>\n<meta property=\"og:type\" content=\"article\" \/>\n<meta property=\"og:title\" content=\"Idei care v\u0103 pot ajuta - ONE smart control\" \/>\n<meta property=\"og:description\" content=\"ONE Smart Control tovert je elektriciteit om in een krachtig en slim netwerk. Alle drukknoppen en stopcontacten worden veelzijdiger dan ooit. Lichten gegroepeerd in- en uitschakelen, verwarming aanzetten vanop afstand, muziek bedienen met de smartphone... Bovendien is het systeem gemakkelijk installeerbaar \u2013 zonder nieuwe bekabeling of breekwerk.\" \/>\n<meta property=\"og:url\" content=\"https:\/\/onesmartcontrol.com\/ro\/idei-care-va-pot-ajuta\/\" \/>\n<meta property=\"og:site_name\" content=\"- ONE smart control\" \/>\n<meta property=\"article:modified_time\" content=\"2018-08-31T12:03:10+00:00\" \/>\n<meta name=\"twitter:label1\" content=\"Timp estimat pentru citire\" \/>\n\t<meta name=\"twitter:data1\" content=\"3 minute\" \/>\n<script type=\"application\/ld+json\" class=\"yoast-schema-graph\">{\"@context\":\"https:\\\/\\\/schema.org\",\"@graph\":[{\"@type\":\"WebPage\",\"@id\":\"https:\\\/\\\/onesmartcontrol.com\\\/ro\\\/idei-care-va-pot-ajuta\\\/\",\"url\":\"https:\\\/\\\/onesmartcontrol.com\\\/ro\\\/idei-care-va-pot-ajuta\\\/\",\"name\":\"Idei care v\u0103 pot ajuta - ONE smart control\",\"isPartOf\":{\"@id\":\"https:\\\/\\\/onesmartcontrol.com\\\/#website\"},\"datePublished\":\"2018-08-13T15:29:06+00:00\",\"dateModified\":\"2018-08-31T12:03:10+00:00\",\"description\":\"ONE Smart Control tovert je elektriciteit om in een krachtig en slim netwerk. Alle drukknoppen en stopcontacten worden veelzijdiger dan ooit. Lichten gegroepeerd in- en uitschakelen, verwarming aanzetten vanop afstand, muziek bedienen met de smartphone... Bovendien is het systeem gemakkelijk installeerbaar \u2013 zonder nieuwe bekabeling of breekwerk.\",\"breadcrumb\":{\"@id\":\"https:\\\/\\\/onesmartcontrol.com\\\/ro\\\/idei-care-va-pot-ajuta\\\/#breadcrumb\"},\"inLanguage\":\"ro-RO\",\"potentialAction\":[{\"@type\":\"ReadAction\",\"target\":[\"https:\\\/\\\/onesmartcontrol.com\\\/ro\\\/idei-care-va-pot-ajuta\\\/\"]}]},{\"@type\":\"BreadcrumbList\",\"@id\":\"https:\\\/\\\/onesmartcontrol.com\\\/ro\\\/idei-care-va-pot-ajuta\\\/#breadcrumb\",\"itemListElement\":[{\"@type\":\"ListItem\",\"position\":1,\"name\":\"Home\",\"item\":\"https:\\\/\\\/onesmartcontrol.com\\\/ro\\\/\"},{\"@type\":\"ListItem\",\"position\":2,\"name\":\"Idei care v\u0103 pot ajuta\"}]},{\"@type\":\"WebSite\",\"@id\":\"https:\\\/\\\/onesmartcontrol.com\\\/#website\",\"url\":\"https:\\\/\\\/onesmartcontrol.com\\\/\",\"name\":\"- ONE smart control\",\"description\":\"\",\"potentialAction\":[{\"@type\":\"SearchAction\",\"target\":{\"@type\":\"EntryPoint\",\"urlTemplate\":\"https:\\\/\\\/onesmartcontrol.com\\\/?s={search_term_string}\"},\"query-input\":{\"@type\":\"PropertyValueSpecification\",\"valueRequired\":true,\"valueName\":\"search_term_string\"}}],\"inLanguage\":\"ro-RO\"}]}<\/script>\n<!-- \/ Yoast SEO plugin. -->","yoast_head_json":{"title":"Idei care v\u0103 pot ajuta - ONE smart control","description":"ONE Smart Control tovert je elektriciteit om in een krachtig en slim netwerk. Alle drukknoppen en stopcontacten worden veelzijdiger dan ooit. Lichten gegroepeerd in- en uitschakelen, verwarming aanzetten vanop afstand, muziek bedienen met de smartphone... Bovendien is het systeem gemakkelijk installeerbaar \u2013 zonder nieuwe bekabeling of breekwerk.","robots":{"index":"index","follow":"follow","max-snippet":"max-snippet:-1","max-image-preview":"max-image-preview:large","max-video-preview":"max-video-preview:-1"},"canonical":"https:\/\/onesmartcontrol.com\/ro\/idei-care-va-pot-ajuta\/","og_locale":"ro_RO","og_type":"article","og_title":"Idei care v\u0103 pot ajuta - ONE smart control","og_description":"ONE Smart Control tovert je elektriciteit om in een krachtig en slim netwerk. Alle drukknoppen en stopcontacten worden veelzijdiger dan ooit. Lichten gegroepeerd in- en uitschakelen, verwarming aanzetten vanop afstand, muziek bedienen met de smartphone... Bovendien is het systeem gemakkelijk installeerbaar \u2013 zonder nieuwe bekabeling of breekwerk.","og_url":"https:\/\/onesmartcontrol.com\/ro\/idei-care-va-pot-ajuta\/","og_site_name":"- ONE smart control","article_modified_time":"2018-08-31T12:03:10+00:00","twitter_misc":{"Timp estimat pentru citire":"3 minute"},"schema":{"@context":"https:\/\/schema.org","@graph":[{"@type":"WebPage","@id":"https:\/\/onesmartcontrol.com\/ro\/idei-care-va-pot-ajuta\/","url":"https:\/\/onesmartcontrol.com\/ro\/idei-care-va-pot-ajuta\/","name":"Idei care v\u0103 pot ajuta - ONE smart control","isPartOf":{"@id":"https:\/\/onesmartcontrol.com\/#website"},"datePublished":"2018-08-13T15:29:06+00:00","dateModified":"2018-08-31T12:03:10+00:00","description":"ONE Smart Control tovert je elektriciteit om in een krachtig en slim netwerk. Alle drukknoppen en stopcontacten worden veelzijdiger dan ooit. Lichten gegroepeerd in- en uitschakelen, verwarming aanzetten vanop afstand, muziek bedienen met de smartphone... Bovendien is het systeem gemakkelijk installeerbaar \u2013 zonder nieuwe bekabeling of breekwerk.","breadcrumb":{"@id":"https:\/\/onesmartcontrol.com\/ro\/idei-care-va-pot-ajuta\/#breadcrumb"},"inLanguage":"ro-RO","potentialAction":[{"@type":"ReadAction","target":["https:\/\/onesmartcontrol.com\/ro\/idei-care-va-pot-ajuta\/"]}]},{"@type":"BreadcrumbList","@id":"https:\/\/onesmartcontrol.com\/ro\/idei-care-va-pot-ajuta\/#breadcrumb","itemListElement":[{"@type":"ListItem","position":1,"name":"Home","item":"https:\/\/onesmartcontrol.com\/ro\/"},{"@type":"ListItem","position":2,"name":"Idei care v\u0103 pot ajuta"}]},{"@type":"WebSite","@id":"https:\/\/onesmartcontrol.com\/#website","url":"https:\/\/onesmartcontrol.com\/","name":"- ONE smart control","description":"","potentialAction":[{"@type":"SearchAction","target":{"@type":"EntryPoint","urlTemplate":"https:\/\/onesmartcontrol.com\/?s={search_term_string}"},"query-input":{"@type":"PropertyValueSpecification","valueRequired":true,"valueName":"search_term_string"}}],"inLanguage":"ro-RO"}]}},"_links":{"self":[{"href":"https:\/\/onesmartcontrol.com\/ro\/wp-json\/wp\/v2\/pages\/26437","targetHints":{"allow":["GET"]}}],"collection":[{"href":"https:\/\/onesmartcontrol.com\/ro\/wp-json\/wp\/v2\/pages"}],"about":[{"href":"https:\/\/onesmartcontrol.com\/ro\/wp-json\/wp\/v2\/types\/page"}],"author":[{"embeddable":true,"href":"https:\/\/onesmartcontrol.com\/ro\/wp-json\/wp\/v2\/users\/28"}],"replies":[{"embeddable":true,"href":"https:\/\/onesmartcontrol.com\/ro\/wp-json\/wp\/v2\/comments?post=26437"}],"version-history":[{"count":0,"href":"https:\/\/onesmartcontrol.com\/ro\/wp-json\/wp\/v2\/pages\/26437\/revisions"}],"wp:attachment":[{"href":"https:\/\/onesmartcontrol.com\/ro\/wp-json\/wp\/v2\/media?parent=26437"}],"curies":[{"name":"wp","href":"https:\/\/api.w.org\/{rel}","templated":true}]}}